{"id":3478,"date":"2020-12-02T19:37:09","date_gmt":"2020-12-02T18:37:09","guid":{"rendered":"https:\/\/madelinefashion.pl\/?post_type=product&#038;p=3478"},"modified":"2026-01-20T10:34:47","modified_gmt":"2026-01-20T09:34:47","slug":"bluzka-koronkowa-biala-bw","status":"publish","type":"product","link":"https:\/\/madelinefashion.pl\/en\/product\/bluzka-koronkowa-biala-bw\/","title":{"rendered":"Lace blouse white B&amp;W"},"content":{"rendered":"<h2 style=\"text-align: center;\">Lace blouse white B&amp;W<\/h2>\n<p style=\"text-align: center;\">White Lace Blouse B&amp;W for women - decorated with an elegant one <strong>lace<\/strong>. Suitable for both everyday and more festive occasions. Perfect for ladies in size\u00a0<strong>XS, S, M, L.<\/strong><\/p>\n<h2 style=\"text-align: center;\">\u00a0 \u00a0 \u00a0Dimensions:<\/h2>\n<ul style=\"text-align: center;\">\n<li>overall length: 52 cm<\/li>\n<li>width from armpit to armpit: 42-49 cm<\/li>\n<li>sleeve length from shoulder: 58 cm<\/li>\n<li>sleeve length from armpit: 45 cm<\/li>\n<li>recommended maximum bust circumference: 96 cm<\/li>\n<li><\/li>\n<\/ul>\n<p style=\"text-align: center;\">Dimensions may slightly differ from the given +\/- 2cm. All dimensions given are measured flat.<\/p>\n<table>\n<tbody>\n<tr>\n<td width=\"302\">Model name<\/td>\n<td width=\"302\">Lace blouse B&amp;W<\/td>\n<\/tr>\n<tr>\n<td width=\"302\">Color<\/td>\n<td width=\"302\">White<\/td>\n<\/tr>\n<tr>\n<td width=\"302\">Sizes<\/td>\n<td width=\"302\">Universal<\/td>\n<\/tr>\n<tr>\n<td width=\"302\">Fashion<\/td>\n<td width=\"302\">Matched<\/td>\n<\/tr>\n<tr>\n<td width=\"302\">Material<\/td>\n<td width=\"302\">95 % Polyester 5% Castane<\/td>\n<\/tr>\n<\/tbody>\n<\/table>\n<p>&nbsp;<\/p>\n<p style=\"text-align: center;\">The model has\u00a0<strong>169<\/strong>\u00a0cm tall, wears a size every day\u00a0<strong>S.<\/strong><\/p>\n<p style=\"text-align: center;\">The width at the bust is 92 cm<\/p>\n<p style=\"text-align: center;\">Waist width 62 cm<\/p>\n<p style=\"text-align: center;\">The width at the hips is 94 cm<\/p>\n<p style=\"text-align: center;\">","protected":false},"excerpt":{"rendered":"<p>Bluzka Koronkowa Bia\u0142a B&amp;W Bluzka Koronkowa Bia\u0142a B&amp;W damska\u00a0 &#8211; ozdobiona eleganck\u0105 koronk\u0105. Nadaje si\u0119 zar\u00f3wno na co dzie\u0144, jak i na bardziej \u015bwi\u0105teczne okazje. Idealna dla Pa\u0144 w rozmiarze\u00a0XS,S,M,L. \u00a0 \u00a0 \u00a0Wymiary: d\u0142ugo\u015b\u0107 ca\u0142kowita : 52 cm szeroko\u015b\u0107 od pachy do pachy: 42-49 cm d\u0142ugo\u015b\u0107 r\u0119kawa od ramienia: 58 cm d\u0142ugo\u015b\u0107 r\u0119kawa od pachy:<\/p>\n<div class=\"klb-readmore post-buttons\"><a class=\"button black outline size-sm\" href=\"https:\/\/madelinefashion.pl\/en\/product\/bluzka-koronkowa-biala-bw\/\">Read More <i class=\"klbth-icon-right-arrow\"><\/i><\/a><\/div>","protected":false},"featured_media":58827,"template":"","meta":[],"product_brand":[],"product_cat":[77],"product_tag":[251],"class_list":{"0":"post-3478","1":"product","2":"type-product","3":"status-publish","4":"has-post-thumbnail","6":"product_cat-bluzki","7":"product_tag-bluzka-biala","9":"first","10":"instock","11":"sale","12":"purchasable","13":"product-type-simple"},"_links":{"self":[{"href":"https:\/\/madelinefashion.pl\/en\/wp-json\/wp\/v2\/product\/3478","targetHints":{"allow":["GET"]}}],"collection":[{"href":"https:\/\/madelinefashion.pl\/en\/wp-json\/wp\/v2\/product"}],"about":[{"href":"https:\/\/madelinefashion.pl\/en\/wp-json\/wp\/v2\/types\/product"}],"wp:featuredmedia":[{"embeddable":true,"href":"https:\/\/madelinefashion.pl\/en\/wp-json\/wp\/v2\/media\/58827"}],"wp:attachment":[{"href":"https:\/\/madelinefashion.pl\/en\/wp-json\/wp\/v2\/media?parent=3478"}],"wp:term":[{"taxonomy":"product_brand","embeddable":true,"href":"https:\/\/madelinefashion.pl\/en\/wp-json\/wp\/v2\/product_brand?post=3478"},{"taxonomy":"product_cat","embeddable":true,"href":"https:\/\/madelinefashion.pl\/en\/wp-json\/wp\/v2\/product_cat?post=3478"},{"taxonomy":"product_tag","embeddable":true,"href":"https:\/\/madelinefashion.pl\/en\/wp-json\/wp\/v2\/product_tag?post=3478"}],"curies":[{"name":"wp","href":"https:\/\/api.w.org\/{rel}","templated":true}]}}