{"id":34782,"date":"2022-04-19T18:07:06","date_gmt":"2022-04-19T16:07:06","guid":{"rendered":"https:\/\/madelinefashion.pl\/?post_type=product&#038;p=34782"},"modified":"2026-01-28T15:07:59","modified_gmt":"2026-01-28T14:07:59","slug":"plaszcz-zolty-dlugi-z-flauszu","status":"publish","type":"product","link":"https:\/\/madelinefashion.pl\/en\/product\/plaszcz-zolty-dlugi-z-flauszu\/","title":{"rendered":"Long Yellow Coat made of Fleece"},"content":{"rendered":"<h3 style=\"text-align: center;\">Long Yellow Coat made of Fleece<\/h3>\n<p style=\"text-align: center;\"><strong>Energetic<\/strong> color <b>yellow<\/b> \u2013 o\u017cyw Tw\u00f3j styl nie tylko na wiosn\u0119!\u00a0 Ubrania w kolorze \u017c\u00f3\u0142tym\u00a0 kr\u00f3luj\u0105 na wybiegach, czy i Ty si\u0119gniesz po ten kolor ?\u00a0\u00a0Kolor pastelowy \u017c\u00f3\u0142ty, okre\u015blany te\u017c cz\u0119sto mianem S\u0142onecznej \u017c\u00f3\u0142ci, to jeden z kolor\u00f3w, kt\u00f3re\u00a0 jesieni\u0105 kr\u00f3luj\u0105 w rankingach popularno\u015bci. <strong>Wrap coat\u00a0<\/strong>\u00a0is a universal product - you can easily use it for different\u00a0\u00a0<strong>styling:<\/strong>\u00a0 elegant and sporty,\u00a0<strong>it will be perfect at any time of the year<\/strong>, not only\u00a0<strong>in spring, in autumn<\/strong>\u00a0if\u00a0<strong>winter<\/strong>. Made of fleece makes it perfectly arranged. The coat is perfect for any occasion, additionally made of fleece makes it perfectly arranged.<\/p>\n<h3 style=\"text-align: center;\">The coat is perfect for any occasion<\/h3>\n<p style=\"text-align: center;\">The brightly neon yellow color of the coat is a real hit - this color is a real bestseller, chosen by many women. The color adds energy and character, but also allows it to be adapted to different styles. Size <strong>universal <\/strong>\u00a0recommended for ladies wearing size\u00a0<strong>S, M, L, XL<\/strong> which is a huge advantage of this model. In the offer <strong>we have<\/strong> <strong>also<\/strong> bigger <strong>PLUS SIZE<\/strong> recommended for ladies in size <strong>44,46,48,50<\/strong>\u00a0. The coat is also available in others <strong>color variants<\/strong> - we encourage you to familiarize yourself with our other products. If you cannot decide which color or size is best for you, please contact us via Facebook or by phone.<\/p>\n<h3 style=\"text-align: center;\">Coat dimensions:<\/h3>\n<ul style=\"text-align: center;\">\n<li>total length back: 90 cm<\/li>\n<li>width from armpit to armpit: 52 cm<\/li>\n<li>sleeve length from the shoulder: 62 cm<\/li>\n<li>sleeve length from armpit: 47 cm<\/li>\n<li>recommended maximum bust circumference: 125-130 cm<\/li>\n<li>bicep width: 36 cm<\/li>\n<\/ul>\n<p style=\"text-align: center;\">Dimensions may slightly differ from the given +\/- 2cm. All dimensions given are measured flat.<\/p>\n<p style=\"text-align: center;\"><strong> One size fits all, recommended from S to XL\u00a0\u00a0<\/strong><\/p>\n<table width=\"605\">\n<tbody>\n<tr>\n<td width=\"302\">Model name<\/td>\n<td width=\"302\">Long fleece coat<\/td>\n<\/tr>\n<tr>\n<td width=\"302\">Color<\/td>\n<td width=\"302\">Yellow<\/td>\n<\/tr>\n<tr>\n<td width=\"302\">Collection<\/td>\n<td width=\"302\">Spring \/ Autumn \/ Winter<\/td>\n<\/tr>\n<tr>\n<td width=\"302\">Sizes<\/td>\n<td width=\"302\">Universal<\/td>\n<\/tr>\n<tr>\n<td width=\"302\">Fashion<\/td>\n<td width=\"302\">Oversize<\/td>\n<\/tr>\n<tr>\n<td width=\"302\">Hood<\/td>\n<td width=\"302\">Without the hood<\/td>\n<\/tr>\n<tr>\n<td width=\"302\">Warmed up<\/td>\n<td width=\"302\">Uninsulated<\/td>\n<\/tr>\n<tr>\n<td width=\"302\">Material<\/td>\n<td width=\"302\">Petersham<\/td>\n<\/tr>\n<\/tbody>\n<\/table>\n<p>\u00a0<\/p>\n<p style=\"text-align: center;\">The model has\u00a0<strong>169<\/strong>\u00a0cm tall, wears a size every day\u00a0<strong>S.<\/strong><\/p>\n<p style=\"text-align: center;\">The width at the bust is 92 cm<\/p>\n<p style=\"text-align: center;\">Waist width 62 cm<\/p>\n<p style=\"text-align: center;\">The width at the hips is 94 cm<\/p>","protected":false},"excerpt":{"rendered":"<p>P\u0142aszcz \u017b\u00f3\u0142ty D\u0142ugi z Flauszu Energetyczny kolor \u017c\u00f3\u0142ty \u2013 o\u017cyw Tw\u00f3j styl nie tylko na wiosn\u0119!\u00a0 Ubrania w kolorze \u017c\u00f3\u0142tym\u00a0 kr\u00f3luj\u0105 na wybiegach, czy i Ty si\u0119gniesz po ten kolor ?\u00a0\u00a0Kolor pastelowy \u017c\u00f3\u0142ty, okre\u015blany te\u017c cz\u0119sto mianem S\u0142onecznej \u017c\u00f3\u0142ci, to jeden z kolor\u00f3w, kt\u00f3re\u00a0 jesieni\u0105 kr\u00f3luj\u0105 w rankingach popularno\u015bci. P\u0142aszcz kopertowy\u00a0\u00a0jest uniwersalnym produktem- z \u0142atwo\u015bci\u0105<\/p>\n<div class=\"klb-readmore post-buttons\"><a class=\"button black outline size-sm\" href=\"https:\/\/madelinefashion.pl\/en\/product\/plaszcz-zolty-dlugi-z-flauszu\/\">Read More <i class=\"klbth-icon-right-arrow\"><\/i><\/a><\/div>","protected":false},"featured_media":34776,"template":"","meta":[],"product_brand":[],"product_cat":[395,120,279],"product_tag":[510],"class_list":{"0":"post-34782","1":"product","2":"type-product","3":"status-publish","4":"has-post-thumbnail","6":"product_cat-nowosci","7":"product_cat-plaszcze-dlugie","8":"product_cat-plaszcze-wiosenne","9":"product_tag-plaszcze-flauszowe","11":"first","12":"outofstock","13":"sale","14":"purchasable","15":"product-type-simple"},"_links":{"self":[{"href":"https:\/\/madelinefashion.pl\/en\/wp-json\/wp\/v2\/product\/34782","targetHints":{"allow":["GET"]}}],"collection":[{"href":"https:\/\/madelinefashion.pl\/en\/wp-json\/wp\/v2\/product"}],"about":[{"href":"https:\/\/madelinefashion.pl\/en\/wp-json\/wp\/v2\/types\/product"}],"wp:featuredmedia":[{"embeddable":true,"href":"https:\/\/madelinefashion.pl\/en\/wp-json\/wp\/v2\/media\/34776"}],"wp:attachment":[{"href":"https:\/\/madelinefashion.pl\/en\/wp-json\/wp\/v2\/media?parent=34782"}],"wp:term":[{"taxonomy":"product_brand","embeddable":true,"href":"https:\/\/madelinefashion.pl\/en\/wp-json\/wp\/v2\/product_brand?post=34782"},{"taxonomy":"product_cat","embeddable":true,"href":"https:\/\/madelinefashion.pl\/en\/wp-json\/wp\/v2\/product_cat?post=34782"},{"taxonomy":"product_tag","embeddable":true,"href":"https:\/\/madelinefashion.pl\/en\/wp-json\/wp\/v2\/product_tag?post=34782"}],"curies":[{"name":"wp","href":"https:\/\/api.w.org\/{rel}","templated":true}]}}