{"id":34940,"date":"2022-04-20T09:59:34","date_gmt":"2022-04-20T07:59:34","guid":{"rendered":"https:\/\/madelinefashion.pl\/?post_type=product&#038;p=34940"},"modified":"2026-01-20T10:33:54","modified_gmt":"2026-01-20T09:33:54","slug":"bluzka-asymetryczna-love-honest-limonka-neon","status":"publish","type":"product","link":"https:\/\/madelinefashion.pl\/en\/product\/bluzka-asymetryczna-love-honest-limonka-neon\/","title":{"rendered":"Love Honest Limonka Neon Asymmetric Blouse"},"content":{"rendered":"<h3 style=\"text-align: center;\">Love Honest Limonka Neon Asymmetric Blouse<\/h3>\n<p style=\"text-align: center;\"><strong>Asymmetrical blouse with fashionable stripes on the sides.<\/strong> Model <strong>with 3\/4 sleeve\u00a0 <\/strong>Perfect for any wardrobe<strong>. Timeless simple design.<\/strong> The blouse has decorative patches - it is made of a material that is pleasant to the touch. <strong>This is the perfect everyday model!\u00a0 <\/strong>It will look great in comfortable, loose stylizations. <strong>One size fits all recommended from s to xl<\/strong><\/p>\n<h3 style=\"text-align: center;\">\u00a0 \u00a0 \u00a0Dimensions:<\/h3>\n<ul>\n<li style=\"text-align: center;\">total length at the front: 67 cm<br \/>\ntotal length back: 75 cm<\/li>\n<li style=\"text-align: center;\">width from armpit to armpit: 54cm -63 cm<\/li>\n<li style=\"text-align: center;\">sleeve length from the shoulder: 45 cm<\/li>\n<li style=\"text-align: center;\">sleeve length from armpit: 28 cm<\/li>\n<li style=\"text-align: center;\"><\/li>\n<\/ul>\n<table>\n<tbody>\n<tr>\n<td width=\"302\">Model name<\/td>\n<td width=\"302\">Asymmetrical Love Honest blouse<\/td>\n<\/tr>\n<tr>\n<td width=\"302\">Color<\/td>\n<td width=\"302\">Lime<\/td>\n<\/tr>\n<tr>\n<td width=\"302\">Sizes<\/td>\n<td width=\"302\">Universal<\/td>\n<\/tr>\n<tr>\n<td width=\"302\">Fashion<\/td>\n<td width=\"302\">Oversize<\/td>\n<\/tr>\n<tr>\n<td width=\"302\">Material<\/td>\n<td width=\"302\">95 % Cotton 5% Elastane<\/td>\n<\/tr>\n<\/tbody>\n<\/table>\n<p>\u00a0<\/p>\n<p style=\"text-align: center;\">The model has\u00a0<strong>169<\/strong>\u00a0cm tall, wears a size every day\u00a0<strong>S.<\/strong><\/p>\n<p style=\"text-align: center;\">The width at the bust is 92 cm<\/p>\n<p style=\"text-align: center;\">Waist width 62 cm<\/p>\n<p style=\"text-align: center;\">The width at the hips is 94 cm<\/p>\n<p style=\"text-align: center;\">","protected":false},"excerpt":{"rendered":"<p>Bluzka Asymetryczna Love Honest Limonka Neon Bluzka asymetryczna z modnymi naszykami po bokach. Model z r\u0119kawem 3\/4\u00a0 \u015bwietnie sprawdzi si\u0119 w ka\u017cdej garderobie. Ponadczasowy prosty fason. Bluzka posiada ozdobne naszywki- wykonana jest z przyjemnego w dotyku materia\u0142u. To idealny model na co dzie\u0144!\u00a0 Fantastycznie zaprezentuje si\u0119 w wygodnych, lu\u017anych stylizacjach. Rozmiar uniwersalny zalecany od s<\/p>\n<div class=\"klb-readmore post-buttons\"><a class=\"button black outline size-sm\" href=\"https:\/\/madelinefashion.pl\/en\/product\/bluzka-asymetryczna-love-honest-limonka-neon\/\">Read More <i class=\"klbth-icon-right-arrow\"><\/i><\/a><\/div>","protected":false},"featured_media":34866,"template":"","meta":[],"product_brand":[],"product_cat":[77],"product_tag":[],"class_list":{"0":"post-34940","1":"product","2":"type-product","3":"status-publish","4":"has-post-thumbnail","6":"product_cat-bluzki","8":"first","9":"outofstock","10":"sale","11":"purchasable","12":"product-type-simple"},"_links":{"self":[{"href":"https:\/\/madelinefashion.pl\/en\/wp-json\/wp\/v2\/product\/34940","targetHints":{"allow":["GET"]}}],"collection":[{"href":"https:\/\/madelinefashion.pl\/en\/wp-json\/wp\/v2\/product"}],"about":[{"href":"https:\/\/madelinefashion.pl\/en\/wp-json\/wp\/v2\/types\/product"}],"wp:featuredmedia":[{"embeddable":true,"href":"https:\/\/madelinefashion.pl\/en\/wp-json\/wp\/v2\/media\/34866"}],"wp:attachment":[{"href":"https:\/\/madelinefashion.pl\/en\/wp-json\/wp\/v2\/media?parent=34940"}],"wp:term":[{"taxonomy":"product_brand","embeddable":true,"href":"https:\/\/madelinefashion.pl\/en\/wp-json\/wp\/v2\/product_brand?post=34940"},{"taxonomy":"product_cat","embeddable":true,"href":"https:\/\/madelinefashion.pl\/en\/wp-json\/wp\/v2\/product_cat?post=34940"},{"taxonomy":"product_tag","embeddable":true,"href":"https:\/\/madelinefashion.pl\/en\/wp-json\/wp\/v2\/product_tag?post=34940"}],"curies":[{"name":"wp","href":"https:\/\/api.w.org\/{rel}","templated":true}]}}