{"id":3498,"date":"2020-12-02T20:34:11","date_gmt":"2020-12-02T19:34:11","guid":{"rendered":"https:\/\/madelinefashion.pl\/?post_type=product&#038;p=3498"},"modified":"2026-01-20T10:34:46","modified_gmt":"2026-01-20T09:34:46","slug":"bluzka-flora-tiul-biala","status":"publish","type":"product","link":"https:\/\/madelinefashion.pl\/en\/product\/bluzka-flora-tiul-biala\/","title":{"rendered":"BLOUSE FLORA TIUL WHITE"},"content":{"rendered":"<h2 style=\"text-align: center;\">BLOUSE FLORA TIUL WHITE<\/h2>\n<p style=\"text-align: center;\"><b>Flora blouse z <\/b>with tulle sleeves - suitable for both everyday and more festive occasions. Perfect for ladies in size\u00a0<strong>XS, S, M, L.<\/strong><\/p>\n<h2 style=\"text-align: center;\">\u00a0 \u00a0 \u00a0Dimensions:<\/h2>\n<ul style=\"text-align: center;\">\n<li>overall length: 59 cm<\/li>\n<li>width from armpit to armpit: 38 cm -52 cm<\/li>\n<li>sleeve length from shoulder: 59 cm<\/li>\n<li>sleeve length from armpit: 39 cm<\/li>\n<li>recommended maximum bust circumference: 104 cm<\/li>\n<li><\/li>\n<\/ul>\n<p>&nbsp;<\/p>\n<p>&nbsp;<\/p>\n<p style=\"text-align: center;\">Dimensions may slightly differ from the given +\/- 2cm. All dimensions given are measured flat.<\/p>\n<table style=\"margin-left: auto; margin-right: auto;\">\n<tbody>\n<tr>\n<td width=\"302\">Model name<\/td>\n<td width=\"302\">Flora blouse<\/td>\n<\/tr>\n<tr>\n<td width=\"302\">Color<\/td>\n<td width=\"302\">White<\/td>\n<\/tr>\n<tr>\n<td width=\"302\">Sizes<\/td>\n<td width=\"302\">Universal<\/td>\n<\/tr>\n<tr>\n<td width=\"302\">Fashion<\/td>\n<td width=\"302\">Matched<\/td>\n<\/tr>\n<tr>\n<td width=\"302\">Material<\/td>\n<td width=\"302\">50 % Cotton 45% Polyester 5% Elastane<\/td>\n<\/tr>\n<\/tbody>\n<\/table>\n<p>&nbsp;<\/p>\n<p>&nbsp;<\/p>\n<p style=\"text-align: center;\">\u00a0<strong>Recommended<\/strong> for people wearing size from <strong>X<\/strong><strong>S.\u00a0<\/strong>down <strong>L.<\/strong><\/p>\n<p style=\"text-align: center;\">","protected":false},"excerpt":{"rendered":"<p>BLUZKA FLORA TIUL BIA\u0141A Bluzka Flora z tiulowymi r\u0119kawami\u00a0 &#8211; nadaje si\u0119 zar\u00f3wno na co dzie\u0144, jak i na bardziej \u015bwi\u0105teczne okazje. Idealna dla Pa\u0144 w rozmiarze\u00a0XS,S,M,L. \u00a0 \u00a0 \u00a0Wymiary: d\u0142ugo\u015b\u0107 ca\u0142kowita : 59 cm szeroko\u015b\u0107 od pachy do pachy: 38 cm\u00a0 -52 cm d\u0142ugo\u015b\u0107 r\u0119kawa od ramienia: 59 cm d\u0142ugo\u015b\u0107 r\u0119kawa od pachy: 39<\/p>\n<div class=\"klb-readmore post-buttons\"><a class=\"button black outline size-sm\" href=\"https:\/\/madelinefashion.pl\/en\/product\/bluzka-flora-tiul-biala\/\">Read More <i class=\"klbth-icon-right-arrow\"><\/i><\/a><\/div>","protected":false},"featured_media":3495,"template":"","meta":[],"product_brand":[],"product_cat":[77],"product_tag":[251],"class_list":{"0":"post-3498","1":"product","2":"type-product","3":"status-publish","4":"has-post-thumbnail","6":"product_cat-bluzki","7":"product_tag-bluzka-biala","9":"first","10":"instock","11":"sale","12":"purchasable","13":"product-type-simple"},"_links":{"self":[{"href":"https:\/\/madelinefashion.pl\/en\/wp-json\/wp\/v2\/product\/3498","targetHints":{"allow":["GET"]}}],"collection":[{"href":"https:\/\/madelinefashion.pl\/en\/wp-json\/wp\/v2\/product"}],"about":[{"href":"https:\/\/madelinefashion.pl\/en\/wp-json\/wp\/v2\/types\/product"}],"wp:featuredmedia":[{"embeddable":true,"href":"https:\/\/madelinefashion.pl\/en\/wp-json\/wp\/v2\/media\/3495"}],"wp:attachment":[{"href":"https:\/\/madelinefashion.pl\/en\/wp-json\/wp\/v2\/media?parent=3498"}],"wp:term":[{"taxonomy":"product_brand","embeddable":true,"href":"https:\/\/madelinefashion.pl\/en\/wp-json\/wp\/v2\/product_brand?post=3498"},{"taxonomy":"product_cat","embeddable":true,"href":"https:\/\/madelinefashion.pl\/en\/wp-json\/wp\/v2\/product_cat?post=3498"},{"taxonomy":"product_tag","embeddable":true,"href":"https:\/\/madelinefashion.pl\/en\/wp-json\/wp\/v2\/product_tag?post=3498"}],"curies":[{"name":"wp","href":"https:\/\/api.w.org\/{rel}","templated":true}]}}