{"id":35180,"date":"2022-04-20T16:59:53","date_gmt":"2022-04-20T14:59:53","guid":{"rendered":"https:\/\/madelinefashion.pl\/?post_type=product&#038;p=35180"},"modified":"2025-10-14T12:11:49","modified_gmt":"2025-10-14T10:11:49","slug":"spodniczko-szorty-bolt-czarne","status":"publish","type":"product","link":"https:\/\/madelinefashion.pl\/en\/product\/spodniczko-szorty-bolt-czarne\/","title":{"rendered":"Black Bolt Skirt-Shorts"},"content":{"rendered":"<h3 style=\"text-align: center;\">Black Bolt Skirt-Shorts<\/h3>\n<p style=\"text-align: center;\">Skirt-shorts with decorative buttons on the belt and an asymmetrical front, with a higher waist.<\/p>\n<p style=\"text-align: center;\">The material does not give up.<\/p>\n<p>&nbsp;<\/p>\n<h3 style=\"text-align: center;\"><span style=\"vertical-align: inherit;\"><span style=\"vertical-align: inherit;\">Pants dimensions:<\/span><\/span><\/h3>\n<p>&nbsp;<\/p>\n<p style=\"text-align: center;\"><strong>SIZE S 36\u00a0<\/strong><\/p>\n<ul style=\"text-align: center;\">\n<li>\u00a0Overall length: 40 cm<\/li>\n<li>Waist width: 31 cm<\/li>\n<li>Waist: 35 cm<\/li>\n<li>Hip width: 45 cm<\/li>\n<li>Leg width: 28 cm<\/li>\n<li><\/li>\n<\/ul>\n<p style=\"text-align: center;\"><strong>SIZE M 38\u00a0<\/strong><\/p>\n<ul style=\"text-align: center;\">\n<li>Overall length: 40 cm<\/li>\n<li>Waist width: 33 cm<\/li>\n<li>Waist: 35 cm<\/li>\n<li>Hip width: 46 cm<\/li>\n<li>Leg width: 30 cm<\/li>\n<li><\/li>\n<\/ul>\n<p style=\"text-align: center;\"><strong>SIZE L 40\u00a0<\/strong><\/p>\n<ul style=\"text-align: center;\">\n<li>Overall length: 40 cm<\/li>\n<li>Waist width: 35 cm<\/li>\n<li>Waist: 35 cm<\/li>\n<li>Hip width: 48 cm<\/li>\n<li>Leg width: 31 cm<\/li>\n<li><\/li>\n<\/ul>\n<p style=\"text-align: center;\"><strong>SIZE XL 42\u00a0<\/strong><\/p>\n<ul style=\"text-align: center;\">\n<li>Overall length: 40 cm<\/li>\n<li>Waist width: 37 cm<\/li>\n<li>Waist: 35 cm<\/li>\n<li>Hip width: 50 cm<\/li>\n<li>Leg width: 31 cm<\/li>\n<li><\/li>\n<li><\/li>\n<\/ul>\n<p style=\"text-align: center;\"><span style=\"vertical-align: inherit;\"><span style=\"vertical-align: inherit;\">Dimensions may vary from the given +\/- 2cm. <\/span><span style=\"vertical-align: inherit;\">All dimensions given are measured flat.<strong> X2 dimension<\/strong><\/span><\/span><\/p>\n<p style=\"text-align: center;\"><strong><span style=\"vertical-align: inherit;\"><span style=\"vertical-align: inherit;\">They fit perfectly to every figure<\/span><\/span><\/strong><\/p>\n<p style=\"text-align: center;\">The model has\u00a0<strong>169<\/strong>\u00a0cm tall, wears a size every day\u00a0<strong>S.<\/strong><\/p>\n<p style=\"text-align: center;\">The width at the bust is 92 cm<\/p>\n<p style=\"text-align: center;\">Waist width 62 cm<\/p>\n<p style=\"text-align: center;\">The width at the hips is 94 cm<\/p>","protected":false},"excerpt":{"rendered":"<p>Sp\u00f3dniczko-Szorty Bolt Czarne Sp\u00f3dnico-spodenki z ozdobnymi guzikami na pasku i asymetrycznym przodem, z wy\u017cszym stanem. Materia\u0142 nie poddaje si\u0119. &nbsp; Wymiary spodni: &nbsp; ROZMIAR S 36\u00a0 \u00a0D\u0142ugo\u015b\u0107 ca\u0142kowita : 40 cm Szeroko\u015b\u0107 w pasie : 31 cm Stan: 35 cm Szeroko\u015b\u0107 biodra: 45 cm Szeroko\u015b\u0107 nogawki: 28 cm ROZMIAR M 38\u00a0 D\u0142ugo\u015b\u0107 ca\u0142kowita : 40<\/p>\n<div class=\"klb-readmore post-buttons\"><a class=\"button black outline size-sm\" href=\"https:\/\/madelinefashion.pl\/en\/product\/spodniczko-szorty-bolt-czarne\/\">Read More <i class=\"klbth-icon-right-arrow\"><\/i><\/a><\/div>","protected":false},"featured_media":35175,"template":"","meta":[],"product_brand":[],"product_cat":[107,83],"product_tag":[425],"class_list":{"0":"post-35180","1":"product","2":"type-product","3":"status-publish","4":"has-post-thumbnail","6":"product_cat-spodnice-i-spodniczki","7":"product_cat-spodnie","8":"product_tag-spodenki","9":"pa_rozmiar-34-42-142","10":"pa_rozmiar-34-42-36-2","11":"pa_rozmiar-34-42-38-2","12":"pa_rozmiar-34-42-40-2","13":"pa_rozmiar-34-42-42-2","15":"first","16":"instock","17":"product-type-variable"},"_links":{"self":[{"href":"https:\/\/madelinefashion.pl\/en\/wp-json\/wp\/v2\/product\/35180","targetHints":{"allow":["GET"]}}],"collection":[{"href":"https:\/\/madelinefashion.pl\/en\/wp-json\/wp\/v2\/product"}],"about":[{"href":"https:\/\/madelinefashion.pl\/en\/wp-json\/wp\/v2\/types\/product"}],"wp:featuredmedia":[{"embeddable":true,"href":"https:\/\/madelinefashion.pl\/en\/wp-json\/wp\/v2\/media\/35175"}],"wp:attachment":[{"href":"https:\/\/madelinefashion.pl\/en\/wp-json\/wp\/v2\/media?parent=35180"}],"wp:term":[{"taxonomy":"product_brand","embeddable":true,"href":"https:\/\/madelinefashion.pl\/en\/wp-json\/wp\/v2\/product_brand?post=35180"},{"taxonomy":"product_cat","embeddable":true,"href":"https:\/\/madelinefashion.pl\/en\/wp-json\/wp\/v2\/product_cat?post=35180"},{"taxonomy":"product_tag","embeddable":true,"href":"https:\/\/madelinefashion.pl\/en\/wp-json\/wp\/v2\/product_tag?post=35180"}],"curies":[{"name":"wp","href":"https:\/\/api.w.org\/{rel}","templated":true}]}}