{"id":35429,"date":"2022-04-21T10:40:50","date_gmt":"2022-04-21T08:40:50","guid":{"rendered":"https:\/\/madelinefashion.pl\/?post_type=product&#038;p=35429"},"modified":"2022-09-09T15:48:36","modified_gmt":"2022-09-09T13:48:36","slug":"komplet-top-spodnie-bojowka-deze-pudrowy-roz","status":"publish","type":"product","link":"https:\/\/madelinefashion.pl\/en\/product\/komplet-top-spodnie-bojowka-deze-pudrowy-roz\/","title":{"rendered":"Set of Top + Cargo Pants Deze Powder Pink"},"content":{"rendered":"<h3 style=\"text-align: center;\">Set of Top + Cargo Pants Deze Powder Pink<\/h3>\n<p align=\"center\"><strong>Beautiful set, consisting of a top and pants. Perfect for everyday use. You can wear the set together, but it also looks good separately. Indispensable for women who value style and comfort. Perfect for the upcoming season. An absolute must have in your wardrobe! <\/strong>It comes in spring colors and has a very pleasant material. You will feel at ease and exceptional in it. Perfectly matched will emphasize feminine strengths and give you class every day. One size fits all recommended from <strong>XS to L<\/strong><\/p>\n<h3 style=\"text-align: center;\">Characteristics<\/h3>\n<p align=\"center\"><strong>-convenient<br \/>\n<\/strong><strong>- fitted<\/strong><strong><br \/>\n<\/strong><strong>-feminine<br \/>\n<\/strong><strong>-trendy<br \/>\n<\/strong><strong>-top<br \/>\n<\/strong><\/p>\n<h3 style=\"text-align: center;\"><span style=\"vertical-align: inherit;\"><span style=\"vertical-align: inherit;\">Top dimensions:<\/span><\/span><\/h3>\n<p style=\"text-align: center;\">Total length - 38 cm<br \/>\nWidth from armpit to armpit - 39 -45 cm x2<br \/>\nBottom width - 27-40 cm x2 (elastic band)<\/p>\n<h3 style=\"text-align: center;\"><span style=\"vertical-align: inherit;\"><span style=\"vertical-align: inherit;\">Pants dimensions:<\/span><\/span><\/h3>\n<p style=\"text-align: center;\"><span style=\"vertical-align: inherit;\"><span style=\"vertical-align: inherit;\">Overall length: 96 cm<br \/>\n<\/span><\/span><span style=\"vertical-align: inherit;\"><span style=\"vertical-align: inherit;\">Waist width: 30-42 cm (elastic band) x2<br \/>\n<\/span><\/span><span style=\"vertical-align: inherit;\"><span style=\"vertical-align: inherit;\">Hips width: 43-52 cm x2<br \/>\nInside leg length: 64 cm<br \/>\nWaist: 32 cm<\/span><\/span><\/p>\n<p>&nbsp;<\/p>\n<p style=\"text-align: center;\"><strong><span style=\"vertical-align: inherit;\"><span style=\"vertical-align: inherit;\">The material works<\/span><\/span><\/strong><\/p>\n<p style=\"text-align: center;\"><span style=\"vertical-align: inherit;\"><span style=\"vertical-align: inherit;\">Dimensions may vary from the given +\/- 2cm. <\/span><span style=\"vertical-align: inherit;\">All dimensions given are measured flat. <strong>X2 dimension<\/strong><\/span><\/span><\/p>\n<p>&nbsp;<\/p>\n<table style=\"height: 234px;\" width=\"678\">\n<tbody>\n<tr>\n<td width=\"302\"><span style=\"vertical-align: inherit;\"><span style=\"vertical-align: inherit;\">Model name<\/span><\/span><\/td>\n<td width=\"302\">Set of Top + Pants. Cargo trousers Deze<\/td>\n<\/tr>\n<tr>\n<td width=\"302\"><span style=\"vertical-align: inherit;\"><span style=\"vertical-align: inherit;\">Color<\/span><\/span><\/td>\n<td width=\"302\">Powder Pink<\/td>\n<\/tr>\n<tr>\n<td width=\"302\"><span style=\"vertical-align: inherit;\"><span style=\"vertical-align: inherit;\">Collection<\/span><\/span><\/td>\n<td width=\"302\"><span style=\"vertical-align: inherit;\"><span style=\"vertical-align: inherit;\">Spring Summer<\/span><\/span><\/td>\n<\/tr>\n<tr>\n<td width=\"302\"><span style=\"vertical-align: inherit;\"><span style=\"vertical-align: inherit;\">Sizes<\/span><\/span><\/td>\n<td width=\"302\"><span style=\"vertical-align: inherit;\"><span style=\"vertical-align: inherit;\">Universal<\/span><\/span><\/td>\n<\/tr>\n<tr>\n<td width=\"302\"><span style=\"vertical-align: inherit;\"><span style=\"vertical-align: inherit;\">Blouse<\/span><\/span><\/td>\n<td width=\"302\"><span style=\"vertical-align: inherit;\"><span style=\"vertical-align: inherit;\">Matched<\/span><\/span><\/td>\n<\/tr>\n<tr>\n<td width=\"302\"><span style=\"vertical-align: inherit;\"><span style=\"vertical-align: inherit;\">Pants<\/span><\/span><\/td>\n<td width=\"302\"><span style=\"vertical-align: inherit;\"><span style=\"vertical-align: inherit;\">Matched<\/span><\/span><\/td>\n<\/tr>\n<tr>\n<td width=\"302\"><span style=\"vertical-align: inherit;\"><span style=\"vertical-align: inherit;\">Quality<\/span><\/span><\/td>\n<td width=\"302\"><span style=\"vertical-align: inherit;\"><span style=\"vertical-align: inherit;\">Premium<\/span><\/span><\/td>\n<\/tr>\n<tr>\n<td width=\"302\"><span style=\"vertical-align: inherit;\"><span style=\"vertical-align: inherit;\">Material<\/span><\/span><\/td>\n<td width=\"302\"><span style=\"vertical-align: inherit;\"><span style=\"vertical-align: inherit;\">100% Polyester<\/span><\/span><\/td>\n<\/tr>\n<\/tbody>\n<\/table>\n<p style=\"text-align: center;\">The model has\u00a0<strong>169<\/strong>\u00a0cm tall, wears a size every day\u00a0<strong>S.<\/strong><\/p>\n<p style=\"text-align: center;\">The width at the bust is 92 cm<\/p>\n<p style=\"text-align: center;\">Waist width 62 cm<\/p>\n<p style=\"text-align: center;\">The width at the hips is 94 cm<\/p>","protected":false},"excerpt":{"rendered":"<p>Komplet Top+ Spodnie Boj\u00f3wka Deze Pudrowy R\u00f3\u017c \u015aliczny komplet, sk\u0142adaj\u0105cy si\u0119 z topu oraz spodni. \u00a0Perfekcyjnie sprawdzi si\u0119 na co dzie\u0144 Mo\u017cna nosi\u0107 zestaw razem, ale r\u00f3wnie\u017c dobrze prezentuje si\u0119 osobno. Niezast\u0105piony dla kobiet ceni\u0105cych sobie styl i wygod\u0119. Idealny na nadchodz\u0105cy sezon. Absolutny must have w Twojej szafie! Wyst\u0119puje w wiosennych kolorach i posiada<\/p>\n<div class=\"klb-readmore post-buttons\"><a class=\"button black outline size-sm\" href=\"https:\/\/madelinefashion.pl\/en\/product\/komplet-top-spodnie-bojowka-deze-pudrowy-roz\/\">Read More <i class=\"klbth-icon-right-arrow\"><\/i><\/a><\/div>","protected":false},"featured_media":35324,"template":"","meta":[],"product_brand":[],"product_cat":[89],"product_tag":[],"class_list":{"0":"post-35429","1":"product","2":"type-product","3":"status-publish","4":"has-post-thumbnail","6":"product_cat-komplety","8":"first","9":"instock","10":"purchasable","11":"product-type-simple"},"_links":{"self":[{"href":"https:\/\/madelinefashion.pl\/en\/wp-json\/wp\/v2\/product\/35429","targetHints":{"allow":["GET"]}}],"collection":[{"href":"https:\/\/madelinefashion.pl\/en\/wp-json\/wp\/v2\/product"}],"about":[{"href":"https:\/\/madelinefashion.pl\/en\/wp-json\/wp\/v2\/types\/product"}],"wp:featuredmedia":[{"embeddable":true,"href":"https:\/\/madelinefashion.pl\/en\/wp-json\/wp\/v2\/media\/35324"}],"wp:attachment":[{"href":"https:\/\/madelinefashion.pl\/en\/wp-json\/wp\/v2\/media?parent=35429"}],"wp:term":[{"taxonomy":"product_brand","embeddable":true,"href":"https:\/\/madelinefashion.pl\/en\/wp-json\/wp\/v2\/product_brand?post=35429"},{"taxonomy":"product_cat","embeddable":true,"href":"https:\/\/madelinefashion.pl\/en\/wp-json\/wp\/v2\/product_cat?post=35429"},{"taxonomy":"product_tag","embeddable":true,"href":"https:\/\/madelinefashion.pl\/en\/wp-json\/wp\/v2\/product_tag?post=35429"}],"curies":[{"name":"wp","href":"https:\/\/api.w.org\/{rel}","templated":true}]}}