{"id":35466,"date":"2022-04-21T15:06:46","date_gmt":"2022-04-21T13:06:46","guid":{"rendered":"https:\/\/madelinefashion.pl\/?post_type=product&#038;p=35466"},"modified":"2026-04-10T15:07:26","modified_gmt":"2026-04-10T13:07:26","slug":"sukienka-maxi-tiulowa-adele-biala","status":"publish","type":"product","link":"https:\/\/madelinefashion.pl\/en\/product\/sukienka-maxi-tiulowa-adele-biala\/","title":{"rendered":"Maxi Tulle Dress Adele White"},"content":{"rendered":"<h3 style=\"text-align: center;\">Maxi Tulle Dress Adele White<\/h3>\n<p style=\"text-align: center;\"><strong>The Maxi Tulle Adele dress in pink is this season&#039;s bestseller! <\/strong>Romantic dress layered dress made of tulle. The dress has a deep front and back<strong> V-shaped neckline<\/strong> decorated with tulle frills, which beautifully exposes the neck and upper parts of the figure. Model with a delicate ribbon at the waist that emphasizes the waist. The dress has a lining and a zip fastening at the back.<strong> Long tulle dress<\/strong> has <strong>lining<\/strong> providing 100 % wearing comfort. <strong>Feminine<\/strong> dress z <strong>elastic waistband<\/strong> is an excellent choice for communion weddings, as well as other occasions that require appropriate clothing. A sensual, unique dress will make you stand out from the crowd. <b>Impressive evening dress is a model that you will fall in love with! Dress <\/b>occurs in <b>universal size <\/b>recommended for a lady in size\u00a0<b>XS SML <\/b>in case of wearing a larger size please take a look at the dimensions.<\/p>\n<h3 style=\"text-align: center;\">Dress dimensions:<\/h3>\n<ul>\n<li style=\"text-align: center;\">\u00a0\u00a0\u00a0\u00a0\u00a0\u00a0\u00a0 overall length: 145 cm<\/li>\n<li style=\"text-align: center;\">shoulder width: 32 cm<\/li>\n<li style=\"text-align: center;\">\u00a0\u00a0\u00a0\u00a0\u00a0\u00a0\u00a0 width from armpit to armpit: 40-45 cm<\/li>\n<li style=\"text-align: center;\">\u00a0\u00a0\u00a0\u00a0\u00a0\u00a0\u00a0 sleeve length from armpit max: cm<\/li>\n<li style=\"text-align: center;\">\u00a0\u00a0\u00a0\u00a0\u00a0\u00a0\u00a0 sleeve length from shoulder max: cm<\/li>\n<li style=\"text-align: center;\">\u00a0\u00a0\u00a0\u00a0\u00a0\u00a0\u00a0 waist width: 28-43cm<\/li>\n<\/ul>\n<p style=\"text-align: center;\">Dimensions may slightly differ from the given +\/- 2cm. All dimensions given are measured flat.<\/p>\n<p style=\"text-align: center;\">X2 dimension<\/p>\n<table style=\"height: 258px;\" width=\"618\">\n<tbody>\n<tr>\n<td width=\"302\">Model name<\/td>\n<td width=\"302\">Maxi tulle dress Adele<\/td>\n<\/tr>\n<tr>\n<td width=\"302\">Color<\/td>\n<td width=\"302\">White<\/td>\n<\/tr>\n<tr>\n<td width=\"302\">Collection<\/td>\n<td width=\"302\">Spring Summer Autumn<\/td>\n<\/tr>\n<tr>\n<td width=\"302\">Sizes<\/td>\n<td width=\"302\">Universal<\/td>\n<\/tr>\n<tr>\n<td width=\"302\">Composition<\/td>\n<td width=\"302\">95 % polyester 5% Elastane<\/td>\n<\/tr>\n<tr>\n<td width=\"302\">Elastic at the waist<\/td>\n<td width=\"302\">\u00a0Yes<\/td>\n<\/tr>\n<tr>\n<td width=\"302\">Cleavage<\/td>\n<td width=\"302\">\u00a0V<\/td>\n<\/tr>\n<\/tbody>\n<\/table>\n<p>&nbsp;<\/p>\n<section class=\"page-product-box\">\n<div class=\"rte\">\n<p>&nbsp;<\/p>\n<section class=\"page-product-box\">\n<div class=\"rte\">\n<p style=\"text-align: center;\">The model has\u00a0<strong>169<\/strong>\u00a0cm tall, wears a size every day\u00a0<strong>S.<\/strong><\/p>\n<p style=\"text-align: center;\">The width at the bust is 92 cm<\/p>\n<p style=\"text-align: center;\">Waist width 62 cm<\/p>\n<p style=\"text-align: center;\">The width at the hips is 94 cm<\/p>\n<\/div>\n<\/section>\n<p style=\"text-align: center;\">\n<\/div>\n<\/section>","protected":false},"excerpt":{"rendered":"<p>Sukienka Maxi Tiulowa Adele Bia\u0142a Sukienka Maxi Tiulowa Adele w kolorze r\u00f3\u017cowym to bestseller tego sezonu ! Romantyczna sukienka warstwowa sukienka wykonana z tiulu. Sukienka posiada z przodu i z ty\u0142u g\u0142\u0119boki dekolt w kszta\u0142cie litery V ozdobiony tiulowymi falbankami, kt\u00f3ry pi\u0119knie eksponuje szyj\u0119 oraz g\u00f3rne partie sylwetki. Model z delikatn\u0105 tasiemk\u0105 w pasie, kt\u00f3ra<\/p>\n<div class=\"klb-readmore post-buttons\"><a class=\"button black outline size-sm\" href=\"https:\/\/madelinefashion.pl\/en\/product\/sukienka-maxi-tiulowa-adele-biala\/\">Read More <i class=\"klbth-icon-right-arrow\"><\/i><\/a><\/div>","protected":false},"featured_media":35462,"template":"","meta":[],"product_brand":[],"product_cat":[125,395,561],"product_tag":[219],"class_list":{"0":"post-35466","1":"product","2":"type-product","3":"status-publish","4":"has-post-thumbnail","6":"product_cat-sukienki","7":"product_cat-nowosci","8":"product_cat-sukienki-tiulowe","9":"product_tag-sukienka-biala","11":"first","12":"instock","13":"sale","14":"purchasable","15":"product-type-simple"},"_links":{"self":[{"href":"https:\/\/madelinefashion.pl\/en\/wp-json\/wp\/v2\/product\/35466","targetHints":{"allow":["GET"]}}],"collection":[{"href":"https:\/\/madelinefashion.pl\/en\/wp-json\/wp\/v2\/product"}],"about":[{"href":"https:\/\/madelinefashion.pl\/en\/wp-json\/wp\/v2\/types\/product"}],"wp:featuredmedia":[{"embeddable":true,"href":"https:\/\/madelinefashion.pl\/en\/wp-json\/wp\/v2\/media\/35462"}],"wp:attachment":[{"href":"https:\/\/madelinefashion.pl\/en\/wp-json\/wp\/v2\/media?parent=35466"}],"wp:term":[{"taxonomy":"product_brand","embeddable":true,"href":"https:\/\/madelinefashion.pl\/en\/wp-json\/wp\/v2\/product_brand?post=35466"},{"taxonomy":"product_cat","embeddable":true,"href":"https:\/\/madelinefashion.pl\/en\/wp-json\/wp\/v2\/product_cat?post=35466"},{"taxonomy":"product_tag","embeddable":true,"href":"https:\/\/madelinefashion.pl\/en\/wp-json\/wp\/v2\/product_tag?post=35466"}],"curies":[{"name":"wp","href":"https:\/\/api.w.org\/{rel}","templated":true}]}}