{"id":35605,"date":"2022-04-22T09:05:19","date_gmt":"2022-04-22T07:05:19","guid":{"rendered":"https:\/\/madelinefashion.pl\/?post_type=product&#038;p=35605"},"modified":"2025-10-01T07:34:30","modified_gmt":"2025-10-01T05:34:30","slug":"spodenki-z-lancuszkiem-czarne","status":"publish","type":"product","link":"https:\/\/madelinefashion.pl\/en\/product\/spodenki-z-lancuszkiem-czarne\/","title":{"rendered":"Black Shorts With Chain"},"content":{"rendered":"<h3 style=\"text-align: center;\">Black Shorts With Chain<\/h3>\n<p style=\"text-align: center;\"><span style=\"vertical-align: inherit;\"><span style=\"vertical-align: inherit;\"><b>Shorts <\/b>is a timeless model that does not go out of fashion - a model that cannot be missing in your wardrobe. <\/span><span style=\"vertical-align: inherit;\">Shorts made of <\/span><\/span><strong><span style=\"vertical-align: inherit;\"><span style=\"vertical-align: inherit;\">high-quality material with a high waist,<\/span><\/span><\/strong><span style=\"vertical-align: inherit;\"><span style=\"vertical-align: inherit;\"> \u00a0which perfectly shape the body. Extremely sexy proposition for spring and summer, which without a doubt <strong>he will add<\/strong>\u00a0unique <strong>character<\/strong>. <\/span><span style=\"vertical-align: inherit;\">Are very comfortable<\/span><\/span><span style=\"vertical-align: inherit;\"><span style=\"vertical-align: inherit;\"> and easy to combine, they can be easily combined with our blouses, shirts or light sweaters - which you will also find in our <a href=\"https:\/\/madelinefashion.pl\/en\/swetry\/\">e-shop.<\/a>\u00a0 Short legs will emphasize and <strong>optically lengthen the legs<\/strong>. Soft and flexible material hugs the buttocks. The shorts have a gold chain at the front. <strong>A model for self-confident women, no one will pass by you indifferently.<\/strong> we offer<\/span><\/span><span style=\"vertical-align: inherit;\"><span style=\"vertical-align: inherit;\"> them in UNI size\u00a0 <\/span><\/span><span style=\"vertical-align: inherit;\"><span style=\"vertical-align: inherit;\">\u00a0we recommend <\/span><\/span><span style=\"vertical-align: inherit;\"><span style=\"vertical-align: inherit;\"><b>exactly\u00a0<\/b><\/span><\/span><strong><span style=\"vertical-align: inherit;\"><span style=\"vertical-align: inherit;\">to measure<\/span><\/span><\/strong><span style=\"vertical-align: inherit;\"><span style=\"vertical-align: inherit;\"> according to the Dimension Chart below. <\/span><span style=\"vertical-align: inherit;\">Complete your wardrobe with this best-selling model. <\/span><\/span><span style=\"vertical-align: inherit;\"><span style=\"vertical-align: inherit;\">If you have any further questions about this product, please do not hesitate to contact us by phone or Facebook. Follow the new trends with\u00a0<strong>Madeline fashion. <\/strong>In the information after the purchase, you can send your measurements, we will choose the perfect pants for you.<br \/>\n<\/span><\/span><\/p>\n<p style=\"text-align: center;\"><span style=\"vertical-align: inherit;\"><span style=\"vertical-align: inherit;\">\u00a0<\/span><\/span><\/p>\n<h3 style=\"text-align: center;\"><span style=\"vertical-align: inherit;\"><span style=\"vertical-align: inherit;\">Pants dimensions:<\/span><\/span><\/h3>\n<ul style=\"text-align: center;\">\n<li>Overall length: 37 cm<\/li>\n<li>Waist width: 33-41 cm (elastic band)<\/li>\n<li>Waist: 33 cm<\/li>\n<li>Hip width: 46-50 cm<\/li>\n<\/ul>\n<ul style=\"text-align: center;\">\n<li><\/li>\n<\/ul>\n<p style=\"text-align: center;\"><span style=\"vertical-align: inherit;\"><span style=\"vertical-align: inherit;\">Dimensions may vary from the given +\/- 2cm. <\/span><span style=\"vertical-align: inherit;\">All dimensions given are measured flat.<strong> X2 dimension<\/strong><\/span><\/span><\/p>\n<p style=\"text-align: center;\"><strong><span style=\"vertical-align: inherit;\"><span style=\"vertical-align: inherit;\">They fit perfectly to every figure<\/span><\/span><\/strong><\/p>\n<p style=\"text-align: center;\">The model has\u00a0<strong>169<\/strong>\u00a0cm tall, wears a size every day\u00a0<strong>S.<\/strong><\/p>\n<p style=\"text-align: center;\">The width at the bust is 92 cm<\/p>\n<p style=\"text-align: center;\">Waist width 62 cm<\/p>\n<p style=\"text-align: center;\">The width at the hips is 94 cm<\/p>","protected":false},"excerpt":{"rendered":"<p>Spodenki Z \u0141a\u0144cuszkiem Czarne Kr\u00f3tkie spodenki to ponadczasowy model, kt\u00f3ry nie wychodzi z mody &#8211; model kt\u00f3rego nie mo\u017ce zabrakn\u0105\u0107 w Twojej garderobie. Spodenki wykonane z wysokiej jako\u015bci materia\u0142u z wysokim stanem, \u00a0kt\u00f3re doskonale modeluj\u0105 sylwetk\u0119.\u00a0 Niezwykle seksowna propozycja na wiosn\u0119 i lato, kt\u00f3re bez w\u0105tpienia doda\u00a0niepowtarzalnego charakteru. S\u0105 bardzo wygodne oraz \u0142atwe w \u0142\u0105czeniu,<\/p>\n<div class=\"klb-readmore post-buttons\"><a class=\"button black outline size-sm\" href=\"https:\/\/madelinefashion.pl\/en\/product\/spodenki-z-lancuszkiem-czarne\/\">Read More <i class=\"klbth-icon-right-arrow\"><\/i><\/a><\/div>","protected":false},"featured_media":35502,"template":"","meta":[],"product_brand":[],"product_cat":[83,395],"product_tag":[],"class_list":{"0":"post-35605","1":"product","2":"type-product","3":"status-publish","4":"has-post-thumbnail","6":"product_cat-spodnie","7":"product_cat-nowosci","9":"first","10":"instock","11":"purchasable","12":"product-type-simple"},"_links":{"self":[{"href":"https:\/\/madelinefashion.pl\/en\/wp-json\/wp\/v2\/product\/35605","targetHints":{"allow":["GET"]}}],"collection":[{"href":"https:\/\/madelinefashion.pl\/en\/wp-json\/wp\/v2\/product"}],"about":[{"href":"https:\/\/madelinefashion.pl\/en\/wp-json\/wp\/v2\/types\/product"}],"wp:featuredmedia":[{"embeddable":true,"href":"https:\/\/madelinefashion.pl\/en\/wp-json\/wp\/v2\/media\/35502"}],"wp:attachment":[{"href":"https:\/\/madelinefashion.pl\/en\/wp-json\/wp\/v2\/media?parent=35605"}],"wp:term":[{"taxonomy":"product_brand","embeddable":true,"href":"https:\/\/madelinefashion.pl\/en\/wp-json\/wp\/v2\/product_brand?post=35605"},{"taxonomy":"product_cat","embeddable":true,"href":"https:\/\/madelinefashion.pl\/en\/wp-json\/wp\/v2\/product_cat?post=35605"},{"taxonomy":"product_tag","embeddable":true,"href":"https:\/\/madelinefashion.pl\/en\/wp-json\/wp\/v2\/product_tag?post=35605"}],"curies":[{"name":"wp","href":"https:\/\/api.w.org\/{rel}","templated":true}]}}