{"id":35618,"date":"2022-04-22T09:32:25","date_gmt":"2022-04-22T07:32:25","guid":{"rendered":"https:\/\/madelinefashion.pl\/?post_type=product&#038;p=35618"},"modified":"2025-10-01T07:34:30","modified_gmt":"2025-10-01T05:34:30","slug":"szorty-jeansowe-white-blue","status":"publish","type":"product","link":"https:\/\/madelinefashion.pl\/en\/product\/szorty-jeansowe-white-blue\/","title":{"rendered":"White Blue denim shorts"},"content":{"rendered":"<h3 style=\"text-align: center;\">White Blue denim shorts<\/h3>\n<p><strong>White Blue denim shorts<\/strong> is a fashionable element that must not be missing in your wardrobe. Shorts made of\u00a0<strong>high-quality material with a high waist.\u00a0<\/strong>Shorts that will undoubtedly\u00a0<strong>he will add<\/strong>\u00a0unique\u00a0<strong>character<\/strong>. They are very comfortable and easy to combine, they can be easily combined with our blouses, shirts or bodysuits - which you will also find in our\u00a0<a href=\"https:\/\/madelinefashion.pl\/en\/swetry\/\">e-shop.<\/a>\u00a0 <strong>Two-color shorts<\/strong><strong>\u00a0<\/strong>\u00a0they will steal every woman&#039;s heart. Short legs will emphasize and\u00a0<strong>optically lengthen the legs<\/strong>. Denim<strong>\u00a0 shorts<\/strong>\u00a0it&#039;s fantastic\u00a0<strong>summer proposition! <\/strong>\u00a0The shorts are fastened with a button and a zipper.\u00a0<strong>Beautiful, feminine shorts will suit any styling.\u00a0<\/strong>Complete your wardrobe with this one\u00a0<strong>best-selling model<\/strong>. If you have any further questions about this product, please do not hesitate to contact us by phone or Facebook. Follow the new trends with\u00a0<strong>Madelinefashion.\u00a0<\/strong><\/p>\n<p style=\"text-align: center;\"><span style=\"vertical-align: inherit;\"><span style=\"vertical-align: inherit;\">\u00a0<\/span><\/span><\/p>\n<h3 style=\"text-align: center;\"><span style=\"vertical-align: inherit;\"><span style=\"vertical-align: inherit;\">Pants dimensions:<\/span><\/span><\/h3>\n<p style=\"text-align: center;\"><strong>SIZE 34<\/strong><\/p>\n<ul style=\"text-align: center;\">\n<li>Overall length: 30 cm<\/li>\n<li>Waist width: 33-36 cm<\/li>\n<li>Waist: 34 cm<\/li>\n<li><\/li>\n<\/ul>\n<p style=\"text-align: center;\"><strong>SIZE 36<\/strong><\/p>\n<ul style=\"text-align: center;\">\n<li>Overall length: 30 cm<\/li>\n<li>Waist width: 35-38 cm<\/li>\n<li>Waist: 34 cm<\/li>\n<li><\/li>\n<\/ul>\n<p style=\"text-align: center;\"><strong>SIZE M 38\u00a0<\/strong><\/p>\n<ul style=\"text-align: center;\">\n<li>\u00a0Overall length: 30 cm<\/li>\n<li>Waist width: 37-40 cm<\/li>\n<li>Waist: 34 cm<\/li>\n<li><\/li>\n<li><\/li>\n<\/ul>\n<p style=\"text-align: center;\"><strong>SIZE L 40\u00a0<\/strong><\/p>\n<ul style=\"text-align: center;\">\n<li>Overall length: 30 cm<\/li>\n<li>Waist width: 40-42 cm<\/li>\n<li>Waist: 36 cm<\/li>\n<li><\/li>\n<li><\/li>\n<\/ul>\n<p style=\"text-align: center;\"><strong>SIZE XL 42<\/strong><\/p>\n<ul style=\"text-align: center;\">\n<li>Overall length: 32 cm<\/li>\n<li>Waist width: 42-44 cm<\/li>\n<li>Waist: 40 cm<\/li>\n<li><\/li>\n<\/ul>\n<ul style=\"text-align: center;\">\n<li><\/li>\n<\/ul>\n<p style=\"text-align: center;\"><span style=\"vertical-align: inherit;\"><span style=\"vertical-align: inherit;\">Dimensions may vary from the given +\/- 2cm. <\/span><span style=\"vertical-align: inherit;\">All dimensions given are measured flat.<strong> X2 dimension<\/strong><\/span><\/span><\/p>\n<p style=\"text-align: center;\"><strong><span style=\"vertical-align: inherit;\"><span style=\"vertical-align: inherit;\">They fit perfectly to every figure<\/span><\/span><\/strong><\/p>\n<p style=\"text-align: center;\">The model has\u00a0<strong>169<\/strong>\u00a0cm tall, wears a size every day\u00a0<strong>S.<\/strong><\/p>\n<p style=\"text-align: center;\">The width at the bust is 92 cm<\/p>\n<p style=\"text-align: center;\">Waist width 62 cm<\/p>\n<p style=\"text-align: center;\">The width at the hips is 94 cm<\/p>","protected":false},"excerpt":{"rendered":"<p>Szorty Jeansowe White Blue Szorty Jeansowe White Blue to modny element, kt\u00f3rego nie mo\u017ce zabrakn\u0105\u0107 w Twojej garderobie. Spodenki wykonane z\u00a0wysokiej jako\u015bci materia\u0142u z wysokim stanem.\u00a0Kr\u00f3tkie spodenki, kt\u00f3re bez w\u0105tpienia\u00a0doda\u00a0niepowtarzalnego\u00a0charakteru.\u00a0S\u0105 bardzo wygodne\u00a0oraz \u0142atwe w \u0142\u0105czeniu, bez problemu mo\u017cna je po\u0142\u0105czy\u0107 z naszymi bluzkami, koszulami czy bodami-\u00a0 kt\u00f3re r\u00f3wnie\u017c znajdziesz w naszym\u00a0e-sklepie.\u00a0 Spodenki dwukolorowe\u00a0\u00a0skradn\u0105 serce ka\u017cdej<\/p>\n<div class=\"klb-readmore post-buttons\"><a class=\"button black outline size-sm\" href=\"https:\/\/madelinefashion.pl\/en\/product\/szorty-jeansowe-white-blue\/\">Read More <i class=\"klbth-icon-right-arrow\"><\/i><\/a><\/div>","protected":false},"featured_media":40879,"template":"","meta":[],"product_brand":[],"product_cat":[83,395],"product_tag":[240],"class_list":{"0":"post-35618","1":"product","2":"type-product","3":"status-publish","4":"has-post-thumbnail","6":"product_cat-spodnie","7":"product_cat-nowosci","8":"product_tag-jeans","9":"pa_rozmiar-34-42-142","10":"pa_rozmiar-34-42-36-2","11":"pa_rozmiar-34-42-38-2","12":"pa_rozmiar-34-42-40-2","13":"pa_rozmiar-34-42-42-2","15":"first","16":"instock","17":"product-type-variable"},"_links":{"self":[{"href":"https:\/\/madelinefashion.pl\/en\/wp-json\/wp\/v2\/product\/35618","targetHints":{"allow":["GET"]}}],"collection":[{"href":"https:\/\/madelinefashion.pl\/en\/wp-json\/wp\/v2\/product"}],"about":[{"href":"https:\/\/madelinefashion.pl\/en\/wp-json\/wp\/v2\/types\/product"}],"wp:featuredmedia":[{"embeddable":true,"href":"https:\/\/madelinefashion.pl\/en\/wp-json\/wp\/v2\/media\/40879"}],"wp:attachment":[{"href":"https:\/\/madelinefashion.pl\/en\/wp-json\/wp\/v2\/media?parent=35618"}],"wp:term":[{"taxonomy":"product_brand","embeddable":true,"href":"https:\/\/madelinefashion.pl\/en\/wp-json\/wp\/v2\/product_brand?post=35618"},{"taxonomy":"product_cat","embeddable":true,"href":"https:\/\/madelinefashion.pl\/en\/wp-json\/wp\/v2\/product_cat?post=35618"},{"taxonomy":"product_tag","embeddable":true,"href":"https:\/\/madelinefashion.pl\/en\/wp-json\/wp\/v2\/product_tag?post=35618"}],"curies":[{"name":"wp","href":"https:\/\/api.w.org\/{rel}","templated":true}]}}