{"id":36135,"date":"2022-04-25T11:25:40","date_gmt":"2022-04-25T09:25:40","guid":{"rendered":"https:\/\/madelinefashion.pl\/?post_type=product&#038;p=36135"},"modified":"2025-10-01T07:34:30","modified_gmt":"2025-10-01T05:34:30","slug":"spodnie-skorzane-gladkie-z-paskiem-wiazane-karmelowe","status":"publish","type":"product","link":"https:\/\/madelinefashion.pl\/en\/product\/spodnie-skorzane-gladkie-z-paskiem-wiazane-karmelowe\/","title":{"rendered":"Smooth leather trousers with a belt, tied with caramel"},"content":{"rendered":"<h3 style=\"text-align: center;\">Smooth leather trousers with a belt, tied with caramel<\/h3>\n<p style=\"text-align: center;\"><strong>Leather trousers with a decorative binding <\/strong>is a fashionable element that must not be missing in your wardrobe. Pants made of high-quality material with <strong>high waisted<\/strong>which perfect <strong>model the body<\/strong>. They are a great base for creating casual outfits. Their timeless cut will also perfectly complement the formal styling, introducing a bit of avant-garde to them. We recommend combining them with ours <a href=\"https:\/\/madelinefashion.pl\/en\/bluzki-2\/koszule\/\">shirts<\/a>, <a href=\"https:\/\/madelinefashion.pl\/en\/bluzki-2\/\">blouses<\/a>, <a href=\"https:\/\/madelinefashion.pl\/en\/body\/\">body<\/a> in P <a href=\"https:\/\/madelinefashion.pl\/en\/product-tag\/ramoneski\/\">Ramones jacket<\/a> <a href=\"https:\/\/madelinefashion.pl\/en\/?s=valentino&amp;post_type=product\">Valentino <\/a>\u00a0 if <a href=\"https:\/\/madelinefashion.pl\/en\/ramoneska-czarna-z-fredzlami-vopse\/\">Vopse<\/a> . Pants quality <strong>premium<\/strong>, elastic material that perfectly fits the body. Pants perfectly emphasize the buttocks !! If you have any further questions about this product, please do not hesitate to contact us by phone or help <a href=\"https:\/\/www.facebook.com\/madelinefashionbutik\/\" target=\"_blank\" rel=\"noopener\">Facebook<\/a> . Follow the new trends with <a href=\"https:\/\/madelinefashion.pl\/en\/\"><strong>Madelinefashion<\/strong><\/a>. In the information after the purchase, you can send your measurements, we will choose the perfect pants for you. <strong>Pants in size 36 38 40 42<\/strong><\/p>\n<h3 style=\"text-align: center;\">Dimensions:<\/h3>\n<p style=\"text-align: center;\"><strong><span style=\"vertical-align: inherit;\">SIZE S 36\u00a0<\/span><\/strong><\/p>\n<ul style=\"text-align: center;\">\n<li><span style=\"vertical-align: inherit;\">Overall length: 96 cm<\/span><\/li>\n<li><span style=\"vertical-align: inherit;\">Inside leg length: 68 cm<\/span><\/li>\n<li><span style=\"vertical-align: inherit;\">Waist width: 31-40 cm<\/span><\/li>\n<li><span style=\"vertical-align: inherit;\">Waist: 31 cm<\/span><\/li>\n<li><\/li>\n<\/ul>\n<p style=\"text-align: center;\"><strong><span style=\"vertical-align: inherit;\">SIZE M 38\u00a0<\/span><\/strong><\/p>\n<ul style=\"text-align: center;\">\n<li><span style=\"vertical-align: inherit;\">Overall length: 96 cm<\/span><\/li>\n<li><span style=\"vertical-align: inherit;\">Inside leg length: 68 cm<\/span><\/li>\n<li><span style=\"vertical-align: inherit;\">Waist width: 32-41 cm<\/span><\/li>\n<li><span style=\"vertical-align: inherit;\">Waist: 32 cm<\/span><\/li>\n<li><\/li>\n<\/ul>\n<p style=\"text-align: center;\"><strong><span style=\"vertical-align: inherit;\">SIZE L 40\u00a0<\/span><\/strong><\/p>\n<ul>\n<li style=\"text-align: center;\"><span style=\"vertical-align: inherit;\">Overall length: 98 cm<\/span><\/li>\n<li style=\"text-align: center;\"><span style=\"vertical-align: inherit;\">Inside leg length: 68 cm<\/span><\/li>\n<li style=\"text-align: center;\"><span style=\"vertical-align: inherit;\">Waist width: 33-42 cm<\/span><\/li>\n<li style=\"text-align: center;\"><span style=\"vertical-align: inherit;\">Waist: 33 cm<\/span><\/li>\n<li><\/li>\n<li style=\"text-align: center;\"><strong>SIZE L 40\u00a0<\/strong><\/li>\n<li style=\"text-align: center;\">Overall length: 99 cm<\/li>\n<li style=\"text-align: center;\">Inside leg length: 68 cm<\/li>\n<li style=\"text-align: center;\">Waist width: 34-43 cm<\/li>\n<li style=\"text-align: center;\">Waist: 34 cm<\/li>\n<li><\/li>\n<li><\/li>\n<\/ul>\n<p style=\"text-align: center;\">The dimensions may be slightly different from the given +\/- 2cm. All dimensions given are measured flat. <strong>X2 dimension<\/strong><\/p>\n<p>&nbsp;<\/p>\n<div class=\"tabs tabs-bb clear mb-80\">\n<div class=\"tab-content\">\n<div id=\"tab-description\" class=\"tab-pane fade in woocommerce-Tabs-panel--description active\">\n<p style=\"text-align: center;\">The model has\u00a0<strong>169<\/strong>\u00a0cm tall, wears a size every day\u00a0<strong>S.<\/strong><\/p>\n<p style=\"text-align: center;\">The width at the bust is 92 cm<\/p>\n<p style=\"text-align: center;\">Waist width 62 cm<\/p>\n<p style=\"text-align: center;\">The width at the hips is 94 cm<\/p>\n<div class=\"additional-details\" style=\"text-align: center;\"><\/div>\n<\/div>\n<\/div>\n<\/div>","protected":false},"excerpt":{"rendered":"<p>Spodnie Sk\u00f3rzane G\u0142adkie Z Paskiem Wi\u0105zane Karmelowe Spodnie Sk\u00f3rzane z Ozdobnym wi\u0105zaniem to modny element, kt\u00f3rego nie mo\u017ce zabrakn\u0105\u0107 w Twojej garderobie. Spodnie wykonane z wysokiej jako\u015bci materia\u0142u z wysokim stanem, \u00a0kt\u00f3re doskonale modeluj\u0105 sylwetk\u0119. Stanowi\u0105 \u015bwietn\u0105 baz\u0119 do tworzenia niezobowi\u0105zuj\u0105cych outfit\u00f3w. Ich ponadczasowy kr\u00f3j perfekcyjnie uzupe\u0142ni r\u00f3wnie\u017c formalne stylizacj\u0119, wprowadzaj\u0105c do niech nieco awangardy.<\/p>\n<div class=\"klb-readmore post-buttons\"><a class=\"button black outline size-sm\" href=\"https:\/\/madelinefashion.pl\/en\/product\/spodnie-skorzane-gladkie-z-paskiem-wiazane-karmelowe\/\">Read More <i class=\"klbth-icon-right-arrow\"><\/i><\/a><\/div>","protected":false},"featured_media":35537,"template":"","meta":[],"product_brand":[],"product_cat":[83],"product_tag":[475],"class_list":{"0":"post-36135","1":"product","2":"type-product","3":"status-publish","4":"has-post-thumbnail","6":"product_cat-spodnie","7":"product_tag-spodnie-dlugie","8":"pa_rozmiar-xl","9":"pa_rozmiar-s","10":"pa_rozmiar-m","11":"pa_rozmiar-l","13":"first","14":"instock","15":"product-type-variable"},"_links":{"self":[{"href":"https:\/\/madelinefashion.pl\/en\/wp-json\/wp\/v2\/product\/36135","targetHints":{"allow":["GET"]}}],"collection":[{"href":"https:\/\/madelinefashion.pl\/en\/wp-json\/wp\/v2\/product"}],"about":[{"href":"https:\/\/madelinefashion.pl\/en\/wp-json\/wp\/v2\/types\/product"}],"wp:featuredmedia":[{"embeddable":true,"href":"https:\/\/madelinefashion.pl\/en\/wp-json\/wp\/v2\/media\/35537"}],"wp:attachment":[{"href":"https:\/\/madelinefashion.pl\/en\/wp-json\/wp\/v2\/media?parent=36135"}],"wp:term":[{"taxonomy":"product_brand","embeddable":true,"href":"https:\/\/madelinefashion.pl\/en\/wp-json\/wp\/v2\/product_brand?post=36135"},{"taxonomy":"product_cat","embeddable":true,"href":"https:\/\/madelinefashion.pl\/en\/wp-json\/wp\/v2\/product_cat?post=36135"},{"taxonomy":"product_tag","embeddable":true,"href":"https:\/\/madelinefashion.pl\/en\/wp-json\/wp\/v2\/product_tag?post=36135"}],"curies":[{"name":"wp","href":"https:\/\/api.w.org\/{rel}","templated":true}]}}