{"id":37715,"date":"2022-05-07T15:52:54","date_gmt":"2022-05-07T13:52:54","guid":{"rendered":"https:\/\/madelinefashion.pl\/?post_type=product&#038;p=37715"},"modified":"2026-03-26T12:40:21","modified_gmt":"2026-03-26T11:40:21","slug":"szpilki-zlote-z-ozdobnymi-kamieniami-mile","status":"publish","type":"product","link":"https:\/\/madelinefashion.pl\/en\/product\/szpilki-zlote-z-ozdobnymi-kamieniami-mile\/","title":{"rendered":"Gold Pins With Decorative Mile Stones"},"content":{"rendered":"<h3 style=\"text-align: center;\">Gold Pins With Decorative Mile Stones<\/h3>\n<p>Gold high heels with decorative Miles Stones, made of varnished ecological leather with transparent stripes covered with beautifully shimmering stones.<br \/>\nVery comfortable. They attract attention with their uniqueness. <strong>They will work as an element of any styling.<\/strong> The original cut and color will decorate a fashionable styling. Eye-catching will make you delight everyone! This model will suit various styles, not only elegant dresses. Perfect footwear for everyday outings for women who value originality. A durable and flexible sole is made of high-quality plastic. <strong>When choosing a size, please use the size chart<a href=\"https:\/\/madelinefashion.pl\/en\/sukienki-i-kombinezony\/sukienki-okolicznosciowe\/\"> Our Wedding Creations\u00a0<\/a><\/strong><\/p>\n<h3 style=\"text-align: center;\">Characteristics:<\/h3>\n<ul>\n<li style=\"text-align: center;\"><strong>Color<\/strong>: Gold<\/li>\n<li style=\"text-align: center;\"><strong>Outer material<\/strong>: Artificial leather<\/li>\n<li style=\"text-align: center;\"><strong>Numbering<\/strong>: Typical - we suggest choosing the size you are wearing<\/li>\n<li style=\"text-align: center;\"><strong>Type of heel<\/strong>: Pin<\/li>\n<li style=\"text-align: center;\"><strong>Insert<\/strong>: Artificial leather<\/li>\n<li style=\"text-align: center;\">Comfortable, stable<\/li>\n<li style=\"text-align: center;\">Classic<\/li>\n<li style=\"text-align: center;\"><strong>Season<\/strong> spring Summer Autumn Winter<\/li>\n<li style=\"text-align: center;\">Timeless<\/li>\n<li style=\"text-align: center;\">Product code 2861-199<\/li>\n<\/ul>\n<h3 style=\"text-align: center;\">Dimensions<\/h3>\n<p style=\"text-align: center;\"><strong>Heel Height: 11<\/strong>\u00a0cm<\/p>\n<p>&nbsp;<\/p>\n<table width=\"540\">\n<thead>\n<tr>\n<td width=\"216\"><strong>EU size<\/strong><\/td>\n<td width=\"316\"><strong>The length of the insert<\/strong><\/td>\n<\/tr>\n<\/thead>\n<tbody>\n<tr>\n<td width=\"216\"><strong>36<\/strong><\/td>\n<td width=\"316\">23.5 cm<\/td>\n<\/tr>\n<tr>\n<td width=\"216\"><strong>37<\/strong><\/td>\n<td width=\"316\">24 cm<\/td>\n<\/tr>\n<tr>\n<td width=\"216\"><strong>38<\/strong><\/td>\n<td width=\"316\">24.5 cm<\/td>\n<\/tr>\n<tr>\n<td width=\"216\"><strong>39<\/strong><\/td>\n<td width=\"316\">25 cm<\/td>\n<\/tr>\n<tr>\n<td width=\"216\"><strong>40<\/strong><\/td>\n<td width=\"316\">25.5 cm<\/td>\n<\/tr>\n<tr>\n<td width=\"216\"><strong>41<\/strong><\/td>\n<td width=\"316\">26 cm<\/td>\n<\/tr>\n<\/tbody>\n<\/table>\n<div class=\"wrap-content\">\n<div class=\"main-container container\">\n<div class=\"row\">\n<section class=\"main-content sidebar-left-false\">\n<div class=\"product-page page\">\n<div class=\"page-content\">\n<div id=\"ProductSizing\" class=\"product-sizing modal fade in\" tabindex=\"-1\" role=\"dialog\" aria-hidden=\"false\">\n<div class=\"modal-dialog\">\n<div class=\"modal-content\">\n<div class=\"widget html_editor\">\n<p>&nbsp;<\/p>\n<\/div>\n<p>&nbsp;<\/p>\n<\/div>\n<\/div>\n<\/div>\n<\/div>\n<\/div>\n<\/section>\n<\/div>\n<\/div>\n<\/div>\n<div class=\"wrap-footer\">\n<footer class=\"\">\n<div class=\"container\">\n<div class=\"footer-newsletter-box\"><\/div>\n<\/div>\n<\/footer>\n<\/div>\n<table>\n<tbody>\n<tr>\n<td width=\"302\">Model Name<\/td>\n<td width=\"302\">Gold Pins With Decorative Mile Stones<\/td>\n<\/tr>\n<tr>\n<td width=\"302\">Color<\/td>\n<td width=\"302\">Champagne Gold<\/td>\n<\/tr>\n<tr>\n<td width=\"302\">Sizes<\/td>\n<td width=\"302\">36 37\u00a0 38\u00a0 39 40, 41<\/td>\n<\/tr>\n<tr>\n<td width=\"302\">Material<\/td>\n<td width=\"302\">Artificial leather<\/td>\n<\/tr>\n<tr>\n<td width=\"302\">Type of heel<\/td>\n<td width=\"302\">Pin<\/td>\n<\/tr>\n<tr>\n<td width=\"302\">Style<\/td>\n<td width=\"302\">Elegant \/ Classic<\/td>\n<\/tr>\n<tr>\n<td width=\"302\">Collection<\/td>\n<td width=\"302\">Spring \/ Fall \/ Summer<\/td>\n<\/tr>\n<\/tbody>\n<\/table>\n<div class=\"tabs tabs-bb clear mb-80\">\n<div class=\"tab-content\">\n<div id=\"tab-description\" class=\"tab-pane fade in woocommerce-Tabs-panel--description active\">\n<p style=\"text-align: center;\">\n<\/div>\n<\/div>\n<\/div>\n<section class=\"up-sells upsells products mb-80\"><\/section>\n<p style=\"text-align: left;\">Product Code: Yes 963-50<\/p>","protected":false},"excerpt":{"rendered":"<p>Szpilki Z\u0142ote z Ozdobnymi Kamieniami Mile Szpilki Z\u0142ote z Ozdobnymi Kamieniami Mile\u00a0 wykonane z lakierowanej sk\u00f3ry ekologicznej z\u00a0transparentnymi paskami pokrytymi przepi\u0119knie mieni\u0105cymi si\u0119 kamieniami. Bardzo wygodne. Przyci\u0105gaj\u0105 uwag\u0119 sw\u0105 niepowtarzalno\u015bci\u0105. Sprawdz\u0105 si\u0119 jako element ka\u017cdej stylizacji. Oryginalny fason i kolor b\u0119dzie ozdob\u0105 modnej stylizacji. Efektowne sprawi\u0105, \u017ce b\u0119dziesz zachwyca\u0107 ka\u017cdego!\u00a0 \u00a0Model ten b\u0119dzie pasowa\u0107 do<\/p>\n<div class=\"klb-readmore post-buttons\"><a class=\"button black outline size-sm\" href=\"https:\/\/madelinefashion.pl\/en\/product\/szpilki-zlote-z-ozdobnymi-kamieniami-mile\/\">Read More <i class=\"klbth-icon-right-arrow\"><\/i><\/a><\/div>","protected":false},"featured_media":56829,"template":"","meta":[],"product_brand":[],"product_cat":[400,380],"product_tag":[440],"class_list":{"0":"post-37715","1":"product","2":"type-product","3":"status-publish","4":"has-post-thumbnail","6":"product_cat-buty","7":"product_cat-wyprzedaz","8":"product_tag-szpilki","10":"first","11":"outofstock","12":"product-type-variable"},"_links":{"self":[{"href":"https:\/\/madelinefashion.pl\/en\/wp-json\/wp\/v2\/product\/37715","targetHints":{"allow":["GET"]}}],"collection":[{"href":"https:\/\/madelinefashion.pl\/en\/wp-json\/wp\/v2\/product"}],"about":[{"href":"https:\/\/madelinefashion.pl\/en\/wp-json\/wp\/v2\/types\/product"}],"wp:featuredmedia":[{"embeddable":true,"href":"https:\/\/madelinefashion.pl\/en\/wp-json\/wp\/v2\/media\/56829"}],"wp:attachment":[{"href":"https:\/\/madelinefashion.pl\/en\/wp-json\/wp\/v2\/media?parent=37715"}],"wp:term":[{"taxonomy":"product_brand","embeddable":true,"href":"https:\/\/madelinefashion.pl\/en\/wp-json\/wp\/v2\/product_brand?post=37715"},{"taxonomy":"product_cat","embeddable":true,"href":"https:\/\/madelinefashion.pl\/en\/wp-json\/wp\/v2\/product_cat?post=37715"},{"taxonomy":"product_tag","embeddable":true,"href":"https:\/\/madelinefashion.pl\/en\/wp-json\/wp\/v2\/product_tag?post=37715"}],"curies":[{"name":"wp","href":"https:\/\/api.w.org\/{rel}","templated":true}]}}