{"id":37759,"date":"2022-05-07T16:43:16","date_gmt":"2022-05-07T14:43:16","guid":{"rendered":"https:\/\/madelinefashion.pl\/?post_type=product&#038;p=37759"},"modified":"2026-03-26T12:40:21","modified_gmt":"2026-03-26T11:40:21","slug":"buty-sportowe-skarpetkowe-fresto-czerwone-nb527p","status":"publish","type":"product","link":"https:\/\/madelinefashion.pl\/en\/product\/buty-sportowe-skarpetkowe-fresto-czerwone-nb527p\/","title":{"rendered":"FRESTO Red NB527P sock sports shoes"},"content":{"rendered":"<h3 style=\"text-align: center;\">FRESTO Red NB527P sock sports shoes<\/h3>\n<p style=\"text-align: center;\">Sports shoes, perfect for everyday use. Perfect for long walks, for exercise, jogging, but also for work or school.<br \/>\nWomen&#039;s sports shoes made of flexible, breathable material. Comfort is provided by a soft, material insole.<\/p>\n<p style=\"text-align: center;\"><b>Outer material:\u00a0<\/b>Fabric<br \/>\n<b>Numbering:\u00a0<\/b>Typical - we suggest choosing the size you are wearing<br \/>\n<b>Platform \/ Sole: <\/b>3 cm<br \/>\n<b>Type of heel:\u00a0<\/b>Platform<br \/>\n<b>Insert:\u00a0<\/b>Material<br \/>\n<b>Shaft Height:\u00a0<\/b>7.5 cm<br \/>\n<b>Clasp:\u00a0<\/b>Lace-up<\/p>\n<p>&nbsp;<\/p>\n<table width=\"540\">\n<thead>\n<tr>\n<td width=\"216\"><strong>EU size<\/strong><\/td>\n<td width=\"316\"><strong>The length of the insert<\/strong><\/td>\n<\/tr>\n<\/thead>\n<tbody>\n<tr>\n<td width=\"216\"><strong>36<\/strong><\/td>\n<td width=\"316\">22.5 cm<\/td>\n<\/tr>\n<tr>\n<td width=\"216\"><strong>37<\/strong><\/td>\n<td width=\"316\">23.5 cm<\/td>\n<\/tr>\n<tr>\n<td width=\"216\"><strong>38<\/strong><\/td>\n<td width=\"316\">24.5 cm<\/td>\n<\/tr>\n<tr>\n<td width=\"216\"><strong>39<\/strong><\/td>\n<td width=\"316\">25 cm<\/td>\n<\/tr>\n<tr>\n<td width=\"216\"><strong>40<\/strong><\/td>\n<td width=\"316\">26 cm<\/td>\n<\/tr>\n<tr>\n<td width=\"216\"><strong>41<\/strong><\/td>\n<td width=\"316\">26.5 cm<\/td>\n<\/tr>\n<\/tbody>\n<\/table>\n<div class=\"wrap-content\">\n<div class=\"main-container container\">\n<div class=\"row\">\n<section class=\"main-content sidebar-left-false\">\n<div class=\"product-page page\">\n<div class=\"page-content\">\n<div id=\"ProductSizing\" class=\"product-sizing modal fade in\" tabindex=\"-1\" role=\"dialog\" aria-hidden=\"false\">\n<div class=\"modal-dialog\">\n<div class=\"modal-content\">\n<div class=\"widget html_editor\">\n<p>&nbsp;<\/p>\n<\/div>\n<p>&nbsp;<\/p>\n<\/div>\n<\/div>\n<\/div>\n<\/div>\n<\/div>\n<\/section>\n<\/div>\n<\/div>\n<\/div>\n<div class=\"wrap-footer\">\n<footer class=\"\">\n<div class=\"container\">\n<div class=\"footer-newsletter-box\"><\/div>\n<\/div>\n<\/footer>\n<\/div>\n<table>\n<tbody>\n<tr>\n<td width=\"302\">Model Name<\/td>\n<td width=\"302\">FRESTO NB527P sock sports shoes<\/td>\n<\/tr>\n<tr>\n<td width=\"302\">Color<\/td>\n<td width=\"302\">Red<\/td>\n<\/tr>\n<tr>\n<td width=\"302\">Sizes<\/td>\n<td width=\"302\">36 37\u00a0 38\u00a0 39 40 41<\/td>\n<\/tr>\n<tr>\n<td width=\"302\">Sole<\/td>\n<td width=\"302\">Rubber<\/td>\n<\/tr>\n<tr>\n<td width=\"302\">Warming<\/td>\n<td width=\"302\">Not<\/td>\n<\/tr>\n<tr>\n<td width=\"302\">Clasp<\/td>\n<td width=\"302\">Knotted<\/td>\n<\/tr>\n<tr>\n<td width=\"302\">Collection<\/td>\n<td width=\"302\">Spring \/ Fall \/ Summer<\/td>\n<\/tr>\n<\/tbody>\n<\/table>\n<div class=\"tabs tabs-bb clear mb-80\">\n<div class=\"tab-content\">\n<div id=\"tab-description\" class=\"tab-pane fade in woocommerce-Tabs-panel--description active\">\n<p style=\"text-align: center;\">\n<\/div>\n<\/div>\n<\/div>\n<section class=\"up-sells upsells products mb-80\"><\/section>\n<p style=\"text-align: left;\">","protected":false},"excerpt":{"rendered":"<p>Buty sportowe skarpetkowe FRESTO Czerwone NB527P Sportowe obuwie, idealne na co dzie\u0144. Fantastycznie sprawdzi si\u0119 na d\u0142ugich spacerach, do \u0107wicze\u0144, joggingu ale zar\u00f3wno do pracy lub szko\u0142y. Damskie buty sportowe wykonane z elastycznego, oddychaj\u0105cego materia\u0142u. Komfort zapewnia mi\u0119kka, materia\u0142owa wk\u0142adka. Materia\u0142 zewn\u0119trzny:\u00a0Tkanina Numeracja:\u00a0Typowa &#8211; sugerujemy wyb\u00f3r rozmiaru jaki nosisz Platforma \/ Podeszwa: 3 cm Rodzaj<\/p>\n<div class=\"klb-readmore post-buttons\"><a class=\"button black outline size-sm\" href=\"https:\/\/madelinefashion.pl\/en\/product\/buty-sportowe-skarpetkowe-fresto-czerwone-nb527p\/\">Read More <i class=\"klbth-icon-right-arrow\"><\/i><\/a><\/div>","protected":false},"featured_media":37728,"template":"","meta":[],"product_brand":[],"product_cat":[400,380],"product_tag":[495],"class_list":{"0":"post-37759","1":"product","2":"type-product","3":"status-publish","4":"has-post-thumbnail","6":"product_cat-buty","7":"product_cat-wyprzedaz","8":"product_tag-buty-sportowe","10":"first","11":"instock","12":"sale","13":"purchasable","14":"product-type-variable"},"_links":{"self":[{"href":"https:\/\/madelinefashion.pl\/en\/wp-json\/wp\/v2\/product\/37759","targetHints":{"allow":["GET"]}}],"collection":[{"href":"https:\/\/madelinefashion.pl\/en\/wp-json\/wp\/v2\/product"}],"about":[{"href":"https:\/\/madelinefashion.pl\/en\/wp-json\/wp\/v2\/types\/product"}],"wp:featuredmedia":[{"embeddable":true,"href":"https:\/\/madelinefashion.pl\/en\/wp-json\/wp\/v2\/media\/37728"}],"wp:attachment":[{"href":"https:\/\/madelinefashion.pl\/en\/wp-json\/wp\/v2\/media?parent=37759"}],"wp:term":[{"taxonomy":"product_brand","embeddable":true,"href":"https:\/\/madelinefashion.pl\/en\/wp-json\/wp\/v2\/product_brand?post=37759"},{"taxonomy":"product_cat","embeddable":true,"href":"https:\/\/madelinefashion.pl\/en\/wp-json\/wp\/v2\/product_cat?post=37759"},{"taxonomy":"product_tag","embeddable":true,"href":"https:\/\/madelinefashion.pl\/en\/wp-json\/wp\/v2\/product_tag?post=37759"}],"curies":[{"name":"wp","href":"https:\/\/api.w.org\/{rel}","templated":true}]}}