{"id":37772,"date":"2022-05-07T17:54:15","date_gmt":"2022-05-07T15:54:15","guid":{"rendered":"https:\/\/madelinefashion.pl\/?post_type=product&#038;p=37772"},"modified":"2024-04-10T18:47:03","modified_gmt":"2024-04-10T16:47:03","slug":"czarne-klapki-z-kwiatkami-givana-560","status":"publish","type":"product","link":"https:\/\/madelinefashion.pl\/en\/product\/czarne-klapki-z-kwiatkami-givana-560\/","title":{"rendered":"Givana 560 Black Slippers with Flowers"},"content":{"rendered":"<h3 style=\"text-align: center;\">Givana 560 Black Slippers with Flowers<\/h3>\n<p style=\"text-align: center;\"><strong>Black Slippers with Flowers<\/strong> Affordable Givana is an excellent choice for women who are looking for summer shoes. In addition, a fashionable cut and interesting decorations perfectly match the modern style. Modern design and, at the same time, versatility make them eagerly chosen by women. In turn, the manufacturer&#039;s attention to detail makes them reliable. The decorative flower on the front adds charm to them. Additionally offered by us <strong>black slippers<\/strong> They fit both with shorts and a top, as well as with an airy dress or skirt. Slippers are a great proposition for women who value comfort on summer days! The shoes have a soft material insert and a rubber sole. <strong>When choosing a size, please use the size chart.<\/strong><\/p>\n<p>&nbsp;<\/p>\n<ul>\n<li style=\"text-align: center;\">non-slip flexible sole<\/li>\n<li style=\"text-align: center;\"><strong>shoes ideal for everyday use as well as for the beach<\/strong><\/li>\n<li style=\"text-align: center;\">convenience and comfort of wearing is ensured by a flat sole<\/li>\n<li style=\"text-align: center;\">original cut - an interesting look ensures a beautiful one <strong>flower on the front<\/strong>which gives them charm<\/li>\n<li style=\"text-align: center;\">made of high-quality materials, with attention to detail<\/li>\n<\/ul>\n<p>&nbsp;<\/p>\n<p>&nbsp;<\/p>\n<table width=\"540\">\n<thead>\n<tr>\n<td width=\"216\"><strong>EU size<\/strong><\/td>\n<td width=\"316\"><strong>The length of the insert<\/strong><\/td>\n<\/tr>\n<\/thead>\n<tbody>\n<tr>\n<td width=\"216\"><strong>36<\/strong><\/td>\n<td width=\"316\">23 cm<\/td>\n<\/tr>\n<tr>\n<td width=\"216\"><strong>37<\/strong><\/td>\n<td width=\"316\">23.5 cm<\/td>\n<\/tr>\n<tr>\n<td width=\"216\"><strong>38<\/strong><\/td>\n<td width=\"316\">24 cm<\/td>\n<\/tr>\n<tr>\n<td width=\"216\"><strong>39<\/strong><\/td>\n<td width=\"316\">24.5 cm<\/td>\n<\/tr>\n<tr>\n<td width=\"216\"><strong>40<\/strong><\/td>\n<td width=\"316\">25 cm<\/td>\n<\/tr>\n<tr>\n<td width=\"216\"><strong>41<\/strong><\/td>\n<td width=\"316\">25.5 cm<\/td>\n<\/tr>\n<\/tbody>\n<\/table>\n<div class=\"wrap-content\">\n<div class=\"main-container container\">\n<div class=\"row\">\n<section class=\"main-content sidebar-left-false\">\n<div class=\"product-page page\">\n<div class=\"page-content\">\n<div id=\"ProductSizing\" class=\"product-sizing modal fade in\" tabindex=\"-1\" role=\"dialog\" aria-hidden=\"false\">\n<div class=\"modal-dialog\">\n<div class=\"modal-content\">\n<div class=\"widget html_editor\">\n<p>&nbsp;<\/p>\n<\/div>\n<p>&nbsp;<\/p>\n<\/div>\n<\/div>\n<\/div>\n<\/div>\n<\/div>\n<\/section>\n<\/div>\n<\/div>\n<\/div>\n<div class=\"wrap-footer\">\n<footer class=\"\">\n<div class=\"container\">\n<div class=\"footer-newsletter-box\"><\/div>\n<\/div>\n<\/footer>\n<\/div>\n<table>\n<tbody>\n<tr>\n<td width=\"302\">Model Name<\/td>\n<td width=\"302\">Black Slippers with Givana flowers<\/td>\n<\/tr>\n<tr>\n<td width=\"302\">Color<\/td>\n<td width=\"302\">Black<\/td>\n<\/tr>\n<tr>\n<td width=\"302\">Sizes<\/td>\n<td width=\"302\">36 37\u00a0 38\u00a0 39 40 41<\/td>\n<\/tr>\n<tr>\n<td width=\"302\">Sole<\/td>\n<td width=\"302\">Rubber<\/td>\n<\/tr>\n<tr>\n<td width=\"302\">Additional features<\/td>\n<td width=\"302\">Breathable, Wicking, Pompom<\/td>\n<\/tr>\n<tr>\n<td width=\"302\">Clasp<\/td>\n<td width=\"302\">No (slip-on)<\/td>\n<\/tr>\n<tr>\n<td width=\"302\">Collection<\/td>\n<td width=\"302\">Spring \/ Fall \/ Summer<\/td>\n<\/tr>\n<\/tbody>\n<\/table>\n<div class=\"tabs tabs-bb clear mb-80\">\n<div class=\"tab-content\">\n<div id=\"tab-description\" class=\"tab-pane fade in woocommerce-Tabs-panel--description active\">\n<p style=\"text-align: center;\">\n<\/div>\n<\/div>\n<\/div>\n<section class=\"up-sells upsells products mb-80\"><\/section>\n<p style=\"text-align: left;\">","protected":false},"excerpt":{"rendered":"<p>Czarne Klapki z Kwiatkami Givana 560 Czarne Klapki z Kwiatkami Givana w przyst\u0119pnej cenie to doskona\u0142y wyb\u00f3r dla kobiet, kt\u00f3re poszukuj\u0105 obuwia na lato. Dodatkowo modny fason\u00a0 i ciekawe ozdoby doskonale wpisuj\u0105 si\u0119 w nowoczesny styl. Nowoczesny design i jednocze\u015bnie uniwersalno\u015b\u0107 sprawiaj\u0105, \u017ce s\u0105 ch\u0119tnie wybierane przez kobiety. Z kolei dba\u0142o\u015b\u0107 producenta o detale sprawia,<\/p>\n<div class=\"klb-readmore post-buttons\"><a class=\"button black outline size-sm\" href=\"https:\/\/madelinefashion.pl\/en\/product\/czarne-klapki-z-kwiatkami-givana-560\/\">Read More <i class=\"klbth-icon-right-arrow\"><\/i><\/a><\/div>","protected":false},"featured_media":37768,"template":"","meta":[],"product_brand":[],"product_cat":[400,395],"product_tag":[494],"class_list":{"0":"post-37772","1":"product","2":"type-product","3":"status-publish","4":"has-post-thumbnail","6":"product_cat-buty","7":"product_cat-nowosci","8":"product_tag-klapki","10":"first","11":"instock","12":"product-type-variable"},"_links":{"self":[{"href":"https:\/\/madelinefashion.pl\/en\/wp-json\/wp\/v2\/product\/37772","targetHints":{"allow":["GET"]}}],"collection":[{"href":"https:\/\/madelinefashion.pl\/en\/wp-json\/wp\/v2\/product"}],"about":[{"href":"https:\/\/madelinefashion.pl\/en\/wp-json\/wp\/v2\/types\/product"}],"wp:featuredmedia":[{"embeddable":true,"href":"https:\/\/madelinefashion.pl\/en\/wp-json\/wp\/v2\/media\/37768"}],"wp:attachment":[{"href":"https:\/\/madelinefashion.pl\/en\/wp-json\/wp\/v2\/media?parent=37772"}],"wp:term":[{"taxonomy":"product_brand","embeddable":true,"href":"https:\/\/madelinefashion.pl\/en\/wp-json\/wp\/v2\/product_brand?post=37772"},{"taxonomy":"product_cat","embeddable":true,"href":"https:\/\/madelinefashion.pl\/en\/wp-json\/wp\/v2\/product_cat?post=37772"},{"taxonomy":"product_tag","embeddable":true,"href":"https:\/\/madelinefashion.pl\/en\/wp-json\/wp\/v2\/product_tag?post=37772"}],"curies":[{"name":"wp","href":"https:\/\/api.w.org\/{rel}","templated":true}]}}