{"id":38787,"date":"2022-05-13T12:48:36","date_gmt":"2022-05-13T10:48:36","guid":{"rendered":"https:\/\/madelinefashion.pl\/?post_type=product&#038;p=38787"},"modified":"2026-01-20T10:33:53","modified_gmt":"2026-01-20T09:33:53","slug":"t-shirt-collevision-bezowy","status":"publish","type":"product","link":"https:\/\/madelinefashion.pl\/en\/product\/t-shirt-collevision-bezowy\/","title":{"rendered":"Collevision T-shirt Beige"},"content":{"rendered":"<h3 style=\"text-align: center;\">Collevision T-shirt Beige<\/h3>\n<p style=\"text-align: center;\"><strong>White T-shirt with a print<\/strong>\u00a0- with a V-style cut on the neckline. It is a blouse that will match most styles - due to the pattern. Pleasant to the touch, breathable material will provide you with comfort. A simple, universal T-shirt you can wear all year round, regardless of the season. Pair it with a denim katana and waxed trousers. Available in our store in various colors. It is a model in which you will not pass unnoticed. The size is<strong> universal recommended from S to XXL\u00a0<\/strong><\/p>\n<h3 style=\"text-align: center;\">Dimensions :<\/h3>\n<ul>\n<li style=\"text-align: center;\">\u00a0\u00a0\u00a0\u00a0\u00a0\u00a0\u00a0 Overall length: 71 cm<\/li>\n<li style=\"text-align: center;\">\u00a0 \u00a0 \u00a0 \u00a0 Width from armpit to armpit: 52 cm -63 cm<\/li>\n<li style=\"text-align: center;\">Sleeve length from armpit: 10 cm<br \/>\nSleeve length from the shoulder: 16 cm<\/li>\n<\/ul>\n<p style=\"text-align: center;\">Dimensions may slightly differ from the given +\/- 2cm. All dimensions given are measured flat.<\/p>\n<table>\n<tbody>\n<tr>\n<td width=\"302\">Model name<\/td>\n<td width=\"302\">Collevision T-Shirt<\/td>\n<\/tr>\n<tr>\n<td width=\"302\">Color<\/td>\n<td width=\"302\">Without<\/td>\n<\/tr>\n<tr>\n<td width=\"302\">Sizes<\/td>\n<td width=\"302\">Universal<\/td>\n<\/tr>\n<tr>\n<td width=\"302\">Fashion<\/td>\n<td width=\"302\">Oversize<\/td>\n<\/tr>\n<tr>\n<td width=\"302\">Material<\/td>\n<td width=\"302\">95 % Cotton 5% Elastane<\/td>\n<\/tr>\n<\/tbody>\n<\/table>\n<p style=\"text-align: center;\"><span style=\"font-size: 10pt;\">\u00a0<\/span><\/p>\n<p style=\"text-align: center;\">\u00a0The model has\u00a0<strong>169<\/strong>\u00a0cm tall, wears a size every day\u00a0<strong>S.<\/strong><\/p>\n<p style=\"text-align: center;\">The width at the bust is 92 cm<\/p>\n<p style=\"text-align: center;\">Waist width 62 cm<\/p>\n<p style=\"text-align: center;\">The width at the hips is 94 cm<\/p>\n<div class=\"additional-details\"><\/div>","protected":false},"excerpt":{"rendered":"<p>T-shirt Collevision Be\u017cowy Bia\u0142y T-shirt z\u00a0 nadrukiem\u00a0&#8211; z wyci\u0119ciem\u00a0 w stylu V na dekolcie. Jest to bluzka , kt\u00f3ra b\u0119dzie pasowa\u0142a do wi\u0119kszo\u015bci stylizacji\u2013 ze wzgl\u0119du na wz\u00f3r. Przyjemny w dotyku, oddychaj\u0105cy materia\u0142 zapewni Ci komfort noszenia. Prosty, uniwersalny T-shirt mo\u017cesz nosi\u0107 przez ca\u0142y rok, niezale\u017cnie od pory roku. Po\u0142\u0105cz go z jeansowi katan\u0105 i<\/p>\n<div class=\"klb-readmore post-buttons\"><a class=\"button black outline size-sm\" href=\"https:\/\/madelinefashion.pl\/en\/product\/t-shirt-collevision-bezowy\/\">Read More <i class=\"klbth-icon-right-arrow\"><\/i><\/a><\/div>","protected":false},"featured_media":38694,"template":"","meta":[],"product_brand":[],"product_cat":[77,85],"product_tag":[],"class_list":{"0":"post-38787","1":"product","2":"type-product","3":"status-publish","4":"has-post-thumbnail","6":"product_cat-bluzki","7":"product_cat-t-shirty","8":"pa_rozmiar-s-m","9":"pa_rozmiar-l-xl","11":"first","12":"instock","13":"sale","14":"purchasable","15":"product-type-simple"},"_links":{"self":[{"href":"https:\/\/madelinefashion.pl\/en\/wp-json\/wp\/v2\/product\/38787","targetHints":{"allow":["GET"]}}],"collection":[{"href":"https:\/\/madelinefashion.pl\/en\/wp-json\/wp\/v2\/product"}],"about":[{"href":"https:\/\/madelinefashion.pl\/en\/wp-json\/wp\/v2\/types\/product"}],"wp:featuredmedia":[{"embeddable":true,"href":"https:\/\/madelinefashion.pl\/en\/wp-json\/wp\/v2\/media\/38694"}],"wp:attachment":[{"href":"https:\/\/madelinefashion.pl\/en\/wp-json\/wp\/v2\/media?parent=38787"}],"wp:term":[{"taxonomy":"product_brand","embeddable":true,"href":"https:\/\/madelinefashion.pl\/en\/wp-json\/wp\/v2\/product_brand?post=38787"},{"taxonomy":"product_cat","embeddable":true,"href":"https:\/\/madelinefashion.pl\/en\/wp-json\/wp\/v2\/product_cat?post=38787"},{"taxonomy":"product_tag","embeddable":true,"href":"https:\/\/madelinefashion.pl\/en\/wp-json\/wp\/v2\/product_tag?post=38787"}],"curies":[{"name":"wp","href":"https:\/\/api.w.org\/{rel}","templated":true}]}}