{"id":38795,"date":"2022-05-13T13:20:30","date_gmt":"2022-05-13T11:20:30","guid":{"rendered":"https:\/\/madelinefashion.pl\/?post_type=product&#038;p=38795"},"modified":"2026-01-20T10:33:52","modified_gmt":"2026-01-20T09:33:52","slug":"t-shirt-dziury-blekitny","status":"publish","type":"product","link":"https:\/\/madelinefashion.pl\/en\/product\/t-shirt-dziury-blekitny\/","title":{"rendered":"T-shirt Holes Sky Blue"},"content":{"rendered":"<h3 style=\"text-align: center;\">T-shirt Holes Sky Blue<\/h3>\n<p style=\"text-align: center;\"><strong>T-shirt with original Holes. <\/strong>It is a blouse that will suit most styles - because of its simplicity. Pleasant to the touch, breathable material will provide you with comfort. A simple, universal T-shirt you can wear all year round, regardless of the season. Pair it with a denim katana and waxed trousers. Available in our store in various colors. It is a model in which you will not pass unnoticed. One size fits all recommended from\u00a0<strong>S to XL<\/strong><\/p>\n<h3 style=\"text-align: center;\">Dimensions :<\/h3>\n<ul>\n<li style=\"text-align: center;\">\u00a0\u00a0\u00a0\u00a0\u00a0\u00a0\u00a0 Total length front: 60 cm<\/li>\n<li style=\"text-align: center;\">Total length back: 67 cm<\/li>\n<li style=\"text-align: center;\">\u00a0 \u00a0 \u00a0 \u00a0 Width from armpit to armpit: 45 cm -53 cm<\/li>\n<li style=\"text-align: center;\">Bottom width: 50 cm - 57 cm<\/li>\n<\/ul>\n<ul>\n<li style=\"text-align: center;\"><\/li>\n<\/ul>\n<p style=\"text-align: center;\">Dimensions may slightly differ from the given +\/- 2cm. All dimensions given are measured flat.<\/p>\n<table>\n<tbody>\n<tr>\n<td width=\"302\">Model name<\/td>\n<td width=\"302\">Holes T-shirt<\/td>\n<\/tr>\n<tr>\n<td width=\"302\">Color<\/td>\n<td width=\"302\">Blue<\/td>\n<\/tr>\n<tr>\n<td width=\"302\">Sizes<\/td>\n<td width=\"302\">Universal<\/td>\n<\/tr>\n<tr>\n<td width=\"302\">Fashion<\/td>\n<td width=\"302\">Matched<\/td>\n<\/tr>\n<tr>\n<td width=\"302\">Material<\/td>\n<td width=\"302\">95 % Cotton 5% Elastane<\/td>\n<\/tr>\n<\/tbody>\n<\/table>\n<p style=\"text-align: center;\"><span style=\"font-size: 10pt;\">\u00a0<\/span><\/p>\n<div class=\"tabs tabs-bb clear mb-80\">\n<div class=\"tab-content\">\n<div id=\"tab-description\" class=\"tab-pane fade in woocommerce-Tabs-panel--description active\">\n<div class=\"tabs tabs-bb clear mb-80\">\n<div class=\"tab-content\">\n<div id=\"tab-description\" class=\"tab-pane fade in woocommerce-Tabs-panel--description active\">\n<p style=\"text-align: center;\">\u00a0The model has\u00a0<strong>169<\/strong>\u00a0cm tall, wears a size every day\u00a0<strong>S.<\/strong><\/p>\n<p style=\"text-align: center;\">The width at the bust is 92 cm<\/p>\n<p style=\"text-align: center;\">Waist width 62 cm<\/p>\n<p style=\"text-align: center;\">The width at the hips is 94 cm<\/p>\n<\/div>\n<\/div>\n<\/div>\n<section class=\"related products mb-80\"><\/section>\n<section class=\"page-product-box\">\n<div class=\"rte\">\n<p>&nbsp;<\/p>\n<\/div>\n<\/section>\n<\/div>\n<\/div>\n<\/div>\n<section class=\"up-sells upsells products mb-80\"><\/section>","protected":false},"excerpt":{"rendered":"<p>T-shirt Dziury B\u0142\u0119kitny T-shirt z oryginalnymi\u00a0 Dziurami. Jest to bluzka , kt\u00f3ra b\u0119dzie pasowa\u0142a do wi\u0119kszo\u015bci stylizacji\u2013 ze wzgl\u0119du na swoja prostot\u0119. Przyjemny w dotyku, oddychaj\u0105cy materia\u0142 zapewni Ci komfort noszenia. Prosty, uniwersalny T-shirt mo\u017cesz nosi\u0107 przez ca\u0142y rok, niezale\u017cnie od pory roku. Po\u0142\u0105cz go z jeansowi katan\u0105 i woskowanymi spodniami. Dost\u0119pna w naszym sklepie<\/p>\n<div class=\"klb-readmore post-buttons\"><a class=\"button black outline size-sm\" href=\"https:\/\/madelinefashion.pl\/en\/product\/t-shirt-dziury-blekitny\/\">Read More <i class=\"klbth-icon-right-arrow\"><\/i><\/a><\/div>","protected":false},"featured_media":38751,"template":"","meta":[],"product_brand":[],"product_cat":[85,395],"product_tag":[],"class_list":{"0":"post-38795","1":"product","2":"type-product","3":"status-publish","4":"has-post-thumbnail","6":"product_cat-t-shirty","7":"product_cat-nowosci","8":"pa_rozmiar-s-m","9":"pa_rozmiar-l-xl","11":"first","12":"instock","13":"sale","14":"purchasable","15":"product-type-simple"},"_links":{"self":[{"href":"https:\/\/madelinefashion.pl\/en\/wp-json\/wp\/v2\/product\/38795","targetHints":{"allow":["GET"]}}],"collection":[{"href":"https:\/\/madelinefashion.pl\/en\/wp-json\/wp\/v2\/product"}],"about":[{"href":"https:\/\/madelinefashion.pl\/en\/wp-json\/wp\/v2\/types\/product"}],"wp:featuredmedia":[{"embeddable":true,"href":"https:\/\/madelinefashion.pl\/en\/wp-json\/wp\/v2\/media\/38751"}],"wp:attachment":[{"href":"https:\/\/madelinefashion.pl\/en\/wp-json\/wp\/v2\/media?parent=38795"}],"wp:term":[{"taxonomy":"product_brand","embeddable":true,"href":"https:\/\/madelinefashion.pl\/en\/wp-json\/wp\/v2\/product_brand?post=38795"},{"taxonomy":"product_cat","embeddable":true,"href":"https:\/\/madelinefashion.pl\/en\/wp-json\/wp\/v2\/product_cat?post=38795"},{"taxonomy":"product_tag","embeddable":true,"href":"https:\/\/madelinefashion.pl\/en\/wp-json\/wp\/v2\/product_tag?post=38795"}],"curies":[{"name":"wp","href":"https:\/\/api.w.org\/{rel}","templated":true}]}}