{"id":3884,"date":"2020-12-11T19:42:49","date_gmt":"2020-12-11T18:42:49","guid":{"rendered":"https:\/\/madelinefashion.pl\/?post_type=product&#038;p=3884"},"modified":"2021-10-25T19:48:00","modified_gmt":"2021-10-25T17:48:00","slug":"kombinezon-sambella-zielony","status":"publish","type":"product","link":"https:\/\/madelinefashion.pl\/en\/product\/kombinezon-sambella-zielony\/","title":{"rendered":"Green Sambella jumpsuit"},"content":{"rendered":"<h3 style=\"text-align: center;\">Green Sambella jumpsuit<\/h3>\n<p style=\"text-align: center;\"><span style=\"vertical-align: inherit;\"><span style=\"vertical-align: inherit;\"><strong>Elegant jumpsuit with an envelope neckline.<\/strong> S.<\/span><span style=\"vertical-align: inherit;\">the rights that no one will pass by you indifferently.<strong> Summer jumpsuit with beautiful patterns<\/strong> made of airy materials in intense colors. The suit has slits on the legs from the outside up to the knee height - c<\/span><\/span>The property creates an original style, simply created for warm spring and summer days, both during holidays and in the hustle and bustle of the city. <strong>You will be delighted, the perfect cut as an alternative to the dress.<\/strong> Comfortable to wear in a sophisticated style must be in your wardrobe. <strong>A stylish and very feminine jumpsuit. The perfect base for many styles.<\/strong>\u00a0 Recommended for ladies wearing Size <strong>XS SML<\/strong><\/p>\n<h3 style=\"text-align: center;\"><span style=\"vertical-align: inherit;\">Coverall dimensions:<\/span><\/h3>\n<p align=\"center\">Length from the waist - 94 cm<br \/>\nWidth from armpit to armpit: 44 cm -52 cm<br \/>\nWaist width -29 cm -45 cm<br \/>\nInside leg length - 60 cm<br \/>\nTotal length - 135 cm<\/p>\n<p style=\"text-align: center;\"><span style=\"vertical-align: inherit;\"><span style=\"vertical-align: inherit;\">Dimensions may vary from the given +\/- 2cm. <\/span><span style=\"vertical-align: inherit;\">All dimensions given are measured flat.<\/span><\/span><\/p>\n<h2 style=\"text-align: center;\"><span style=\"vertical-align: inherit;\"><span style=\"vertical-align: inherit;\">Product characteristics:<br \/>\n<\/span><\/span><\/h2>\n<p style=\"text-align: center;\"><span style=\"vertical-align: inherit;\"><span style=\"vertical-align: inherit;\"><br \/>\n-elegant<br \/>\n-pleasant material<br \/>\n-fashionable cut<br \/>\n- elastic waist<br \/>\n-original<br \/>\n-feminine<br \/>\n- belt included<\/span><\/span><\/p>\n<p style=\"text-align: center;\"><strong>\u00a0<\/strong><\/p>\n<table width=\"432\">\n<tbody>\n<tr>\n<td width=\"302\">Model name<\/td>\n<td width=\"302\">Sambella coverall<\/td>\n<\/tr>\n<tr>\n<td width=\"302\">Color<\/td>\n<td width=\"302\">Green Multi<\/td>\n<\/tr>\n<tr>\n<td width=\"302\">Collection<\/td>\n<td width=\"302\">Spring Summer Autumn<\/td>\n<\/tr>\n<tr>\n<td width=\"302\">Sizes<\/td>\n<td width=\"302\">Universal<\/td>\n<\/tr>\n<tr>\n<td width=\"302\">Cleavage<\/td>\n<td width=\"302\">Envelope<\/td>\n<\/tr>\n<tr>\n<td width=\"302\">Length<\/td>\n<td width=\"302\">Maxi<\/td>\n<\/tr>\n<tr>\n<td width=\"302\">Material<\/td>\n<td width=\"302\">95% Polyester 5% Elastane<\/td>\n<\/tr>\n<\/tbody>\n<\/table>\n<section class=\"page-product-box\">\n<div class=\"rte\">\n<p style=\"text-align: center;\">\n<\/div>\n<\/section>\n<div class=\"tabs tabs-bb clear mb-80\">\n<div class=\"tab-content\">\n<div id=\"tab-description\" class=\"tab-pane fade in woocommerce-Tabs-panel--description active\">\n<p style=\"text-align: center;\">\u00a0The model is 175 cm tall and wears a size every day\u00a0<strong>S.<\/strong><\/p>\n<\/div>\n<\/div>\n<\/div>\n<section class=\"related products mb-80\"><\/section>\n<section class=\"page-product-box\">\n<div class=\"rte\">\n<p style=\"text-align: center;\">\n<\/div>\n<\/section>","protected":false},"excerpt":{"rendered":"<p>Kombinezon Sambella Zielony Elegancki kombinezon z kopertowym dekoltem. Spraw, \u017ce nikt nie przejdzie obok Ciebie oboj\u0119tnie. Letni kombinezon w pi\u0119kne wzory wykonany z przewiewnego materia\u0142y w intensywnych barwach. Kombinezon posiada na nogawkach rozci\u0119cia od zewn\u0105trz do wysoko\u015bci kolan &#8211; ca\u0142o\u015b\u0107 tworzy niebanaln\u0105 styl\u00f3wk\u0119, wprost stworzon\u0105 na ciep\u0142e wiosenne i\u00a0 letnie dni, zar\u00f3wno podczas urlopu, jak<\/p>\n<div class=\"klb-readmore post-buttons\"><a class=\"button black outline size-sm\" href=\"https:\/\/madelinefashion.pl\/en\/product\/kombinezon-sambella-zielony\/\">Read More <i class=\"klbth-icon-right-arrow\"><\/i><\/a><\/div>","protected":false},"featured_media":6399,"template":"","meta":[],"product_brand":[],"product_cat":[80],"product_tag":[297],"class_list":{"0":"post-3884","1":"product","2":"type-product","3":"status-publish","4":"has-post-thumbnail","6":"product_cat-sukienki-i-kombinezony","7":"product_tag-kombinezony","9":"first","10":"instock","11":"purchasable","12":"product-type-simple"},"_links":{"self":[{"href":"https:\/\/madelinefashion.pl\/en\/wp-json\/wp\/v2\/product\/3884","targetHints":{"allow":["GET"]}}],"collection":[{"href":"https:\/\/madelinefashion.pl\/en\/wp-json\/wp\/v2\/product"}],"about":[{"href":"https:\/\/madelinefashion.pl\/en\/wp-json\/wp\/v2\/types\/product"}],"wp:featuredmedia":[{"embeddable":true,"href":"https:\/\/madelinefashion.pl\/en\/wp-json\/wp\/v2\/media\/6399"}],"wp:attachment":[{"href":"https:\/\/madelinefashion.pl\/en\/wp-json\/wp\/v2\/media?parent=3884"}],"wp:term":[{"taxonomy":"product_brand","embeddable":true,"href":"https:\/\/madelinefashion.pl\/en\/wp-json\/wp\/v2\/product_brand?post=3884"},{"taxonomy":"product_cat","embeddable":true,"href":"https:\/\/madelinefashion.pl\/en\/wp-json\/wp\/v2\/product_cat?post=3884"},{"taxonomy":"product_tag","embeddable":true,"href":"https:\/\/madelinefashion.pl\/en\/wp-json\/wp\/v2\/product_tag?post=3884"}],"curies":[{"name":"wp","href":"https:\/\/api.w.org\/{rel}","templated":true}]}}