{"id":38992,"date":"2022-05-14T08:21:15","date_gmt":"2022-05-14T06:21:15","guid":{"rendered":"https:\/\/madelinefashion.pl\/?post_type=product&#038;p=38992"},"modified":"2026-01-20T10:33:51","modified_gmt":"2026-01-20T09:33:51","slug":"top-gladki-z-dziurami-szary","status":"publish","type":"product","link":"https:\/\/madelinefashion.pl\/en\/product\/top-gladki-z-dziurami-szary\/","title":{"rendered":"Top Smooth With Holes Gray"},"content":{"rendered":"<h3 style=\"text-align: center;\">Top Smooth With Holes Gray<\/h3>\n<p style=\"text-align: center;\"><strong>Top <\/strong>is a model that will suit most stylizations - due to the simple pattern. <strong>Pleasant to the touch, breathable material<\/strong> will provide you with the comfort of wearing. Top<strong> with a classic cut with an interesting decoration is a proposal that is a great complement to the wardrobe of every woman.<\/strong> Perfect as a base for many everyday stylizations, it will look fantastic with any type of bottoms, trousers or skirts. The model is made of high quality material. Combine it with <a href=\"https:\/\/madelinefashion.pl\/en\/kurtka-jeansowa-seven\/\">jeans with a katana<\/a> and matched <a href=\"https:\/\/madelinefashion.pl\/en\/spodnie\/\">pants<\/a>. A classic t-shirt should <strong>find a place in every woman&#039;s wardrobe<\/strong>. This model will be the perfect base for creating an endless amount of styling. The charming print is a graceful accent. Available in our <a href=\"https:\/\/madelinefashion.pl\/en\/casual-clothes\/t-shirty\/\">e-shop<\/a> in various color variants. The size is<strong> universal recommended from XS to L.\u00a0<\/strong><\/p>\n<h3 style=\"text-align: center;\">Dimensions :<\/h3>\n<ul>\n<li style=\"text-align: center;\">\u00a0\u00a0\u00a0\u00a0\u00a0\u00a0\u00a0 Overall length: 60 cm<\/li>\n<li style=\"text-align: center;\">\u00a0 \u00a0 \u00a0 \u00a0 Width from armpit to armpit: 40-48 cm<\/li>\n<\/ul>\n<p style=\"text-align: center;\">Dimensions may slightly differ from the given +\/- 2cm. All dimensions given are measured flat.<\/p>\n<table>\n<tbody>\n<tr>\n<td width=\"302\">Model name<\/td>\n<td width=\"302\">Top Smooth With Holes<\/td>\n<\/tr>\n<tr>\n<td width=\"302\">Color<\/td>\n<td width=\"302\">Gray<\/td>\n<\/tr>\n<tr>\n<td width=\"302\">Sizes<\/td>\n<td width=\"302\">Universal<\/td>\n<\/tr>\n<tr>\n<td width=\"302\">Fashion<\/td>\n<td width=\"302\">Matched<\/td>\n<\/tr>\n<tr>\n<td width=\"302\">Material<\/td>\n<td width=\"302\">100 % Cotton<\/td>\n<\/tr>\n<\/tbody>\n<\/table>\n<p style=\"text-align: center;\"><span style=\"font-size: 10pt;\">\u00a0<\/span><\/p>\n<div class=\"tabs tabs-bb clear mb-80\">\n<div class=\"tab-content\">\n<div id=\"tab-description\" class=\"tab-pane fade in woocommerce-Tabs-panel--description active\">\n<p style=\"text-align: center;\">\u00a0The model has\u00a0<strong>169<\/strong>\u00a0cm tall, wears a size every day\u00a0<strong>S.<\/strong><\/p>\n<p style=\"text-align: center;\">The width at the bust is 92 cm<\/p>\n<p style=\"text-align: center;\">Waist width 62 cm<\/p>\n<p style=\"text-align: center;\">The width at the hips is 94 cm<\/p>\n<p>&nbsp;<\/p>\n<\/div>\n<\/div>\n<\/div>\n<section class=\"up-sells upsells products mb-80\"><\/section>","protected":false},"excerpt":{"rendered":"<p>Top G\u0142adki Z Dziurami Szary Top to model kt\u00f3ry b\u0119dzie pasowa\u0142 do wi\u0119kszo\u015bci stylizacji\u2013 ze wzgl\u0119du na prosty wz\u00f3r. Przyjemny w dotyku, oddychaj\u0105cy materia\u0142 zapewni Ci komfort noszenia. Top o klasycznym kroju z ciekawym, zdobieniem to propozycja, kt\u00f3ra stanowi \u015bwietne uzupe\u0142nienie garderoby ka\u017cdej kobiety. Idealnie sprawdzi si\u0119 jako baza do wielu codziennych stylizacji, fantastycznie zaprezentuje<\/p>\n<div class=\"klb-readmore post-buttons\"><a class=\"button black outline size-sm\" href=\"https:\/\/madelinefashion.pl\/en\/product\/top-gladki-z-dziurami-szary\/\">Read More <i class=\"klbth-icon-right-arrow\"><\/i><\/a><\/div>","protected":false},"featured_media":38960,"template":"","meta":[],"product_brand":[],"product_cat":[85],"product_tag":[292],"class_list":{"0":"post-38992","1":"product","2":"type-product","3":"status-publish","4":"has-post-thumbnail","6":"product_cat-t-shirty","7":"product_tag-topy","8":"pa_rozmiar-s-m","9":"pa_rozmiar-l-xl","11":"first","12":"instock","13":"sale","14":"purchasable","15":"product-type-simple"},"_links":{"self":[{"href":"https:\/\/madelinefashion.pl\/en\/wp-json\/wp\/v2\/product\/38992","targetHints":{"allow":["GET"]}}],"collection":[{"href":"https:\/\/madelinefashion.pl\/en\/wp-json\/wp\/v2\/product"}],"about":[{"href":"https:\/\/madelinefashion.pl\/en\/wp-json\/wp\/v2\/types\/product"}],"wp:featuredmedia":[{"embeddable":true,"href":"https:\/\/madelinefashion.pl\/en\/wp-json\/wp\/v2\/media\/38960"}],"wp:attachment":[{"href":"https:\/\/madelinefashion.pl\/en\/wp-json\/wp\/v2\/media?parent=38992"}],"wp:term":[{"taxonomy":"product_brand","embeddable":true,"href":"https:\/\/madelinefashion.pl\/en\/wp-json\/wp\/v2\/product_brand?post=38992"},{"taxonomy":"product_cat","embeddable":true,"href":"https:\/\/madelinefashion.pl\/en\/wp-json\/wp\/v2\/product_cat?post=38992"},{"taxonomy":"product_tag","embeddable":true,"href":"https:\/\/madelinefashion.pl\/en\/wp-json\/wp\/v2\/product_tag?post=38992"}],"curies":[{"name":"wp","href":"https:\/\/api.w.org\/{rel}","templated":true}]}}