{"id":39033,"date":"2022-05-14T09:44:35","date_gmt":"2022-05-14T07:44:35","guid":{"rendered":"https:\/\/madelinefashion.pl\/?post_type=product&#038;p=39033"},"modified":"2026-01-20T10:33:50","modified_gmt":"2026-01-20T09:33:50","slug":"top-dzianinowy-na-ramiaczkach-lancuszek-maurice-pomaranczowy","status":"publish","type":"product","link":"https:\/\/madelinefashion.pl\/en\/product\/top-dzianinowy-na-ramiaczkach-lancuszek-maurice-pomaranczowy\/","title":{"rendered":"Knit Top With Straps Maurice Orange Chain"},"content":{"rendered":"<h3 style=\"text-align: center;\">Knit Top With Straps Maurice Orange Chain<\/h3>\n<p style=\"text-align: center;\">Delicate,<strong>\u00a0chain top<\/strong>, with a neckline is a sexy model that will add sensuality to your styling. Airy, subtle cut that matches many styles. Top with golden chain straps is a perfect proposition for warm spring and summer days, it will be perfect for our models <a href=\"https:\/\/madelinefashion.pl\/en\/spodnie\/\">pants<\/a> or shorts.<strong>\u00a0\u00a0<\/strong>Short top with straps made of gold-colored chain. Perfect for many styles. You absolutely must have it! One size is recommended <strong>XS SML<\/strong><\/p>\n<h3 style=\"text-align: center;\">Product characteristics:<\/h3>\n<p style=\"text-align: center;\">\u2013\u00a0<strong>top with chain straps<br \/>\n<\/strong>- stylish and sexy<strong><br \/>\n<\/strong>- light, airy fabric<\/p>\n<p>&nbsp;<\/p>\n<h3 style=\"text-align: center;\">Dimensions:<\/h3>\n<ul>\n<li style=\"text-align: center;\">overall length: 65 cm<\/li>\n<li style=\"text-align: center;\">width from armpit to armpit: 43-51 cm<\/li>\n<li style=\"text-align: center;\"><\/li>\n<\/ul>\n<p style=\"text-align: center;\"><span style=\"vertical-align: inherit;\">Dimensions may vary from the given +\/- 2cm. All dimensions given are measured flat.<\/span><\/p>\n<table>\n<tbody>\n<tr>\n<td width=\"302\">Model name<\/td>\n<td width=\"302\">Knit Top On Straps. Chain Maurice<\/td>\n<\/tr>\n<tr>\n<td width=\"302\">Color<\/td>\n<td width=\"302\">Orange<\/td>\n<\/tr>\n<tr>\n<td width=\"302\">Sizes<\/td>\n<td width=\"302\">Universal<\/td>\n<\/tr>\n<tr>\n<td width=\"302\">Fashion<\/td>\n<td width=\"302\">Oversize<\/td>\n<\/tr>\n<tr>\n<td width=\"302\">Material<\/td>\n<td width=\"302\">100 % Polyester<\/td>\n<\/tr>\n<\/tbody>\n<\/table>\n<p style=\"text-align: center;\"><span style=\"font-size: 10pt;\">\u00a0<\/span><\/p>\n<p style=\"text-align: center;\">The model has\u00a0<strong>169<\/strong>\u00a0cm tall, wears a size every day\u00a0<strong>S.<\/strong><\/p>\n<p style=\"text-align: center;\">The width at the bust is 92 cm<\/p>\n<p style=\"text-align: center;\">Waist width 62 cm<\/p>\n<p style=\"text-align: center;\">The width at the hips is 94 cm<\/p>","protected":false},"excerpt":{"rendered":"<p>Top Dzianinowy Na Rami\u0105czkach \u0141a\u0144cuszek Maurice Pomara\u0144czowy Delikatny,\u00a0top z \u0142a\u0144cuszkiem, z dekoltem to seksowny model, kt\u00f3ry doda ka\u017cdej Twojej stylizacji zmys\u0142owo\u015bci. Zwiewny, subtelny kr\u00f3j pasuj\u0105cy do wielu stylizacji. Top ze z\u0142otymi rami\u0105czkami z \u0142a\u0144cuszka to idealna propozycja na ciep\u0142e wiosenne i letnie dni, idealnie b\u0119dzie prezentowa\u0107 si\u0119 z naszymi modelami spodni czy szort\u00f3w.\u00a0\u00a0Kr\u00f3tki\u00a0 top z<\/p>\n<div class=\"klb-readmore post-buttons\"><a class=\"button black outline size-sm\" href=\"https:\/\/madelinefashion.pl\/en\/product\/top-dzianinowy-na-ramiaczkach-lancuszek-maurice-pomaranczowy\/\">Read More <i class=\"klbth-icon-right-arrow\"><\/i><\/a><\/div>","protected":false},"featured_media":39013,"template":"","meta":[],"product_brand":[],"product_cat":[85,395],"product_tag":[292],"class_list":{"0":"post-39033","1":"product","2":"type-product","3":"status-publish","4":"has-post-thumbnail","6":"product_cat-t-shirty","7":"product_cat-nowosci","8":"product_tag-topy","10":"first","11":"instock","12":"sale","13":"purchasable","14":"product-type-simple"},"_links":{"self":[{"href":"https:\/\/madelinefashion.pl\/en\/wp-json\/wp\/v2\/product\/39033","targetHints":{"allow":["GET"]}}],"collection":[{"href":"https:\/\/madelinefashion.pl\/en\/wp-json\/wp\/v2\/product"}],"about":[{"href":"https:\/\/madelinefashion.pl\/en\/wp-json\/wp\/v2\/types\/product"}],"wp:featuredmedia":[{"embeddable":true,"href":"https:\/\/madelinefashion.pl\/en\/wp-json\/wp\/v2\/media\/39013"}],"wp:attachment":[{"href":"https:\/\/madelinefashion.pl\/en\/wp-json\/wp\/v2\/media?parent=39033"}],"wp:term":[{"taxonomy":"product_brand","embeddable":true,"href":"https:\/\/madelinefashion.pl\/en\/wp-json\/wp\/v2\/product_brand?post=39033"},{"taxonomy":"product_cat","embeddable":true,"href":"https:\/\/madelinefashion.pl\/en\/wp-json\/wp\/v2\/product_cat?post=39033"},{"taxonomy":"product_tag","embeddable":true,"href":"https:\/\/madelinefashion.pl\/en\/wp-json\/wp\/v2\/product_tag?post=39033"}],"curies":[{"name":"wp","href":"https:\/\/api.w.org\/{rel}","templated":true}]}}