{"id":39077,"date":"2022-05-14T10:17:31","date_gmt":"2022-05-14T08:17:31","guid":{"rendered":"https:\/\/madelinefashion.pl\/?post_type=product&#038;p=39077"},"modified":"2022-06-21T20:19:34","modified_gmt":"2022-06-21T18:19:34","slug":"body-koronkowe-hiszpanka-chabrowe","status":"publish","type":"product","link":"https:\/\/madelinefashion.pl\/en\/product\/body-koronkowe-hiszpanka-chabrowe\/","title":{"rendered":"Spanish Lace Body, Cornflower"},"content":{"rendered":"<h3 style=\"text-align: center;\">Spanish Lace Body, Cornflower<\/h3>\n<p style=\"text-align: center;\"><strong>Elegant lace body in the style of Spanish<\/strong><br \/>\nPerfect for elegant stylizations.<br \/>\nBody has a non-translucent lining under the lace, a Spanish-style neckline.<br \/>\nMade entirely of elastic, stretchy lace.<br \/>\n<strong>This season&#039;s absolute hit.<\/strong><br \/>\nWe highly recommend !!!<\/p>\n<h3 style=\"text-align: center;\">Dimensions:<\/h3>\n<p style=\"text-align: center;\">Width from armpit to armpit 38-51 cm (elastic band)<br \/>\nOverall length 52-65 cm<\/p>\n<p>&nbsp;<\/p>\n<p style=\"text-align: center;\">Dimensions may slightly differ from the given +\/- 2cm. All dimensions given are measured flat.\u00a0<strong>X2 dimension<\/strong><\/p>\n<p>&nbsp;<\/p>\n<p>&nbsp;<\/p>\n<p style=\"text-align: center;\">\u00a0The model has\u00a0<strong>169<\/strong>\u00a0cm tall, wears a size every day\u00a0<strong>S.<\/strong><\/p>\n<p style=\"text-align: center;\">The width at the bust is 92 cm<\/p>\n<p style=\"text-align: center;\">Waist width 62 cm<\/p>\n<p style=\"text-align: center;\">The width at the hips is 94 cm<\/p>","protected":false},"excerpt":{"rendered":"<p>Body Koronkowe Hiszpanka Chabrowe Eleganckie koronkowe body w stylu hiszpanki Idealne do eleganckich stylizacji. Body posiadaj\u0105 pod koronk\u0105 nie prze\u015bwituj\u0105c\u0105 podszewk\u0119 , dekolt w stylu hiszpanki. Wykonane w ca\u0142o\u015bci z elastycznej, rozci\u0105gliwej koronki. Absolutny hit tego sezonu. Gor\u0105co polecamy !!! Wymiary: Szeroko\u015b\u0107 od pachy do pachy 38-51 cm (gumka) D\u0142ugo\u015b\u0107 ca\u0142kowita 52-65 cm &nbsp; Wymiary<\/p>\n<div class=\"klb-readmore post-buttons\"><a class=\"button black outline size-sm\" href=\"https:\/\/madelinefashion.pl\/en\/product\/body-koronkowe-hiszpanka-chabrowe\/\">Read More <i class=\"klbth-icon-right-arrow\"><\/i><\/a><\/div>","protected":false},"featured_media":39057,"template":"","meta":[],"product_brand":[],"product_cat":[84],"product_tag":[],"class_list":{"0":"post-39077","1":"product","2":"type-product","3":"status-publish","4":"has-post-thumbnail","6":"product_cat-body","8":"first","9":"instock","10":"purchasable","11":"product-type-simple"},"_links":{"self":[{"href":"https:\/\/madelinefashion.pl\/en\/wp-json\/wp\/v2\/product\/39077","targetHints":{"allow":["GET"]}}],"collection":[{"href":"https:\/\/madelinefashion.pl\/en\/wp-json\/wp\/v2\/product"}],"about":[{"href":"https:\/\/madelinefashion.pl\/en\/wp-json\/wp\/v2\/types\/product"}],"wp:featuredmedia":[{"embeddable":true,"href":"https:\/\/madelinefashion.pl\/en\/wp-json\/wp\/v2\/media\/39057"}],"wp:attachment":[{"href":"https:\/\/madelinefashion.pl\/en\/wp-json\/wp\/v2\/media?parent=39077"}],"wp:term":[{"taxonomy":"product_brand","embeddable":true,"href":"https:\/\/madelinefashion.pl\/en\/wp-json\/wp\/v2\/product_brand?post=39077"},{"taxonomy":"product_cat","embeddable":true,"href":"https:\/\/madelinefashion.pl\/en\/wp-json\/wp\/v2\/product_cat?post=39077"},{"taxonomy":"product_tag","embeddable":true,"href":"https:\/\/madelinefashion.pl\/en\/wp-json\/wp\/v2\/product_tag?post=39077"}],"curies":[{"name":"wp","href":"https:\/\/api.w.org\/{rel}","templated":true}]}}