{"id":40132,"date":"2022-05-20T14:25:06","date_gmt":"2022-05-20T12:25:06","guid":{"rendered":"https:\/\/madelinefashion.pl\/?post_type=product&#038;p=40132"},"modified":"2025-09-09T10:28:16","modified_gmt":"2025-09-09T08:28:16","slug":"sukienka-zwiewna-asymetryczna-synita-biala","status":"publish","type":"product","link":"https:\/\/madelinefashion.pl\/en\/product\/sukienka-zwiewna-asymetryczna-synita-biala\/","title":{"rendered":"Airy Asymmetrical White Synita Dress"},"content":{"rendered":"<h3 style=\"text-align: center;\">Airy Asymmetrical White Synita Dress<\/h3>\n<p style=\"text-align: center;\"><strong>Airy Asymmetrical White Synita Dress<\/strong> it has a captivating cut <strong>dress\u00a0<\/strong>with frills. <b>Dress<\/b> with a strap with a charming light cut. Our dress is a proposal for loving ladies<strong> light, airy, girly dresses. <\/strong>\u00a0The dress is an ideal proposition for <strong>warm spring and summer<\/strong> days. Model recommended for ladies in size XS SML<\/p>\n<h3 style=\"text-align: center;\">Dimensions:<\/h3>\n<ul>\n<li style=\"text-align: center;\">\u00a0\u00a0\u00a0\u00a0\u00a0\u00a0\u00a0 total length at the front: 89 cm<\/li>\n<li style=\"text-align: center;\">\u00a0\u00a0\u00a0\u00a0\u00a0\u00a0\u00a0 total side length: 105 cm<\/li>\n<li style=\"text-align: center;\">\u00a0\u00a0\u00a0\u00a0\u00a0\u00a0\u00a0 width from armpit to armpit: 49-55 cm<\/li>\n<li style=\"text-align: center;\">waist width 39-52<\/li>\n<li style=\"text-align: center;\"><\/li>\n<\/ul>\n<p style=\"text-align: center;\">Dimensions may slightly differ from the given +\/- 2cm. All dimensions given are measured flat.\u00a0<strong>X2 dimension<\/strong><\/p>\n<p style=\"text-align: center;\"><strong>composition<\/strong> 96% polyester 4% Elastane<\/p>\n<div class=\"tabs tabs-bb clear mb-80\">\n<div class=\"tab-content\">\n<div id=\"tab-description\" class=\"tab-pane fade in woocommerce-Tabs-panel--description active\">\n<p style=\"text-align: center;\">The model has\u00a0<strong>169<\/strong>\u00a0cm tall, wears a size every day\u00a0<strong>S.<\/strong><\/p>\n<p style=\"text-align: center;\">The width at the bust is 92 cm<\/p>\n<p style=\"text-align: center;\">Waist width 62 cm<\/p>\n<p style=\"text-align: center;\">The width at the hips is 94 cm<\/p>\n<\/div>\n<\/div>\n<\/div>\n<section class=\"up-sells upsells products mb-80\"><\/section>\n<p>&nbsp;<\/p>","protected":false},"excerpt":{"rendered":"<p>Sukienka Zwiewna Asymetryczna Synita Bia\u0142a Sukienka Zwiewna Asymetryczna Synita Bia\u0142a to urzekaj\u0105ca krojem sukienka\u00a0z falbankami. Sukienka z paskiem\u00a0 o uroczym lekkim fasonie. Nasza sukienka jest propozycj\u0105 dla Pa\u0144 kochaj\u0105cych lekkie, zwiewne, dziewcz\u0119ce sukienki. \u00a0Sukienka jest idealn\u0105 propozycj\u0105 na ciep\u0142e wiosenne i letnie dni.\u00a0 Model zalecany dla Pa\u0144 w rozmiarze XS S M L Wymiary: \u00a0\u00a0\u00a0\u00a0\u00a0\u00a0\u00a0<\/p>\n<div class=\"klb-readmore post-buttons\"><a class=\"button black outline size-sm\" href=\"https:\/\/madelinefashion.pl\/en\/product\/sukienka-zwiewna-asymetryczna-synita-biala\/\">Read More <i class=\"klbth-icon-right-arrow\"><\/i><\/a><\/div>","protected":false},"featured_media":40079,"template":"","meta":[],"product_brand":[],"product_cat":[125,395],"product_tag":[219],"class_list":{"0":"post-40132","1":"product","2":"type-product","3":"status-publish","4":"has-post-thumbnail","6":"product_cat-sukienki","7":"product_cat-nowosci","8":"product_tag-sukienka-biala","10":"first","11":"outofstock","12":"purchasable","13":"product-type-simple"},"_links":{"self":[{"href":"https:\/\/madelinefashion.pl\/en\/wp-json\/wp\/v2\/product\/40132","targetHints":{"allow":["GET"]}}],"collection":[{"href":"https:\/\/madelinefashion.pl\/en\/wp-json\/wp\/v2\/product"}],"about":[{"href":"https:\/\/madelinefashion.pl\/en\/wp-json\/wp\/v2\/types\/product"}],"wp:featuredmedia":[{"embeddable":true,"href":"https:\/\/madelinefashion.pl\/en\/wp-json\/wp\/v2\/media\/40079"}],"wp:attachment":[{"href":"https:\/\/madelinefashion.pl\/en\/wp-json\/wp\/v2\/media?parent=40132"}],"wp:term":[{"taxonomy":"product_brand","embeddable":true,"href":"https:\/\/madelinefashion.pl\/en\/wp-json\/wp\/v2\/product_brand?post=40132"},{"taxonomy":"product_cat","embeddable":true,"href":"https:\/\/madelinefashion.pl\/en\/wp-json\/wp\/v2\/product_cat?post=40132"},{"taxonomy":"product_tag","embeddable":true,"href":"https:\/\/madelinefashion.pl\/en\/wp-json\/wp\/v2\/product_tag?post=40132"}],"curies":[{"name":"wp","href":"https:\/\/api.w.org\/{rel}","templated":true}]}}