{"id":40709,"date":"2022-05-24T14:38:23","date_gmt":"2022-05-24T12:38:23","guid":{"rendered":"https:\/\/madelinefashion.pl\/?post_type=product&#038;p=40709"},"modified":"2025-09-12T15:15:48","modified_gmt":"2025-09-12T13:15:48","slug":"sukienka-boho-koronkowa-biala-kossi","status":"publish","type":"product","link":"https:\/\/madelinefashion.pl\/en\/product\/sukienka-boho-koronkowa-biala-kossi\/","title":{"rendered":"White Kossi Lace Boho Dress"},"content":{"rendered":"<h3 style=\"text-align: center;\">White Kossi Lace Boho Dress<\/h3>\n<p style=\"text-align: center;\"><strong>White Kossi Lace Boho Dress<\/strong> it is a perfect proposition for both everyday and evening outings! The dress is made of the highest quality, pleasant to the touch material that looks very <strong>feminine<\/strong>. Airy\u00a0<a href=\"https:\/\/madelinefashion.pl\/en\/sukienki-i-kombinezony\/sukienki\/\">dress<\/a> it will be perfect during holidays, meetings with friends and even during celebrations. The dress has a sewn cotton lining, it is not translucent. It was made in quality <strong>premium.<\/strong> Decorative, openwork top makes it extremely feminine. <strong>Boho style dress<\/strong> decorated with shells at the neckline and has strings finished with pompoms, which adds charm to every woman. Openwork summer dress d<span lang=\"pl-pl\" xml:lang=\"pl-pl\">it will perfectly enliven any of your stylizations. The dress has a lining. In combination with <a href=\"https:\/\/madelinefashion.pl\/en\/product-tag\/ramoneski\/\">Ramones jacket<\/a>\u00a0or\u00a0<a href=\"https:\/\/madelinefashion.pl\/en\/?s=marynarka&amp;post_type=product\">jacket<\/a> you will create a stylish outfit for every day! <\/span>Our dress is the perfect proposition for\u00a0<strong>warm spring and summer days<\/strong>.\u00a0<strong>Recommended<\/strong> for ladies in size\u00a0<strong> XS SML<\/strong>\u00a0in case of wearing a larger size, please refer to the table below.<\/p>\n<h3 style=\"text-align: center;\">Dress dimensions:<\/h3>\n<ul style=\"text-align: center;\">\n<li>total length 93 cm<\/li>\n<li>width from armpit to armpit: 31-45 cm<\/li>\n<li>waist width: 32-40 cm<\/li>\n<\/ul>\n<p>&nbsp;<\/p>\n<p style=\"text-align: center;\">Dimensions may slightly differ from the given +\/- 2cm. All dimensions given are measured flat. <strong>X2 dimension<\/strong><\/p>\n<table style=\"height: 257px;\" width=\"689\">\n<tbody>\n<tr>\n<td width=\"302\"><\/td>\n<td width=\"302\"><strong>White Kossi Lace Boho Dress<\/strong><\/td>\n<\/tr>\n<tr>\n<td width=\"302\">Color<\/td>\n<td width=\"302\">White<\/td>\n<\/tr>\n<tr>\n<td width=\"302\">Collection<\/td>\n<td width=\"302\">Spring Summer<\/td>\n<\/tr>\n<tr>\n<td width=\"302\">Sizes<\/td>\n<td width=\"302\">Universal<\/td>\n<\/tr>\n<tr>\n<td width=\"302\">Composition<\/td>\n<td width=\"302\">45% Cotton 55% Viscose<\/td>\n<\/tr>\n<tr>\n<td width=\"302\">Length<\/td>\n<td width=\"302\">Above the knee<\/td>\n<\/tr>\n<tr>\n<td width=\"302\">Cleavage<\/td>\n<td width=\"302\">V<\/td>\n<\/tr>\n<\/tbody>\n<\/table>\n<p>&nbsp;<\/p>\n<section class=\"page-product-box\">\n<div class=\"rte\">\n<p style=\"text-align: center;\">The model has\u00a0<strong>169<\/strong>\u00a0cm tall, wears a size every day\u00a0<strong>S.<\/strong><\/p>\n<p style=\"text-align: center;\">The width at the bust is 92 cm<\/p>\n<p style=\"text-align: center;\">Waist width 62 cm<\/p>\n<p style=\"text-align: center;\">The width at the hips is 94 cm<\/p>\n<p style=\"text-align: center;\">\n<\/div>\n<\/section>","protected":false},"excerpt":{"rendered":"<p>Sukienka Boho Koronkowa Bia\u0142a Kossi Sukienka Boho Koronkowa Bia\u0142a Kossi to idealna propozycja zar\u00f3wno na co dzie\u0144 jak i na wieczorne wyj\u015bcie! Sukienka wykonana jest z najwy\u017cszej jako\u015bci, przyjemnego w dotyku materia\u0142u, kt\u00f3ry wygl\u0105da bardzo kobieco. Zwiewna\u00a0sukienka sprawdzi si\u0119 podczas urlopu, spotka\u0144 ze znajomymi a nawet podczas uroczysto\u015bci. \u00a0Sukienka ma wszyt\u0105 bawe\u0142nian\u0105 podszewk\u0119, nie prze\u015bwituje.<\/p>\n<div class=\"klb-readmore post-buttons\"><a class=\"button black outline size-sm\" href=\"https:\/\/madelinefashion.pl\/en\/product\/sukienka-boho-koronkowa-biala-kossi\/\">Read More <i class=\"klbth-icon-right-arrow\"><\/i><\/a><\/div>","protected":false},"featured_media":40701,"template":"","meta":[],"product_brand":[],"product_cat":[125,395],"product_tag":[219],"class_list":{"0":"post-40709","1":"product","2":"type-product","3":"status-publish","4":"has-post-thumbnail","6":"product_cat-sukienki","7":"product_cat-nowosci","8":"product_tag-sukienka-biala","10":"first","11":"instock","12":"purchasable","13":"product-type-simple"},"_links":{"self":[{"href":"https:\/\/madelinefashion.pl\/en\/wp-json\/wp\/v2\/product\/40709","targetHints":{"allow":["GET"]}}],"collection":[{"href":"https:\/\/madelinefashion.pl\/en\/wp-json\/wp\/v2\/product"}],"about":[{"href":"https:\/\/madelinefashion.pl\/en\/wp-json\/wp\/v2\/types\/product"}],"wp:featuredmedia":[{"embeddable":true,"href":"https:\/\/madelinefashion.pl\/en\/wp-json\/wp\/v2\/media\/40701"}],"wp:attachment":[{"href":"https:\/\/madelinefashion.pl\/en\/wp-json\/wp\/v2\/media?parent=40709"}],"wp:term":[{"taxonomy":"product_brand","embeddable":true,"href":"https:\/\/madelinefashion.pl\/en\/wp-json\/wp\/v2\/product_brand?post=40709"},{"taxonomy":"product_cat","embeddable":true,"href":"https:\/\/madelinefashion.pl\/en\/wp-json\/wp\/v2\/product_cat?post=40709"},{"taxonomy":"product_tag","embeddable":true,"href":"https:\/\/madelinefashion.pl\/en\/wp-json\/wp\/v2\/product_tag?post=40709"}],"curies":[{"name":"wp","href":"https:\/\/api.w.org\/{rel}","templated":true}]}}