{"id":40735,"date":"2022-05-24T15:12:18","date_gmt":"2022-05-24T13:12:18","guid":{"rendered":"https:\/\/madelinefashion.pl\/?post_type=product&#038;p=40735"},"modified":"2025-09-09T10:28:06","modified_gmt":"2025-09-09T08:28:06","slug":"sukienka-ala-jeansowa-z-kwiatami-dziewczeca-inga-pomaranczowa","status":"publish","type":"product","link":"https:\/\/madelinefashion.pl\/en\/product\/sukienka-ala-jeansowa-z-kwiatami-dziewczeca-inga-pomaranczowa\/","title":{"rendered":"A girl&#039;s Inga Orange Denim Dress with Flowers"},"content":{"rendered":"<h3 style=\"text-align: center;\">A girl&#039;s Inga Orange Denim Dress with Flowers<\/h3>\n<p style=\"text-align: center;\"><strong>Ala &#039;Jeans Dress with Flowers Girls&#039; Inga Orange - has an elastic band in the bust. <\/strong>The frill at the bottom adds a unique charm to the dress. The material is pleasant to the touch. The dress is extremely comfortable and wears well. . The dress has a denim top and a slippery fabric, decorated bottom. <strong>The dress will work in many styles<\/strong> - it will be perfect for everyday use, for work or for a meeting with friends.<\/p>\n<h3 style=\"text-align: center;\">Dimensions:<\/h3>\n<ul>\n<li style=\"text-align: center;\">\u00a0\u00a0\u00a0\u00a0\u00a0\u00a0\u00a0 overall length: 93 cm<\/li>\n<li style=\"text-align: center;\">\u00a0\u00a0\u00a0\u00a0\u00a0\u00a0\u00a0 width from armpit to armpit: 34-56 cm<\/li>\n<li style=\"text-align: center;\">\u00a0\u00a0\u00a0\u00a0\u00a0\u00a0\u00a0 waist width: 30-62 cm<\/li>\n<\/ul>\n<p>&nbsp;<\/p>\n<p style=\"text-align: center;\">Dimensions may be slightly different from the given +\/- 2cm. All dimensions given are measured flat. All dimensions x2<\/p>\n<h3 style=\"text-align: center;\">Product characteristics:<\/h3>\n<ul>\n<li style=\"text-align: center;\">simple cut<\/li>\n<li style=\"text-align: center;\">decorative frill at the bottom of the dress<\/li>\n<li style=\"text-align: center;\">elastic waistband<\/li>\n<li style=\"text-align: center;\">stretchy material<\/li>\n<li style=\"text-align: center;\">universal sizes<\/li>\n<\/ul>\n<p style=\"text-align: center;\"><span style=\"font-size: 10pt;\">\u00a0<\/span><\/p>\n<table width=\"627\">\n<tbody>\n<tr>\n<td width=\"302\">Model name<\/td>\n<td width=\"302\">A girl&#039;s Inga denim dress with flowers<\/td>\n<\/tr>\n<tr>\n<td width=\"302\">Color<\/td>\n<td width=\"302\">Orange Jeans<\/td>\n<\/tr>\n<tr>\n<td width=\"302\">Fashion<\/td>\n<td width=\"302\">Oversize<\/td>\n<\/tr>\n<tr>\n<td width=\"302\">Material<\/td>\n<td width=\"302\">95 % Polyester 5% Elastane<\/td>\n<\/tr>\n<tr>\n<td width=\"302\">Length<\/td>\n<td width=\"302\">At knee<\/td>\n<\/tr>\n<\/tbody>\n<\/table>\n<p>&nbsp;<\/p>\n<p>&nbsp;<\/p>\n<p style=\"text-align: center;\">\u00a0The model has <strong>175<\/strong> cm tall, wears a size every day\u00a0<strong>S.<\/strong><\/p>\n<p style=\"text-align: center;\"><span style=\"font-size: 10pt;\">\u00a0<\/span><\/p>\n<p style=\"text-align: center;\"><span style=\"font-size: 10pt;\">\u00a0<\/span><\/p>\n<p style=\"text-align: center;\"><span style=\"font-size: 10pt;\">\u00a0<\/span><\/p>\n<div class=\"additional-details\" style=\"text-align: center;\">\n<p><span style=\"font-size: 10pt;\">\u00a0<\/span><\/p>\n<p><span style=\"font-size: 10pt;\">\u00a0<\/span><\/p>\n<\/div>\n<div class=\"overview-buttons\" style=\"text-align: center;\"><span style=\"font-size: 10pt;\">\u00a0<\/span><\/div>\n<div class=\"additional-details\" style=\"text-align: center;\">\n<p style=\"text-align: center;\"><span style=\"font-size: 10pt;\">\u00a0<\/span><\/p>\n<\/div>","protected":false},"excerpt":{"rendered":"<p>Sukienka ala&#8217; Jeansowa z Kwiatami Dziewcz\u0119ca Inga Pomara\u0144czowa Sukienka ala&#8217; Jeansowa z Kwiatami Dziewcz\u0119ca Inga Pomara\u0144czowa- posiada gumk\u0119 w biu\u015bcie. Falbanka na dole dodaje sukience niepowtarzalnego uroku. Materia\u0142 jest przyjemny w dotyku. Sukienka jest niezwykle wygodna i dobrze si\u0119 nosi. . Sukienka\u00a0 posiada ala&#8217; jeansow\u0105 g\u00f3r\u0119 oraz \u015bliski materia\u0142owy, zdobiony d\u00f3\u0142\u00a0 . Sukienka sprawdzi si\u0119<\/p>\n<div class=\"klb-readmore post-buttons\"><a class=\"button black outline size-sm\" href=\"https:\/\/madelinefashion.pl\/en\/product\/sukienka-ala-jeansowa-z-kwiatami-dziewczeca-inga-pomaranczowa\/\">Read More <i class=\"klbth-icon-right-arrow\"><\/i><\/a><\/div>","protected":false},"featured_media":40731,"template":"","meta":[],"product_brand":[],"product_cat":[125,395],"product_tag":[],"class_list":{"0":"post-40735","1":"product","2":"type-product","3":"status-publish","4":"has-post-thumbnail","6":"product_cat-sukienki","7":"product_cat-nowosci","8":"pa_rozmiar-l","9":"pa_rozmiar-xl","10":"pa_rozmiar-xxl","11":"pa_rozmiar-s","12":"pa_rozmiar-m","14":"first","15":"instock","16":"purchasable","17":"product-type-simple"},"_links":{"self":[{"href":"https:\/\/madelinefashion.pl\/en\/wp-json\/wp\/v2\/product\/40735","targetHints":{"allow":["GET"]}}],"collection":[{"href":"https:\/\/madelinefashion.pl\/en\/wp-json\/wp\/v2\/product"}],"about":[{"href":"https:\/\/madelinefashion.pl\/en\/wp-json\/wp\/v2\/types\/product"}],"wp:featuredmedia":[{"embeddable":true,"href":"https:\/\/madelinefashion.pl\/en\/wp-json\/wp\/v2\/media\/40731"}],"wp:attachment":[{"href":"https:\/\/madelinefashion.pl\/en\/wp-json\/wp\/v2\/media?parent=40735"}],"wp:term":[{"taxonomy":"product_brand","embeddable":true,"href":"https:\/\/madelinefashion.pl\/en\/wp-json\/wp\/v2\/product_brand?post=40735"},{"taxonomy":"product_cat","embeddable":true,"href":"https:\/\/madelinefashion.pl\/en\/wp-json\/wp\/v2\/product_cat?post=40735"},{"taxonomy":"product_tag","embeddable":true,"href":"https:\/\/madelinefashion.pl\/en\/wp-json\/wp\/v2\/product_tag?post=40735"}],"curies":[{"name":"wp","href":"https:\/\/api.w.org\/{rel}","templated":true}]}}