{"id":40858,"date":"2022-05-24T16:46:56","date_gmt":"2022-05-24T14:46:56","guid":{"rendered":"https:\/\/madelinefashion.pl\/?post_type=product&#038;p=40858"},"modified":"2025-09-09T10:27:56","modified_gmt":"2025-09-09T08:27:56","slug":"sukienka-pasterowa-na-ramiaczkach-zamzibar-maxi-pudrowy-roz","status":"publish","type":"product","link":"https:\/\/madelinefashion.pl\/en\/product\/sukienka-pasterowa-na-ramiaczkach-zamzibar-maxi-pudrowy-roz\/","title":{"rendered":"Paster Dress On Straps Zamzibar Maxi Powder Pink"},"content":{"rendered":"<h3 style=\"text-align: center;\">Paster Dress On Straps Zamzibar Maxi Powder Pink<\/h3>\n<p style=\"text-align: center;\"><span style=\"vertical-align: inherit;\"><span style=\"vertical-align: inherit;\"><strong>Paster Dress On Straps Zamzibar Maxi Powder Pink <\/strong>made of delicate, thin material is an ideal proposition for<strong> every woman who values style. The slightly oversized cut makes us feel comfortable and comfortable. It has slits on both sides that beautifully expose the legs. The dress has thin straps. <\/strong>S.<\/span><span style=\"vertical-align: inherit;\">that no one will pass by you indifferently.<b> Dress <\/b>\u00a0perfectly adapts to the figure.It&#039;s a model<\/span><\/span> simply created for warm spring and summer days, both during holidays and in the hustle and bustle of the city due to the breathable material. Comfortable to wear in a sophisticated style must be in your wardrobe. Recommended for ladies wearing Size <strong>XS SML.\u00a0 <span lang=\"pl-pl\" xml:lang=\"pl-pl\">A unique model for exceptional women!<\/span><\/strong><\/p>\n<p>&nbsp;<\/p>\n<h3 style=\"text-align: center;\"><span style=\"vertical-align: inherit;\">Dimensions :<\/span><\/h3>\n<p align=\"center\">Total length - front - 140 cm, back - 147 cm<br \/>\nWidth from armpit to armpit - 37 cm -5c cm<br \/>\n<span style=\"vertical-align: inherit;\"><span style=\"vertical-align: inherit;\">Dimensions may vary from the given +\/- 2cm. <\/span><span style=\"vertical-align: inherit;\">All dimensions given are measured flat. <strong>X2 dimension<\/strong><\/span><\/span><\/p>\n<table style=\"height: 202px;\" width=\"565\">\n<tbody>\n<tr>\n<td width=\"302\">Model name<\/td>\n<td width=\"302\">Paster Dress On Straps Zamzibar Maxi<\/td>\n<\/tr>\n<tr>\n<td width=\"302\">Color<\/td>\n<td width=\"302\">Powder Pink<\/td>\n<\/tr>\n<tr>\n<td width=\"302\">Collection<\/td>\n<td width=\"302\">Spring Summer<\/td>\n<\/tr>\n<tr>\n<td width=\"302\">Sizes<\/td>\n<td width=\"302\">Universal<\/td>\n<\/tr>\n<tr>\n<td width=\"302\">Cleavage<\/td>\n<td width=\"302\">Spanish<\/td>\n<\/tr>\n<tr>\n<td width=\"302\">Length<\/td>\n<td width=\"302\">Maxi<\/td>\n<\/tr>\n<tr>\n<td width=\"302\">Material<\/td>\n<td width=\"302\">95% Polyester 5% Elastane<\/td>\n<\/tr>\n<\/tbody>\n<\/table>\n<div class=\"tabs tabs-bb clear mb-80\">\n<div class=\"tab-content\">\n<div id=\"tab-description\" class=\"tab-pane fade in woocommerce-Tabs-panel--description active\">\n<p style=\"text-align: center;\">The model has\u00a0<strong>169<\/strong>\u00a0cm tall, wears a size every day\u00a0<strong>S.<\/strong><\/p>\n<p style=\"text-align: center;\">The width at the bust is 92 cm<\/p>\n<p style=\"text-align: center;\">Waist width 62 cm<\/p>\n<p style=\"text-align: center;\">The width at the hips is 94 cm<\/p>\n<\/div>\n<\/div>\n<\/div>\n<section class=\"related products mb-80\"><\/section>\n<section class=\"page-product-box\">\n<div class=\"rte\">\n<p style=\"text-align: center;\">\n<\/div>\n<\/section>","protected":false},"excerpt":{"rendered":"<p>Sukienka Pasterowa Na Ramiaczkach Zamzibar Maxi Pudrowy R\u00f3\u017c Sukienka Pasterowa Na Ramiaczkach Zamzibar Maxi Pudrowy R\u00f3\u017c wykonana z delikatnego, cienkiego materia\u0142u jest idealna propozycj\u0105 dla ka\u017cdej kobiety ceni\u0105cej styl. Lekko oversizowy kr\u00f3j sprawia, \u017ce czujemy si\u0119 wygodnie i komfortowo. Z dw\u00f3ch stron posiada rozci\u0119cia kt\u00f3re w pi\u0119kny spos\u00f3b eksponuj\u0105 nogi. Sukienka jest na cienkie rami\u0105czka.<\/p>\n<div class=\"klb-readmore post-buttons\"><a class=\"button black outline size-sm\" href=\"https:\/\/madelinefashion.pl\/en\/product\/sukienka-pasterowa-na-ramiaczkach-zamzibar-maxi-pudrowy-roz\/\">Read More <i class=\"klbth-icon-right-arrow\"><\/i><\/a><\/div>","protected":false},"featured_media":40817,"template":"","meta":[],"product_brand":[],"product_cat":[125,395],"product_tag":[],"class_list":{"0":"post-40858","1":"product","2":"type-product","3":"status-publish","4":"has-post-thumbnail","6":"product_cat-sukienki","7":"product_cat-nowosci","9":"first","10":"instock","11":"purchasable","12":"product-type-simple"},"_links":{"self":[{"href":"https:\/\/madelinefashion.pl\/en\/wp-json\/wp\/v2\/product\/40858","targetHints":{"allow":["GET"]}}],"collection":[{"href":"https:\/\/madelinefashion.pl\/en\/wp-json\/wp\/v2\/product"}],"about":[{"href":"https:\/\/madelinefashion.pl\/en\/wp-json\/wp\/v2\/types\/product"}],"wp:featuredmedia":[{"embeddable":true,"href":"https:\/\/madelinefashion.pl\/en\/wp-json\/wp\/v2\/media\/40817"}],"wp:attachment":[{"href":"https:\/\/madelinefashion.pl\/en\/wp-json\/wp\/v2\/media?parent=40858"}],"wp:term":[{"taxonomy":"product_brand","embeddable":true,"href":"https:\/\/madelinefashion.pl\/en\/wp-json\/wp\/v2\/product_brand?post=40858"},{"taxonomy":"product_cat","embeddable":true,"href":"https:\/\/madelinefashion.pl\/en\/wp-json\/wp\/v2\/product_cat?post=40858"},{"taxonomy":"product_tag","embeddable":true,"href":"https:\/\/madelinefashion.pl\/en\/wp-json\/wp\/v2\/product_tag?post=40858"}],"curies":[{"name":"wp","href":"https:\/\/api.w.org\/{rel}","templated":true}]}}