{"id":41144,"date":"2022-05-25T16:21:29","date_gmt":"2022-05-25T14:21:29","guid":{"rendered":"https:\/\/madelinefashion.pl\/?post_type=product&#038;p=41144"},"modified":"2026-01-20T10:33:49","modified_gmt":"2026-01-20T09:33:49","slug":"bluzka-na-ramiaczkach-lola-biala","status":"publish","type":"product","link":"https:\/\/madelinefashion.pl\/en\/product\/bluzka-na-ramiaczkach-lola-biala\/","title":{"rendered":"Blouse with shoulder straps Lola White"},"content":{"rendered":"<h3 style=\"text-align: center;\">Blouse with shoulder straps Lola White<\/h3>\n<p style=\"text-align: center;\"><strong>Blouse with shoulder straps Lola White<\/strong> Bet on an outfit with a claw! Made of light material, they will be perfect for most styles. Flexible fabric will shape the silhouette. The blouse is made of light and pleasant to the touch fabric. Selected for many styles. <strong>A model you will fall in love with<\/strong>. You can wear them with shorts, jeans, skirts and even leather pants. The blouse has decorative ala &#039;feather inserts on the front, and the back is made of cotton. Bottom trimmed with silver thread European product, very good quality. Perfect for school, work, a date or meeting with friends! <strong>Perfect for any time and occasion!\u00a0<\/strong>Size\u00a0<strong>universal recommended<\/strong>\u00a0for ladies in sizes from<strong> XS to L\u00a0 \u00a0 <\/strong>\u00a0A wide range of colors will allow you to choose a blouse that will emphasize your character!<\/p>\n<h3 style=\"text-align: center;\">Dimensions<\/h3>\n<ul style=\"text-align: center;\">\n<li>total length 62 cm<\/li>\n<li>width from armpit to armpit: 48 cm<\/li>\n<li>bottom width: 52<\/li>\n<\/ul>\n<p style=\"text-align: center;\">Dimensions may slightly differ from the given +\/- 2cm. All dimensions given are measured flat. <strong>X2 dimension<\/strong><\/p>\n<p style=\"text-align: center;\"><strong>\u00a0<\/strong><\/p>\n<table width=\"623\">\n<tbody>\n<tr>\n<td width=\"302\">Model name<\/td>\n<td width=\"302\">Lola Strappy Blouse<\/td>\n<\/tr>\n<tr>\n<td width=\"302\">Color<\/td>\n<td width=\"302\">White<\/td>\n<\/tr>\n<tr>\n<td width=\"302\">Collection<\/td>\n<td width=\"302\">Spring Summer Autumn Winter<\/td>\n<\/tr>\n<tr>\n<td width=\"302\">Sizes<\/td>\n<td width=\"302\">Universal<\/td>\n<\/tr>\n<tr>\n<td width=\"302\">Fashion<\/td>\n<td width=\"302\">Matched<\/td>\n<\/tr>\n<tr>\n<td width=\"302\">Cleavage<\/td>\n<td width=\"302\">Round<\/td>\n<\/tr>\n<tr>\n<td width=\"302\">Bust stiffening cups<\/td>\n<td width=\"302\">Not<\/td>\n<\/tr>\n<tr>\n<td width=\"302\">Material<\/td>\n<td width=\"302\">75% Viscose 30% Polyester<\/td>\n<\/tr>\n<\/tbody>\n<\/table>\n<p style=\"text-align: center;\">\u00a0The model has\u00a0<strong>169<\/strong>\u00a0cm tall, wears a size every day\u00a0<strong>S.<\/strong><\/p>\n<p style=\"text-align: center;\">The width at the bust is 92 cm<\/p>\n<p style=\"text-align: center;\">Waist width 62 cm<\/p>\n<p style=\"text-align: center;\">The width at the hips is 94 cm<\/p>","protected":false},"excerpt":{"rendered":"<p>Bluzka na Ramiaczkach Lola Bia\u0142a Bluzka na Ramiaczkach Lola Bia\u0142a Postaw na outfit z pazurem! Wykonana z lekkiego, materia\u0142u sprawdz\u0105 si\u0119 idealnie w wi\u0119kszo\u015bci stylizacji. Elastyczna tkanina wymodeluje sylwetk\u0119. Bluzka wykonane z lekkiej i przyjemnej w dotyku tkaniny. Wybierane do wielu stylizacji. Model w kt\u00f3rym si\u0119 zakochasz. Mo\u017cesz je nosi\u0107 do szort\u00f3w, d\u017cins\u00f3w, sp\u00f3dnicy, a<\/p>\n<div class=\"klb-readmore post-buttons\"><a class=\"button black outline size-sm\" href=\"https:\/\/madelinefashion.pl\/en\/product\/bluzka-na-ramiaczkach-lola-biala\/\">Read More <i class=\"klbth-icon-right-arrow\"><\/i><\/a><\/div>","protected":false},"featured_media":40907,"template":"","meta":[],"product_brand":[],"product_cat":[77],"product_tag":[251],"class_list":{"0":"post-41144","1":"product","2":"type-product","3":"status-publish","4":"has-post-thumbnail","6":"product_cat-bluzki","7":"product_tag-bluzka-biala","9":"first","10":"instock","11":"sale","12":"purchasable","13":"product-type-simple"},"_links":{"self":[{"href":"https:\/\/madelinefashion.pl\/en\/wp-json\/wp\/v2\/product\/41144","targetHints":{"allow":["GET"]}}],"collection":[{"href":"https:\/\/madelinefashion.pl\/en\/wp-json\/wp\/v2\/product"}],"about":[{"href":"https:\/\/madelinefashion.pl\/en\/wp-json\/wp\/v2\/types\/product"}],"wp:featuredmedia":[{"embeddable":true,"href":"https:\/\/madelinefashion.pl\/en\/wp-json\/wp\/v2\/media\/40907"}],"wp:attachment":[{"href":"https:\/\/madelinefashion.pl\/en\/wp-json\/wp\/v2\/media?parent=41144"}],"wp:term":[{"taxonomy":"product_brand","embeddable":true,"href":"https:\/\/madelinefashion.pl\/en\/wp-json\/wp\/v2\/product_brand?post=41144"},{"taxonomy":"product_cat","embeddable":true,"href":"https:\/\/madelinefashion.pl\/en\/wp-json\/wp\/v2\/product_cat?post=41144"},{"taxonomy":"product_tag","embeddable":true,"href":"https:\/\/madelinefashion.pl\/en\/wp-json\/wp\/v2\/product_tag?post=41144"}],"curies":[{"name":"wp","href":"https:\/\/api.w.org\/{rel}","templated":true}]}}