{"id":41162,"date":"2022-05-25T16:35:01","date_gmt":"2022-05-25T14:35:01","guid":{"rendered":"https:\/\/madelinefashion.pl\/?post_type=product&#038;p=41162"},"modified":"2025-10-14T12:11:49","modified_gmt":"2025-10-14T10:11:49","slug":"spodnica-dopasowana-wiazana-maleo-pudrowy-roz","status":"publish","type":"product","link":"https:\/\/madelinefashion.pl\/en\/product\/spodnica-dopasowana-wiazana-maleo-pudrowy-roz\/","title":{"rendered":"Fitted Skirt Tied Maleo Powder Pink"},"content":{"rendered":"<h3 style=\"text-align: center;\">Fitted Skirt Tied Maleo Powder Pink<\/h3>\n<p style=\"text-align: center;\"><span style=\"font-family: arial, helvetica, sans-serif; font-size: 10pt;\"><strong>Fitted Skirt Tied Maleo Powder Pink<\/strong> postponed - perfect <strong>emphasizes feminine shapes<\/strong>. Elastic skirt, highly elastic. It is a best seller in our boutique. The skirt is a real hit with bloggers and celebrities.\u00a0 <\/span><span style=\"font-size: 10pt;\">Great ruffles add to its charm. You will always present yourself in our skirt <strong>attractive<\/strong>. <\/span><span style=\"font-size: 10pt;\"><strong>Create the perfect set<\/strong> with our <a href=\"https:\/\/madelinefashion.pl\/en\/bluzki-2\/bluzki\/\">blouses<\/a> and <a href=\"https:\/\/madelinefashion.pl\/en\/body\/\">bodami<\/a>. It is an ideal proposition for any type of occasion, it will be perfect not only for everyday use, for the office or for a party, but it will also complement elegant stylizations. , You will certainly find a suitable combination in our online boutique <strong>skirt<\/strong>. Recommended for ladies in sizes S, M, L We recommend <strong>accurate measurement\u00a0<\/strong>according to the dimension table below. Available in our e-shop in <strong>several color variants<\/strong>so don&#039;t hesitate and choose the one that&#039;s perfect for you. If you cannot decide which color is best for you, please contact us through <a href=\"https:\/\/www.facebook.com\/madelinefashionbutik\" target=\"_blank\" rel=\"noopener\">Facebook<\/a>\u00a0or <a href=\"https:\/\/madelinefashion.pl\/en\/kontakt\/\">phone<\/a>.<\/span><\/p>\n<p>&nbsp;<\/p>\n<p>&nbsp;<\/p>\n<h3 style=\"text-align: center;\">Dimensions:<\/h3>\n<ul>\n<li style=\"text-align: center;\">Total length - 44 cm<\/li>\n<li style=\"text-align: center;\">The longest seat - 60cm<\/li>\n<li style=\"text-align: center;\">Waist width - 34-44 cm<\/li>\n<li style=\"text-align: center;\">Hip width 44-54 cm<\/li>\n<\/ul>\n<p style=\"text-align: center;\"><span style=\"font-size: 10pt;\">\u00a0<\/span><\/p>\n<p style=\"text-align: center;\"><span style=\"font-size: 10pt;\">Dimensions may slightly differ from the given +\/- 2cm. All dimensions given are measured flat.<\/span><\/p>\n<p style=\"text-align: center;\"><span style=\"font-size: 10pt;\">\u00a0<\/span><\/p>\n<table>\n<tbody>\n<tr>\n<td width=\"302\">Product name<\/td>\n<td width=\"302\">Tied Maleo Tight Skirt<\/td>\n<\/tr>\n<tr>\n<td width=\"302\">Color<\/td>\n<td width=\"302\">Powder Roz<\/td>\n<\/tr>\n<tr>\n<td width=\"302\">Sizes<\/td>\n<td width=\"302\">Universal<\/td>\n<\/tr>\n<tr>\n<td width=\"302\">Fashion<\/td>\n<td width=\"302\">Matched<\/td>\n<\/tr>\n<tr>\n<td width=\"302\">Material<\/td>\n<td width=\"302\">95% Polyester<\/td>\n<\/tr>\n<\/tbody>\n<\/table>\n<p style=\"text-align: center;\"><span style=\"font-size: 10pt;\">\u00a0<\/span><\/p>\n<p>&nbsp;<\/p>\n<p style=\"text-align: center;\"><span style=\"font-size: 10pt;\">\u00a0<strong>Recommended<\/strong> for people wearing size from\u00a0<strong>S.\u00a0<\/strong>down\u00a0<strong>L.<\/strong><\/span><\/p>\n<p>&nbsp;<\/p>\n<p>&nbsp;<\/p>\n<p style=\"text-align: center;\">The model has\u00a0<strong>169<\/strong>\u00a0cm tall, wears a size every day\u00a0<strong>S.<\/strong><\/p>\n<p style=\"text-align: center;\">The width at the bust is 92 cm<\/p>\n<p style=\"text-align: center;\">Waist width 62 cm<\/p>\n<p style=\"text-align: center;\">The width at the hips is 94 cm<\/p>\n<p style=\"text-align: center;\"><span style=\"font-size: 10pt;\">\u00a0<\/span><\/p>\n<p style=\"text-align: center;\"><span style=\"font-size: 10pt;\">\u00a0<\/span><\/p>\n<p style=\"text-align: center;\"><span style=\"font-size: 10pt;\">\u00a0<\/span><\/p>","protected":false},"excerpt":{"rendered":"<p>Spodnica Dopasowana Wiazana Maleo Pudrowy R\u00f3\u017c Spodnica Dopasowana Wiazana Maleo Pudrowy R\u00f3\u017c przek\u0142adana- idealnie podkre\u015bla kobiece kszta\u0142ty. Sp\u00f3dniczka na gumk\u0119, mocno elastyczna. Jest to\u00a0 bestseler w naszym butiku. Sp\u00f3dnica jest prawdziwym hitem w\u015br\u00f3d blogerek i gwiazd.\u00a0 \u015awietne marszczenie dodaje jej uroku. W naszej sp\u00f3dnicy zawsze b\u0119dziesz si\u0119\u00a0 prezentowa\u0107 atrakcyjnie. Stw\u00f3rz idealny zestaw z naszymi bluzkami<\/p>\n<div class=\"klb-readmore post-buttons\"><a class=\"button black outline size-sm\" href=\"https:\/\/madelinefashion.pl\/en\/product\/spodnica-dopasowana-wiazana-maleo-pudrowy-roz\/\">Read More <i class=\"klbth-icon-right-arrow\"><\/i><\/a><\/div>","protected":false},"featured_media":41129,"template":"","meta":[],"product_brand":[],"product_cat":[121],"product_tag":[],"class_list":{"0":"post-41162","1":"product","2":"type-product","3":"status-publish","4":"has-post-thumbnail","6":"product_cat-mini","7":"pa_rozmiar-s-36","8":"pa_rozmiar-m-38","9":"pa_rozmiar-l-40","11":"first","12":"instock","13":"purchasable","14":"product-type-simple"},"_links":{"self":[{"href":"https:\/\/madelinefashion.pl\/en\/wp-json\/wp\/v2\/product\/41162","targetHints":{"allow":["GET"]}}],"collection":[{"href":"https:\/\/madelinefashion.pl\/en\/wp-json\/wp\/v2\/product"}],"about":[{"href":"https:\/\/madelinefashion.pl\/en\/wp-json\/wp\/v2\/types\/product"}],"wp:featuredmedia":[{"embeddable":true,"href":"https:\/\/madelinefashion.pl\/en\/wp-json\/wp\/v2\/media\/41129"}],"wp:attachment":[{"href":"https:\/\/madelinefashion.pl\/en\/wp-json\/wp\/v2\/media?parent=41162"}],"wp:term":[{"taxonomy":"product_brand","embeddable":true,"href":"https:\/\/madelinefashion.pl\/en\/wp-json\/wp\/v2\/product_brand?post=41162"},{"taxonomy":"product_cat","embeddable":true,"href":"https:\/\/madelinefashion.pl\/en\/wp-json\/wp\/v2\/product_cat?post=41162"},{"taxonomy":"product_tag","embeddable":true,"href":"https:\/\/madelinefashion.pl\/en\/wp-json\/wp\/v2\/product_tag?post=41162"}],"curies":[{"name":"wp","href":"https:\/\/api.w.org\/{rel}","templated":true}]}}