{"id":41558,"date":"2022-05-26T13:20:13","date_gmt":"2022-05-26T11:20:13","guid":{"rendered":"https:\/\/madelinefashion.pl\/?post_type=product&#038;p=41558"},"modified":"2025-09-09T10:27:52","modified_gmt":"2025-09-09T08:27:52","slug":"sukienka-maxi-corbi-zwiewna-musztardowy","status":"publish","type":"product","link":"https:\/\/madelinefashion.pl\/en\/product\/sukienka-maxi-corbi-zwiewna-musztardowy\/","title":{"rendered":"Airy Maxi Corbi Dress Mustard"},"content":{"rendered":"<h3 style=\"text-align: center;\">Airy Maxi Corbi Dress Mustard<\/h3>\n<p style=\"text-align: center;\"><span style=\"font-size: 10pt;\"><strong style=\"font-size: 10pt;\">Airy Maxi Corbi Dress<\/strong><span style=\"font-size: 10pt;\"> Color maxi dress <\/span><strong style=\"font-size: 10pt;\">cappuccino<\/strong><span style=\"font-size: 10pt;\">.\u00a0 <\/span><b style=\"font-size: 10pt;\">The dress is airy, perfect for <\/b><span style=\"font-size: 13.3333px;\"><b>spring<\/b><\/span><b style=\"font-size: 10pt;\">\u00a0<\/b><span style=\"font-size: 13.3333px;\"><b>styling<\/b><\/span><b style=\"font-size: 10pt;\">.<\/b><span style=\"font-size: 10pt;\"> An elastic band at the waist ensures that the model fits the figure, which will emphasize the feminine shapes. Dress no <\/span><strong style=\"font-size: 10pt;\">it has lining which makes it perfect for hot days <\/strong><span style=\"font-size: 10pt;\">. Airy cut looks fantastic while moving. An ideal proposition for a wedding, wedding reception, family celebrations, banquets and a meeting with friends. <\/span><span lang=\"pl-pl\" style=\"font-size: 10pt;\" xml:lang=\"pl-pl\">The dress is made of light material so <strong>you will feel at ease in it.\u00a0<\/strong><\/span><span lang=\"pl-pl\" style=\"font-size: 10pt;\" xml:lang=\"pl-pl\">Available in our store in several color variants. Recommended for women in size SML XL. <strong>The perfect proposition for a wedding, wedding reception and other family celebrations. Belt included\u00a0<\/strong><\/span><\/span><\/p>\n<p>&nbsp;<\/p>\n<h3 style=\"text-align: center;\">\u00a0Dimensions:<\/h3>\n<p style=\"text-align: center;\"><em><strong>Size M \/ L\u00a0<\/strong>(suitable for SML)<\/em><\/p>\n<ul style=\"text-align: center;\">\n<li><span style=\"font-size: 10pt;\">\u00a0\u00a0\u00a0\u00a0\u00a0\u00a0\u00a0 total length: 140 cm<br \/>\n<\/span><\/li>\n<li><span style=\"font-size: 10pt;\">\u00a0\u00a0\u00a0\u00a0\u00a0\u00a0\u00a0 width at the bust 35-45 cm<\/span><\/li>\n<li><span style=\"font-size: 10pt;\">\u00a0\u00a0\u00a0\u00a0\u00a0\u00a0\u00a0 waist width 27-38 cm (elastic band)<\/span><\/li>\n<\/ul>\n<p>&nbsp;<\/p>\n<p style=\"text-align: center;\"><strong>Size XL \/ XXL\u00a0<\/strong> (suitable for XL XXL XXXL)<\/p>\n<ul style=\"text-align: center;\">\n<li><span style=\"font-size: 10pt;\">\u00a0\u00a0\u00a0\u00a0\u00a0\u00a0\u00a0 total length: 146cm<br \/>\n<\/span><\/li>\n<li><span style=\"font-size: 10pt;\">\u00a0\u00a0\u00a0\u00a0\u00a0\u00a0\u00a0 bust width 38-48cm<\/span><\/li>\n<li><span style=\"font-size: 10pt;\">\u00a0\u00a0\u00a0\u00a0\u00a0\u00a0\u00a0 waist width 29-40 cm (elastic band)<\/span><\/li>\n<\/ul>\n<p>&nbsp;<\/p>\n<p style=\"text-align: center;\"><span style=\"font-size: 10pt;\">Dimensions may slightly differ from the given +\/- 2cm.\u00a0<\/span><\/p>\n<p style=\"text-align: center;\"><span style=\"font-size: 10pt;\"><strong>\u00a0<\/strong>\u00a0<\/span><\/p>\n<p>&nbsp;<\/p>\n<table>\n<tbody>\n<tr>\n<td width=\"302\"><span style=\"font-size: 10pt;\">Model name<\/span><\/td>\n<td width=\"302\">Airy Maxi Corbi Dress<\/td>\n<\/tr>\n<tr>\n<td width=\"302\"><span style=\"font-size: 10pt;\">Color<\/span><\/td>\n<td width=\"302\"><span style=\"font-size: 13.3333px;\">Mustard<\/span><\/td>\n<\/tr>\n<tr>\n<td width=\"302\">Composition<\/td>\n<td width=\"302\">65% Cotton<br \/>\n35% Polyester<\/td>\n<\/tr>\n<tr>\n<td width=\"302\"><span style=\"font-size: 10pt;\">Length<\/span><\/td>\n<td width=\"302\"><span style=\"font-size: 10pt;\">To the ground<\/span><\/td>\n<\/tr>\n<\/tbody>\n<\/table>\n<p style=\"text-align: center;\"><span style=\"vertical-align: inherit;\">The model has\u00a0 <\/span><strong><span style=\"vertical-align: inherit;\">169<\/span><\/strong><span style=\"vertical-align: inherit;\"> \u00a0cm tall, wears a size every day\u00a0 <\/span><strong><span style=\"vertical-align: inherit;\">S.<\/span><\/strong><\/p>\n<p style=\"text-align: center;\"><span style=\"vertical-align: inherit;\">The width at the bust is 92 cm<\/span><\/p>\n<p style=\"text-align: center;\"><span style=\"vertical-align: inherit;\">The width of the tool is 62 cm<\/span><\/p>\n<p style=\"text-align: center;\"><span style=\"vertical-align: inherit;\">The width at the hips is 94 cm<\/span><span style=\"font-size: 10pt;\">\u00a0<\/span><\/p>\n<div class=\"additional-details\" style=\"text-align: center;\">\n<p style=\"text-align: center;\"><span style=\"font-size: 10pt;\">\u00a0<\/span><\/p>\n<\/div>","protected":false},"excerpt":{"rendered":"<p>Sukienka Maxi Corbi Zwiewna Musztardowy Sukienka Maxi Corbi Zwiewna Sukienka maxi\u00a0 w kolorze Cappuccino.\u00a0 Sukienka jest zwiewna, idealna do wiosennych\u00a0stylizacji. W talii elastyczna gumka zapewnia dopasowanie modelu do sylwetki co podkre\u015bli kobiece kszta\u0142ty. Sukienka nie posiada podszewki co sprawia \u017c\u0119 jest idealna na upalne dni . Zwiewny fason fantastycznie uk\u0142ada si\u0119 podczas ruchu. Idealna propozycja<\/p>\n<div class=\"klb-readmore post-buttons\"><a class=\"button black outline size-sm\" href=\"https:\/\/madelinefashion.pl\/en\/product\/sukienka-maxi-corbi-zwiewna-musztardowy\/\">Read More <i class=\"klbth-icon-right-arrow\"><\/i><\/a><\/div>","protected":false},"featured_media":41300,"template":"","meta":[],"product_brand":[],"product_cat":[125],"product_tag":[],"class_list":{"0":"post-41558","1":"product","2":"type-product","3":"status-publish","4":"has-post-thumbnail","6":"product_cat-sukienki","7":"pa_rozmiar-m-l","8":"pa_rozmiar-xl-xxl","10":"first","11":"instock","12":"product-type-variable"},"_links":{"self":[{"href":"https:\/\/madelinefashion.pl\/en\/wp-json\/wp\/v2\/product\/41558","targetHints":{"allow":["GET"]}}],"collection":[{"href":"https:\/\/madelinefashion.pl\/en\/wp-json\/wp\/v2\/product"}],"about":[{"href":"https:\/\/madelinefashion.pl\/en\/wp-json\/wp\/v2\/types\/product"}],"wp:featuredmedia":[{"embeddable":true,"href":"https:\/\/madelinefashion.pl\/en\/wp-json\/wp\/v2\/media\/41300"}],"wp:attachment":[{"href":"https:\/\/madelinefashion.pl\/en\/wp-json\/wp\/v2\/media?parent=41558"}],"wp:term":[{"taxonomy":"product_brand","embeddable":true,"href":"https:\/\/madelinefashion.pl\/en\/wp-json\/wp\/v2\/product_brand?post=41558"},{"taxonomy":"product_cat","embeddable":true,"href":"https:\/\/madelinefashion.pl\/en\/wp-json\/wp\/v2\/product_cat?post=41558"},{"taxonomy":"product_tag","embeddable":true,"href":"https:\/\/madelinefashion.pl\/en\/wp-json\/wp\/v2\/product_tag?post=41558"}],"curies":[{"name":"wp","href":"https:\/\/api.w.org\/{rel}","templated":true}]}}