{"id":41599,"date":"2022-05-26T14:47:53","date_gmt":"2022-05-26T12:47:53","guid":{"rendered":"https:\/\/madelinefashion.pl\/?post_type=product&#038;p=41599"},"modified":"2026-01-02T14:48:16","modified_gmt":"2026-01-02T13:48:16","slug":"kombinezon-w-kwiaty-chicaca-biale-peonie","status":"publish","type":"product","link":"https:\/\/madelinefashion.pl\/en\/product\/kombinezon-w-kwiaty-chicaca-biale-peonie\/","title":{"rendered":"Chicaca White Peonies Jumpsuit"},"content":{"rendered":"<h3 style=\"text-align: center;\">Chicaca White Peonies Jumpsuit<\/h3>\n<p style=\"text-align: center;\"><span style=\"vertical-align: inherit;\"><span style=\"vertical-align: inherit;\"><b>Elegant floral jumpsuit with a top decorated with frills, <\/b>which will surely add character and style. One shoulder coverall p<\/span><span style=\"vertical-align: inherit;\">the rights that no one will pass by you indifferently.<strong> Summer jumpsuit with beautiful floral patterns<\/strong> made of airy materials in intense colors. <strong>Long, wide legs are a hit this season! <\/strong>The set includes a belt<strong>that will perfectly emphasize your waist. <\/strong>The suit is available in<strong> three color versions,<\/strong> therefore each of you will certainly choose something for yourself. You can create a style with our shoes <\/span><\/span>just made for warm spring and summer days, both during holidays and in the hustle and bustle of the city. <strong>You will be delighted, the perfect cut as an alternative to the dress.<\/strong> Comfortable to wear in a sophisticated style must be in your wardrobe. <strong>A stylish and very feminine jumpsuit. The perfect base for many styles.<\/strong>\u00a0 Recommended for ladies wearing Size <strong>XS SML<br \/>\nThis insane Chicaca jumpsuit must be in your wardrobe!<\/strong><\/p>\n<p>&nbsp;<\/p>\n<h3 style=\"text-align: center;\"><span style=\"vertical-align: inherit;\">Coverall dimensions:<\/span><\/h3>\n<p align=\"center\">Total length - 141 cm<br \/>\nLength from the waist - 42 cm<br \/>\nWidth from armpit to armpit: 46 cm -52 cm<br \/>\nWaist width -27 cm -40 cm<br \/>\nInside leg length - 70 cm<\/p>\n<p style=\"text-align: center;\"><span style=\"vertical-align: inherit;\"><span style=\"vertical-align: inherit;\">Dimensions may vary from the given +\/- 2cm. <\/span><span style=\"vertical-align: inherit;\">All dimensions given are measured flat. <strong>X2 dimension<\/strong><\/span><\/span><\/p>\n<h3 style=\"text-align: center;\"><span style=\"vertical-align: inherit;\"><span style=\"vertical-align: inherit;\">Product characteristics:<br \/>\n<\/span><\/span><\/h3>\n<p style=\"text-align: center;\"><span style=\"vertical-align: inherit;\"><span style=\"vertical-align: inherit;\"><br \/>\n-elegant<br \/>\n-pleasant material<br \/>\n-fashionable cut<br \/>\n- elastic waist<br \/>\n-original<br \/>\n-feminine<br \/>\n- belt included<br \/>\n-floral patterns<\/span><\/span><\/p>\n<p style=\"text-align: center;\"><strong>\u00a0<\/strong><\/p>\n<table width=\"432\">\n<tbody>\n<tr>\n<td width=\"302\">Model name<\/td>\n<td width=\"302\">Chicaca Flowers Jumpsuit<\/td>\n<\/tr>\n<tr>\n<td width=\"302\">Color<\/td>\n<td width=\"302\">White, Peonies<\/td>\n<\/tr>\n<tr>\n<td width=\"302\">Collection<\/td>\n<td width=\"302\">Spring Summer \/<\/td>\n<\/tr>\n<tr>\n<td width=\"302\">Sizes<\/td>\n<td width=\"302\">Universal<\/td>\n<\/tr>\n<tr>\n<td width=\"302\">Cleavage<\/td>\n<td width=\"302\">Envelope<\/td>\n<\/tr>\n<tr>\n<td width=\"302\">Length<\/td>\n<td width=\"302\">Maxi<\/td>\n<\/tr>\n<tr>\n<td width=\"302\">Material<\/td>\n<td width=\"302\">95% Polyester 5% Elastane<\/td>\n<\/tr>\n<\/tbody>\n<\/table>\n<section class=\"page-product-box\">\n<div class=\"rte\">\n<p style=\"text-align: center;\">\n<\/div>\n<\/section>\n<div class=\"tabs tabs-bb clear mb-80\">\n<div class=\"tab-content\">\n<div id=\"tab-description\" class=\"tab-pane fade in woocommerce-Tabs-panel--description active\">\n<div class=\"tabs tabs-bb clear mb-80\">\n<div class=\"tab-content\">\n<div id=\"tab-description\" class=\"tab-pane fade in woocommerce-Tabs-panel--description active\">\n<p style=\"text-align: center;\">The model has\u00a0<strong>169<\/strong>\u00a0cm tall, wears a size every day\u00a0<strong>S.<\/strong><\/p>\n<p style=\"text-align: center;\">The width at the bust is 92 cm<\/p>\n<p style=\"text-align: center;\">Waist width 62 cm<\/p>\n<p style=\"text-align: center;\">The width at the hips is 94 cm<\/p>\n<\/div>\n<\/div>\n<\/div>\n<\/div>\n<\/div>\n<\/div>\n<section class=\"related products mb-80\"><\/section>\n<section class=\"page-product-box\">\n<div class=\"rte\">\n<p style=\"text-align: center;\">\n<\/div>\n<\/section>","protected":false},"excerpt":{"rendered":"<p>Kombinezon w Kwiaty Chicaca Bia\u0142e Peonie Elegancki kombinezon w kwiaty z g\u00f3r\u0105 zdobion\u0105 falbankami, kt\u00f3re z pewno\u015bci\u0105 dodadz\u0105 charakteru i stylu. Kombinezon na jedno rami\u0119 spraw, \u017ce nikt nie przejdzie obok Ciebie oboj\u0119tnie. Letni kombinezon w pi\u0119kne kwieciste wzory wykonany z przewiewnego materia\u0142y w intensywnych barwach. D\u0142ugie, szerokie nogawki to hit tego sezonu! W komplecie<\/p>\n<div class=\"klb-readmore post-buttons\"><a class=\"button black outline size-sm\" href=\"https:\/\/madelinefashion.pl\/en\/product\/kombinezon-w-kwiaty-chicaca-biale-peonie\/\">Read More <i class=\"klbth-icon-right-arrow\"><\/i><\/a><\/div>","protected":false},"featured_media":41518,"template":"","meta":[],"product_brand":[],"product_cat":[80,395],"product_tag":[297],"class_list":{"0":"post-41599","1":"product","2":"type-product","3":"status-publish","4":"has-post-thumbnail","6":"product_cat-sukienki-i-kombinezony","7":"product_cat-nowosci","8":"product_tag-kombinezony","10":"first","11":"instock","12":"purchasable","13":"product-type-simple"},"_links":{"self":[{"href":"https:\/\/madelinefashion.pl\/en\/wp-json\/wp\/v2\/product\/41599","targetHints":{"allow":["GET"]}}],"collection":[{"href":"https:\/\/madelinefashion.pl\/en\/wp-json\/wp\/v2\/product"}],"about":[{"href":"https:\/\/madelinefashion.pl\/en\/wp-json\/wp\/v2\/types\/product"}],"wp:featuredmedia":[{"embeddable":true,"href":"https:\/\/madelinefashion.pl\/en\/wp-json\/wp\/v2\/media\/41518"}],"wp:attachment":[{"href":"https:\/\/madelinefashion.pl\/en\/wp-json\/wp\/v2\/media?parent=41599"}],"wp:term":[{"taxonomy":"product_brand","embeddable":true,"href":"https:\/\/madelinefashion.pl\/en\/wp-json\/wp\/v2\/product_brand?post=41599"},{"taxonomy":"product_cat","embeddable":true,"href":"https:\/\/madelinefashion.pl\/en\/wp-json\/wp\/v2\/product_cat?post=41599"},{"taxonomy":"product_tag","embeddable":true,"href":"https:\/\/madelinefashion.pl\/en\/wp-json\/wp\/v2\/product_tag?post=41599"}],"curies":[{"name":"wp","href":"https:\/\/api.w.org\/{rel}","templated":true}]}}