{"id":41810,"date":"2022-05-27T10:39:06","date_gmt":"2022-05-27T08:39:06","guid":{"rendered":"https:\/\/madelinefashion.pl\/?post_type=product&#038;p=41810"},"modified":"2025-10-01T07:34:29","modified_gmt":"2025-10-01T05:34:29","slug":"spodenki-dresowe-szare","status":"publish","type":"product","link":"https:\/\/madelinefashion.pl\/en\/product\/spodenki-dresowe-szare\/","title":{"rendered":"Gray Sweatshorts"},"content":{"rendered":"<h3 style=\"text-align: center;\">Gray Sweatshorts<\/h3>\n<p style=\"text-align: center;\"><span style=\"vertical-align: inherit;\"><span style=\"vertical-align: inherit;\"><strong>Gray sweatpants<\/strong> is a fashionable element that cannot be missing in your wardrobe. <\/span><span style=\"vertical-align: inherit;\">Shorts made in <strong> 100% cotton <\/strong> ensure wearing comfort<\/span><\/span><strong><span style=\"vertical-align: inherit;\"><span style=\"vertical-align: inherit;\">. <\/span><\/span><\/strong><span style=\"vertical-align: inherit;\"><span style=\"vertical-align: inherit;\">Are very comfortable<\/span><\/span><span style=\"vertical-align: inherit;\"><span style=\"vertical-align: inherit;\"> and easy to combine, they can be easily combined with our blouses, shirts or bodysuits - which you will also find in our <a href=\"https:\/\/madelinefashion.pl\/en\/swetry\/\">e-shop.<\/a>\u00a0 <strong>Shorts with a decorative print on the leg and a neon drawstring<\/strong><strong>\u00a0<\/strong> they will steal every woman&#039;s heart. Short legs will emphasize and <strong>optically lengthen the legs<\/strong>. Sweat shorts are unique<\/span><\/span>\u00a0<strong>summer proposition! <\/strong>The shorts are elastic so they fit the body shape. <strong>Beautiful, feminine shorts will suit any styling. <\/strong><span style=\"vertical-align: inherit;\"><span style=\"vertical-align: inherit;\">\u00a0<\/span><\/span><span style=\"vertical-align: inherit;\"><span style=\"vertical-align: inherit;\">If you have any further questions about this product, please do not hesitate to contact us by phone or Facebook. Follow the new trends with\u00a0<strong>Madelinefashion.\u00a0<\/strong>Universal size shorts recommended for ladies in size <strong>XS SM<\/strong> <strong>L.<\/strong> in case of wearing a larger size, please see the dimensions:\u00a0<\/span><\/span><\/p>\n<p>&nbsp;<\/p>\n<h3 style=\"text-align: center;\"><span style=\"vertical-align: inherit;\"><span style=\"vertical-align: inherit;\">Pants dimensions:<\/span><\/span><\/h3>\n<ul>\n<li style=\"text-align: center;\">Overall length: 33 cm<\/li>\n<li style=\"text-align: center;\">Waist width: 33cm - 42cm<\/li>\n<li style=\"text-align: center;\">Hips width: 44 cm - 48 cm<\/li>\n<li style=\"text-align: center;\">Waist: 34 cm\n<ul>\n<li>Leg width: 30cm<\/li>\n<\/ul>\n<\/li>\n<\/ul>\n<p style=\"text-align: center;\"><span style=\"vertical-align: inherit;\"><span style=\"vertical-align: inherit;\">Dimensions may vary from the given +\/- 2cm. <\/span><span style=\"vertical-align: inherit;\">All dimensions given are measured flat.<strong> X2 dimension<\/strong><\/span><\/span><\/p>\n<h3 style=\"text-align: center;\"><span style=\"vertical-align: inherit;\"><span style=\"vertical-align: inherit;\"><strong><br \/>\n<\/strong>Characteristics:<strong><br \/>\n<\/strong><\/span><\/span><\/h3>\n<p>&nbsp;<\/p>\n<ul>\n<li style=\"text-align: center;\">light<\/li>\n<li style=\"text-align: center;\">sweatpants<\/li>\n<li style=\"text-align: center;\">short<\/li>\n<li style=\"text-align: center;\">cotton<\/li>\n<li style=\"text-align: center;\">on the elastic band<\/li>\n<li style=\"text-align: center;\">loose<\/li>\n<\/ul>\n<p style=\"text-align: center;\"><span style=\"vertical-align: inherit;\"><span style=\"vertical-align: inherit;\"><strong>\u00a0<\/strong><\/span><\/span><\/p>\n<p style=\"text-align: center;\">The model has\u00a0<strong>169<\/strong>\u00a0cm tall, wears a size every day\u00a0<strong>S.<\/strong><\/p>\n<p style=\"text-align: center;\">The width at the bust is 92 cm<\/p>\n<p style=\"text-align: center;\">Waist width 62 cm<\/p>\n<p style=\"text-align: center;\">The width at the hips is 94 cm<\/p>","protected":false},"excerpt":{"rendered":"<p>Spodenki Dresowe Szare Spodenki Dresowe w kolorze szarym to modny element, kt\u00f3rego nie mo\u017ce zabrakn\u0105\u0107 w Twojej garderobie. Spodenki wykonane w 100% bawe\u0142ny zapewniaj\u0105 komfort noszenia. S\u0105 bardzo wygodne oraz \u0142atwe w \u0142\u0105czeniu, bez problemu mo\u017cna je po\u0142\u0105czy\u0107 z naszymi bluzkami, koszulami czy bodami-\u00a0 kt\u00f3re r\u00f3wnie\u017c znajdziesz w naszym e-sklepie.\u00a0 Spodenki z ozdobnym nadrukiem na<\/p>\n<div class=\"klb-readmore post-buttons\"><a class=\"button black outline size-sm\" href=\"https:\/\/madelinefashion.pl\/en\/product\/spodenki-dresowe-szare\/\">Read More <i class=\"klbth-icon-right-arrow\"><\/i><\/a><\/div>","protected":false},"featured_media":41702,"template":"","meta":[],"product_brand":[],"product_cat":[83],"product_tag":[425],"class_list":{"0":"post-41810","1":"product","2":"type-product","3":"status-publish","4":"has-post-thumbnail","6":"product_cat-spodnie","7":"product_tag-spodenki","8":"pa_rozmiar-34-42-142","9":"pa_rozmiar-34-42-36-2","10":"pa_rozmiar-34-42-38-2","11":"pa_rozmiar-34-42-40-2","12":"pa_rozmiar-34-42-42-2","14":"first","15":"instock","16":"purchasable","17":"product-type-simple"},"_links":{"self":[{"href":"https:\/\/madelinefashion.pl\/en\/wp-json\/wp\/v2\/product\/41810","targetHints":{"allow":["GET"]}}],"collection":[{"href":"https:\/\/madelinefashion.pl\/en\/wp-json\/wp\/v2\/product"}],"about":[{"href":"https:\/\/madelinefashion.pl\/en\/wp-json\/wp\/v2\/types\/product"}],"wp:featuredmedia":[{"embeddable":true,"href":"https:\/\/madelinefashion.pl\/en\/wp-json\/wp\/v2\/media\/41702"}],"wp:attachment":[{"href":"https:\/\/madelinefashion.pl\/en\/wp-json\/wp\/v2\/media?parent=41810"}],"wp:term":[{"taxonomy":"product_brand","embeddable":true,"href":"https:\/\/madelinefashion.pl\/en\/wp-json\/wp\/v2\/product_brand?post=41810"},{"taxonomy":"product_cat","embeddable":true,"href":"https:\/\/madelinefashion.pl\/en\/wp-json\/wp\/v2\/product_cat?post=41810"},{"taxonomy":"product_tag","embeddable":true,"href":"https:\/\/madelinefashion.pl\/en\/wp-json\/wp\/v2\/product_tag?post=41810"}],"curies":[{"name":"wp","href":"https:\/\/api.w.org\/{rel}","templated":true}]}}