{"id":41860,"date":"2022-05-27T13:07:27","date_gmt":"2022-05-27T11:07:27","guid":{"rendered":"https:\/\/madelinefashion.pl\/?post_type=product&#038;p=41860"},"modified":"2026-01-20T10:33:48","modified_gmt":"2026-01-20T09:33:48","slug":"bluzka-bawelniana-z-rozcieciami-love-biala","status":"publish","type":"product","link":"https:\/\/madelinefashion.pl\/en\/product\/bluzka-bawelniana-z-rozcieciami-love-biala\/","title":{"rendered":"Love White Cotton Blouse with Slits"},"content":{"rendered":"<h3 style=\"text-align: center;\">Love White Cotton Blouse with Slits<\/h3>\n<p style=\"text-align: center;\"><strong>Cotton blouse with fashionable slits and a tied bottom.<\/strong> Model<strong>\u00a0\u00a0<\/strong>Perfect for any wardrobe<strong>. Timeless simple design.<\/strong> The blouse has decorative slits. <strong>This is the perfect everyday model!\u00a0 <\/strong>It will look great in comfortable, loose stylizations. <strong>One size fits all recommended from s to xl<\/strong><\/p>\n<h3 style=\"text-align: center;\">\u00a0 \u00a0 \u00a0Dimensions:<\/h3>\n<ul>\n<li style=\"text-align: center;\">total length: 60 cm<\/li>\n<li style=\"text-align: center;\">width from armpit to armpit: 57 cm - 61 cm<\/li>\n<li style=\"text-align: center;\">sleeve length: 47 cm<\/li>\n<li style=\"text-align: center;\">total length of the sleeve: 67 cm<\/li>\n<li style=\"text-align: center;\"><\/li>\n<\/ul>\n<table>\n<tbody>\n<tr>\n<td width=\"302\">Model name<\/td>\n<td width=\"302\">Cotton blouse with slits Love<\/td>\n<\/tr>\n<tr>\n<td width=\"302\">Color<\/td>\n<td width=\"302\">White<\/td>\n<\/tr>\n<tr>\n<td width=\"302\">Sizes<\/td>\n<td width=\"302\">Universal<\/td>\n<\/tr>\n<tr>\n<td width=\"302\">Fashion<\/td>\n<td width=\"302\">Oversize<\/td>\n<\/tr>\n<tr>\n<td width=\"302\">Material<\/td>\n<td width=\"302\">100 % Cotton<\/td>\n<\/tr>\n<\/tbody>\n<\/table>\n<p>&nbsp;<\/p>\n<p style=\"text-align: center;\">The model has\u00a0<strong>169<\/strong>\u00a0cm tall, wears a size every day\u00a0<strong>S.<\/strong><\/p>\n<p style=\"text-align: center;\">The width at the bust is 92 cm<\/p>\n<p style=\"text-align: center;\">Waist width 62 cm<\/p>\n<p style=\"text-align: center;\">The width at the hips is 94 cm<\/p>\n<p style=\"text-align: center;\">","protected":false},"excerpt":{"rendered":"<p>Bluzka Bawe\u0142niana z Rozci\u0119ciami Love Bia\u0142a Bluzka bawe\u0142nianaz modnymi rozci\u0119ciami i wi\u0105zanym do\u0142em. Model\u00a0\u00a0\u015bwietnie sprawdzi si\u0119 w ka\u017cdej garderobie. Ponadczasowy prosty fason. Bluzka posiada ozdobne rozci\u0119cia. To idealny model na co dzie\u0144!\u00a0 Fantastycznie zaprezentuje si\u0119 w wygodnych, lu\u017anych stylizacjach. Rozmiar uniwersalny zalecany od s do xl \u00a0 \u00a0 \u00a0Wymiary: d\u0142ugo\u015b\u0107 ca\u0142kowita : 60 cm szeroko\u015b\u0107<\/p>\n<div class=\"klb-readmore post-buttons\"><a class=\"button black outline size-sm\" href=\"https:\/\/madelinefashion.pl\/en\/product\/bluzka-bawelniana-z-rozcieciami-love-biala\/\">Read More <i class=\"klbth-icon-right-arrow\"><\/i><\/a><\/div>","protected":false},"featured_media":41725,"template":"","meta":[],"product_brand":[],"product_cat":[77,395],"product_tag":[251,477],"class_list":{"0":"post-41860","1":"product","2":"type-product","3":"status-publish","4":"has-post-thumbnail","6":"product_cat-bluzki","7":"product_cat-nowosci","8":"product_tag-bluzka-biala","9":"product_tag-bluzki-z-dlugim-rekawem","11":"first","12":"outofstock","13":"sale","14":"purchasable","15":"product-type-simple"},"_links":{"self":[{"href":"https:\/\/madelinefashion.pl\/en\/wp-json\/wp\/v2\/product\/41860","targetHints":{"allow":["GET"]}}],"collection":[{"href":"https:\/\/madelinefashion.pl\/en\/wp-json\/wp\/v2\/product"}],"about":[{"href":"https:\/\/madelinefashion.pl\/en\/wp-json\/wp\/v2\/types\/product"}],"wp:featuredmedia":[{"embeddable":true,"href":"https:\/\/madelinefashion.pl\/en\/wp-json\/wp\/v2\/media\/41725"}],"wp:attachment":[{"href":"https:\/\/madelinefashion.pl\/en\/wp-json\/wp\/v2\/media?parent=41860"}],"wp:term":[{"taxonomy":"product_brand","embeddable":true,"href":"https:\/\/madelinefashion.pl\/en\/wp-json\/wp\/v2\/product_brand?post=41860"},{"taxonomy":"product_cat","embeddable":true,"href":"https:\/\/madelinefashion.pl\/en\/wp-json\/wp\/v2\/product_cat?post=41860"},{"taxonomy":"product_tag","embeddable":true,"href":"https:\/\/madelinefashion.pl\/en\/wp-json\/wp\/v2\/product_tag?post=41860"}],"curies":[{"name":"wp","href":"https:\/\/api.w.org\/{rel}","templated":true}]}}