{"id":42025,"date":"2022-05-27T17:49:12","date_gmt":"2022-05-27T15:49:12","guid":{"rendered":"https:\/\/madelinefashion.pl\/?post_type=product&#038;p=42025"},"modified":"2026-04-26T10:25:13","modified_gmt":"2026-04-26T08:25:13","slug":"kombinezon-plisowany-z-falbankami-bezowy-paskiem-sabrinna","status":"publish","type":"product","link":"https:\/\/madelinefashion.pl\/en\/product\/kombinezon-plisowany-z-falbankami-bezowy-paskiem-sabrinna\/","title":{"rendered":"Beige pleated jumpsuit with frills with belt Sabrinna"},"content":{"rendered":"<h3 style=\"text-align: center;\">Sabrinna pleated jumpsuit with frills with beige belt<\/h3>\n<p style=\"text-align: center;\"><b>Sabrinna pleated jumpsuit with frills with beige belt.<\/b> Incredibly feminine, elegant pleated suit, midi length with frills at the shoulders. The jumpsuit has an envelope neckline. An elastic band at the waist ensures that the model fits the figure, which will emphasize the feminine shapes. The suit has a lining. Airy cut looks fantastic while moving. The perfect proposition for weddings, weddings, family celebrations, banquets. <strong> Dungarees<\/strong><strong><span lang=\"pl-pl\" xml:lang=\"pl-pl\"> it is made of light material so you will feel at ease in it.\u00a0 <\/span><\/strong><span lang=\"pl-pl\" xml:lang=\"pl-pl\">Available in our store in several color variants. Recommended for women in size SML XL<\/span><\/p>\n<h3 style=\"text-align: center;\">Dimensions:<\/h3>\n<ul style=\"text-align: center;\">\n<li><span style=\"font-size: 10pt;\">\u00a0\u00a0\u00a0\u00a0\u00a0\u00a0\u00a0 overall length: 143 cm<\/span><\/li>\n<li><span style=\"font-size: 10pt;\">\u00a0\u00a0\u00a0\u00a0\u00a0\u00a0\u00a0 width from armpit to armpit: 34-42 cm<\/span><\/li>\n<li><span style=\"font-size: 10pt;\">\u00a0\u00a0\u00a0\u00a0\u00a0\u00a0\u00a0 waist width 26-45 cm (elastic band)<\/span><\/li>\n<li><span style=\"font-size: 10pt;\">\u00a0\u00a0\u00a0\u00a0\u00a0\u00a0\u00a0 lining length: 45 cm<\/span><\/li>\n<li>waist: 36 cm<\/li>\n<\/ul>\n<p style=\"text-align: center;\"><span style=\"vertical-align: inherit;\">Dimensions may vary from the given +\/- 2cm. All dimensions given are measured flat. Dimension x2<\/span><\/p>\n<h3 style=\"text-align: center;\">Product characteristics:<\/h3>\n<p style=\"text-align: center;\"><span style=\"color: #000000;\"><strong>Comes with a belt matching the color of the dress.<\/strong><\/span><\/p>\n<p style=\"text-align: center;\"><span style=\"font-size: 10pt;\">- elastic material<\/span><br \/>\n<span style=\"font-size: 10pt;\">- lining<br \/>\n<\/span>- envelope neckline<br \/>\n- maxi suit<br \/>\n- pleated<\/p>\n<p style=\"text-align: center;\"><span style=\"font-size: 10pt;\"><strong>\u00a0<\/strong>\u00a0<\/span><\/p>\n<p>&nbsp;<\/p>\n<table style=\"height: 166px;\" width=\"670\">\n<tbody>\n<tr>\n<td width=\"302\"><span style=\"font-size: 10pt;\">Model name<\/span><\/td>\n<td width=\"302\">Pleated jumpsuit with frills and belt by Sabrinna<\/td>\n<\/tr>\n<tr>\n<td width=\"302\"><span style=\"font-size: 10pt;\">Color<\/span><\/td>\n<td width=\"302\"><span style=\"font-size: 10pt;\">Beige<\/span><\/td>\n<\/tr>\n<tr>\n<td width=\"302\"><span style=\"font-size: 10pt;\">Fashion<\/span><\/td>\n<td width=\"302\"><span style=\"font-size: 10pt;\">Flared<\/span><\/td>\n<\/tr>\n<tr>\n<td width=\"302\"><span style=\"font-size: 10pt;\">Material<\/span><\/td>\n<td width=\"302\"><span style=\"font-size: 10pt;\">95 % Polyester 5% Elastane<\/span><\/td>\n<\/tr>\n<tr>\n<td width=\"302\"><span style=\"font-size: 10pt;\">Length<\/span><\/td>\n<td width=\"302\"><span style=\"font-size: 13.3333px;\">Maxi<\/span><\/td>\n<\/tr>\n<\/tbody>\n<\/table>\n<p style=\"text-align: center;\">The model has\u00a0<strong>169<\/strong>\u00a0cm tall, wears a size every day\u00a0<strong>S.<\/strong><\/p>\n<p style=\"text-align: center;\">The width at the bust is 92 cm<\/p>\n<p style=\"text-align: center;\">Waist width 62 cm<\/p>\n<p style=\"text-align: center;\">The width at the hips is 94 cm<\/p>\n<div class=\"additional-details\" style=\"text-align: center;\">\n<p style=\"text-align: center;\"><span style=\"font-size: 10pt;\">\u00a0<\/span><\/p>\n<\/div>","protected":false},"excerpt":{"rendered":"<p>Kombinezon Plisowany z falbankami be\u017cowy paskiem Sabrinna Kombinezon Plisowany z falbankami be\u017cowy paskiem Sabrinna. Niesamowicie kobiecy, elegancki kombiznezon plisowana o d\u0142ugo\u015bci midi z falbankami przy ramionach. Kombinezon posiada dekolt kopertowym. W talii elastyczna gumka zapewnia dopasowanie modelu do sylwetki co podkre\u015bli kobiece kszta\u0142ty. Kombinezon posiada podszewk\u0119. Zwiewny fason fantastycznie uk\u0142ada si\u0119 podczas ruchu. Idealna propozycja<\/p>\n<div class=\"klb-readmore post-buttons\"><a class=\"button black outline size-sm\" href=\"https:\/\/madelinefashion.pl\/en\/product\/kombinezon-plisowany-z-falbankami-bezowy-paskiem-sabrinna\/\">Read More <i class=\"klbth-icon-right-arrow\"><\/i><\/a><\/div>","protected":false},"featured_media":41913,"template":"","meta":[],"product_brand":[],"product_cat":[80,395],"product_tag":[297],"class_list":{"0":"post-42025","1":"product","2":"type-product","3":"status-publish","4":"has-post-thumbnail","6":"product_cat-sukienki-i-kombinezony","7":"product_cat-nowosci","8":"product_tag-kombinezony","10":"first","11":"instock","12":"purchasable","13":"product-type-simple"},"_links":{"self":[{"href":"https:\/\/madelinefashion.pl\/en\/wp-json\/wp\/v2\/product\/42025","targetHints":{"allow":["GET"]}}],"collection":[{"href":"https:\/\/madelinefashion.pl\/en\/wp-json\/wp\/v2\/product"}],"about":[{"href":"https:\/\/madelinefashion.pl\/en\/wp-json\/wp\/v2\/types\/product"}],"wp:featuredmedia":[{"embeddable":true,"href":"https:\/\/madelinefashion.pl\/en\/wp-json\/wp\/v2\/media\/41913"}],"wp:attachment":[{"href":"https:\/\/madelinefashion.pl\/en\/wp-json\/wp\/v2\/media?parent=42025"}],"wp:term":[{"taxonomy":"product_brand","embeddable":true,"href":"https:\/\/madelinefashion.pl\/en\/wp-json\/wp\/v2\/product_brand?post=42025"},{"taxonomy":"product_cat","embeddable":true,"href":"https:\/\/madelinefashion.pl\/en\/wp-json\/wp\/v2\/product_cat?post=42025"},{"taxonomy":"product_tag","embeddable":true,"href":"https:\/\/madelinefashion.pl\/en\/wp-json\/wp\/v2\/product_tag?post=42025"}],"curies":[{"name":"wp","href":"https:\/\/api.w.org\/{rel}","templated":true}]}}