{"id":42220,"date":"2022-05-30T10:16:03","date_gmt":"2022-05-30T08:16:03","guid":{"rendered":"https:\/\/madelinefashion.pl\/?post_type=product&#038;p=42220"},"modified":"2026-01-20T10:33:48","modified_gmt":"2026-01-20T09:33:48","slug":"bluzka-bawelniana-z-ozdobnym-dekoltem-pudrowy-roz","status":"publish","type":"product","link":"https:\/\/madelinefashion.pl\/en\/product\/bluzka-bawelniana-z-ozdobnym-dekoltem-pudrowy-roz\/","title":{"rendered":"Cotton Blouse with a Decorative Powder Pink Neckline"},"content":{"rendered":"<h3 style=\"text-align: center;\">Cotton Blouse with a Decorative Powder Pink Neckline<\/h3>\n<p style=\"text-align: center;\"><strong>Black cotton blouse with a fashionable decorative neckline.<\/strong> Model<strong>\u00a0\u00a0<\/strong>Perfect for any wardrobe<strong>. Timeless simple design.<\/strong> The blouse has decorative slits on the neckline. <strong>This is the perfect everyday model!\u00a0 <\/strong>It will look great in comfortable, loose stylizations. <strong>One size fits all recommended from s to xl<\/strong><\/p>\n<h3 style=\"text-align: center;\">\u00a0 \u00a0 \u00a0Dimensions:<\/h3>\n<ul>\n<li style=\"text-align: center;\">overall length: 63 cm<\/li>\n<li style=\"text-align: center;\">bust width: 41-45 cm<\/li>\n<li style=\"text-align: center;\">sleeve length: 62 cm\n<ul>\n<li>sleeve length from armpit: 49 cm<\/li>\n<\/ul>\n<\/li>\n<li style=\"text-align: center;\">hip width: 46-49 cm<\/li>\n<li style=\"text-align: center;\"><\/li>\n<\/ul>\n<table>\n<tbody>\n<tr>\n<td width=\"302\">Model name<\/td>\n<td width=\"302\">Cotton blouse with a decorative neckline<\/td>\n<\/tr>\n<tr>\n<td width=\"302\">Color<\/td>\n<td width=\"302\">Powder Pink<\/td>\n<\/tr>\n<tr>\n<td width=\"302\">Sizes<\/td>\n<td width=\"302\">Universal<\/td>\n<\/tr>\n<tr>\n<td width=\"302\">Fashion<\/td>\n<td width=\"302\">Oversize<\/td>\n<\/tr>\n<tr>\n<td width=\"302\">Material<\/td>\n<td width=\"302\">95 % viscose, 5% elastane<\/td>\n<\/tr>\n<\/tbody>\n<\/table>\n<p>&nbsp;<\/p>\n<p style=\"text-align: center;\">The model has\u00a0<strong>169<\/strong>\u00a0cm tall, wears a size every day\u00a0<strong>S.<\/strong><\/p>\n<p style=\"text-align: center;\">The width at the bust is 92 cm<\/p>\n<p style=\"text-align: center;\">Waist width 62 cm<\/p>\n<p style=\"text-align: center;\">The width at the hips is 94 cm<\/p>\n<p style=\"text-align: center;\">","protected":false},"excerpt":{"rendered":"<p>Bluzka Bawe\u0142niana z Ozdobnym Dekoltem Pudrowy R\u00f3\u017c Bluzka bawe\u0142niana z modnymi ozdobnym dekoltem czarna. Model\u00a0\u00a0\u015bwietnie sprawdzi si\u0119 w ka\u017cdej garderobie. Ponadczasowy prosty fason. Bluzka posiada ozdobne rozci\u0119cia na dekolcie. To idealny model na co dzie\u0144!\u00a0 Fantastycznie zaprezentuje si\u0119 w wygodnych, lu\u017anych stylizacjach. Rozmiar uniwersalny zalecany od s do xl \u00a0 \u00a0 \u00a0Wymiary: d\u0142ugo\u015b\u0107 ca\u0142kowita :<\/p>\n<div class=\"klb-readmore post-buttons\"><a class=\"button black outline size-sm\" href=\"https:\/\/madelinefashion.pl\/en\/product\/bluzka-bawelniana-z-ozdobnym-dekoltem-pudrowy-roz\/\">Read More <i class=\"klbth-icon-right-arrow\"><\/i><\/a><\/div>","protected":false},"featured_media":41967,"template":"","meta":[],"product_brand":[],"product_cat":[77],"product_tag":[477],"class_list":{"0":"post-42220","1":"product","2":"type-product","3":"status-publish","4":"has-post-thumbnail","6":"product_cat-bluzki","7":"product_tag-bluzki-z-dlugim-rekawem","9":"first","10":"instock","11":"sale","12":"purchasable","13":"product-type-simple"},"_links":{"self":[{"href":"https:\/\/madelinefashion.pl\/en\/wp-json\/wp\/v2\/product\/42220","targetHints":{"allow":["GET"]}}],"collection":[{"href":"https:\/\/madelinefashion.pl\/en\/wp-json\/wp\/v2\/product"}],"about":[{"href":"https:\/\/madelinefashion.pl\/en\/wp-json\/wp\/v2\/types\/product"}],"wp:featuredmedia":[{"embeddable":true,"href":"https:\/\/madelinefashion.pl\/en\/wp-json\/wp\/v2\/media\/41967"}],"wp:attachment":[{"href":"https:\/\/madelinefashion.pl\/en\/wp-json\/wp\/v2\/media?parent=42220"}],"wp:term":[{"taxonomy":"product_brand","embeddable":true,"href":"https:\/\/madelinefashion.pl\/en\/wp-json\/wp\/v2\/product_brand?post=42220"},{"taxonomy":"product_cat","embeddable":true,"href":"https:\/\/madelinefashion.pl\/en\/wp-json\/wp\/v2\/product_cat?post=42220"},{"taxonomy":"product_tag","embeddable":true,"href":"https:\/\/madelinefashion.pl\/en\/wp-json\/wp\/v2\/product_tag?post=42220"}],"curies":[{"name":"wp","href":"https:\/\/api.w.org\/{rel}","templated":true}]}}