{"id":42357,"date":"2022-05-30T12:05:40","date_gmt":"2022-05-30T10:05:40","guid":{"rendered":"https:\/\/madelinefashion.pl\/?post_type=product&#038;p=42357"},"modified":"2025-09-09T10:27:46","modified_gmt":"2025-09-09T08:27:46","slug":"sukienka-koronkowa-asymetryczna-maxi-fiesta-brudny-roz","status":"publish","type":"product","link":"https:\/\/madelinefashion.pl\/en\/product\/sukienka-koronkowa-asymetryczna-maxi-fiesta-brudny-roz\/","title":{"rendered":"Asymmetric Maxi Fiesta Lace Dress Dirty Pink"},"content":{"rendered":"<h3 style=\"text-align: center;\"><strong>Asymmetric Maxi Fiesta Lace Dress Dirty Pink<\/strong><\/h3>\n<p style=\"text-align: center;\"><span style=\"font-size: 10pt;\">Extremely feminine <strong>Asymmetric Maxi Fiesta Lace Dress Dirty Pink\u00a0<\/strong>with a straight neckline. The lace dress is made of a nice, airy material that looks very nice <strong>feminine<\/strong>. The dress has <strong>lining<\/strong> ensuring comfort of wearing, additionally there is an elastic band at the waist, thanks to which it fits perfectly to the figure, emphasizing the feminine shapes. The dress is shorter at the front, which makes it perfectly emphasize your legs. Our dress is a perfect proposition for warm spring and summer days. Lace dress include <strong>best-seller<\/strong> for the upcoming warm days. <strong>Recommended<\/strong> for ladies in size <strong>XS SML<\/strong> \u00a0<\/span><\/p>\n<p>&nbsp;<\/p>\n<h3 style=\"text-align: center;\">Product Characteristics<\/h3>\n<ul style=\"text-align: center;\">\n<li style=\"text-align: center;\"><span style=\"font-size: 10pt;\">elastic<\/span><\/li>\n<li>elastic waistband<\/li>\n<li>envelope neckline<\/li>\n<li>lace<\/li>\n<li>shorter at the front<\/li>\n<\/ul>\n<h3 style=\"text-align: center;\">Dimensions:<\/h3>\n<ul style=\"text-align: center;\">\n<li><span style=\"font-size: 10pt;\">\u00a0\u00a0\u00a0\u00a0\u00a0\u00a0\u00a0 \u00a0\u00a0\u00a0\u00a0\u00a0\u00a0\u00a0 total length front: 64 <\/span><span style=\"font-size: 10pt;\">cm<br \/>\n<\/span><\/li>\n<li>total length back: 145 cm<\/li>\n<li><span style=\"font-size: 10pt;\">\u00a0\u00a0\u00a0\u00a0\u00a0\u00a0\u00a0 \u00a0\u00a0\u00a0\u00a0\u00a0\u00a0\u00a0 width from armpit to armpit: 33-35 cm<\/span><\/li>\n<li><span style=\"font-size: 10pt;\">\u00a0waist width 28-31 cm<\/span><\/li>\n<li><span style=\"font-size: 10pt;\">\u00a0 \u00a0 \u00a0 \u00a0 \u00a0 \u00a0 pillowcase length 41 cm\u00a0 \u00a0 \u00a0 \u00a0 \u00a0 \u00a0 \u00a0 \u00a0 \u00a0<\/span><\/li>\n<\/ul>\n<p style=\"text-align: center;\"><span style=\"font-size: 10pt;\">Dimensions may slightly differ from the given +\/- 2cm. All dimensions given are measured flat.<\/span><\/p>\n<p style=\"text-align: center;\"><span style=\"font-size: 10pt;\">\u00a0<\/span><\/p>\n<p style=\"text-align: center;\"><span style=\"font-size: 10pt;\"><strong>\u00a0<\/strong>\u00a0<\/span><\/p>\n<p>&nbsp;<\/p>\n<table style=\"height: 163px;\" width=\"691\">\n<tbody>\n<tr>\n<td width=\"302\"><span style=\"font-size: 10pt;\">Model name<\/span><\/td>\n<td width=\"302\">Asymmetric Maxi Fiesta Lace Dress<\/td>\n<\/tr>\n<tr>\n<td width=\"302\"><span style=\"font-size: 10pt;\">Color<\/span><\/td>\n<td width=\"302\"><span style=\"font-size: 10pt;\">Dirty pink<\/span><\/td>\n<\/tr>\n<tr>\n<td width=\"302\"><span style=\"font-size: 10pt;\">Style<\/span><\/td>\n<td width=\"302\"><span style=\"font-size: 10pt;\">Boho<\/span><\/td>\n<\/tr>\n<tr>\n<td width=\"302\"><span style=\"font-size: 10pt;\">Material<\/span><\/td>\n<td width=\"302\"><span style=\"font-size: 10pt;\">95 % Nylon 5% Elastane<\/span><\/td>\n<\/tr>\n<tr>\n<td width=\"302\"><span style=\"font-size: 10pt;\">Length<\/span><\/td>\n<td width=\"302\"><span style=\"font-size: 10pt;\">At knee<\/span><\/td>\n<\/tr>\n<\/tbody>\n<\/table>\n<p style=\"text-align: center;\"><span style=\"font-size: 10pt;\">\u00a0<\/span><\/p>\n<div class=\"additional-details\" style=\"text-align: center;\">\n<p>\u00a0The model has\u00a0<strong>169<\/strong>\u00a0cm tall, wears a size every day\u00a0<strong>S.<\/strong><\/p>\n<p>The width at the bust is 92 cm<\/p>\n<p>Waist width 62 cm<\/p>\n<p>The width at the hips is 94 cm<\/p>\n<p style=\"text-align: center;\"><span style=\"font-size: 10pt;\">\u00a0<\/span><\/p>\n<p style=\"text-align: center;\"><span style=\"font-size: 10pt;\">\u00a0<\/span><\/p>\n<\/div>","protected":false},"excerpt":{"rendered":"<p>Sukienka Koronkowa Asymetryczna Maxi Fiesta Brudny R\u00f3\u017c Niezwykle kobieca Sukienka Koronkowa Asymetryczna Maxi Fiesta Brudny R\u00f3\u017c\u00a0z dekoltem prostym. Sukienka koronkowa wykonana\u00a0 jest z przyjemnego, przewiewnego materia\u0142u, kt\u00f3ry wygl\u0105da bardzo kobieco. Sukienka posiada podszewk\u0119 zapewniaj\u0105c komfort noszenia, dodatkowo w pasie znajduje si\u0119 gumka, dzi\u0119ki kt\u00f3rej idealnie dopasowuje si\u0119 do sylwetki podkre\u015blaj\u0105c kobiece kszta\u0142ty. Sukienka jest z<\/p>\n<div class=\"klb-readmore post-buttons\"><a class=\"button black outline size-sm\" href=\"https:\/\/madelinefashion.pl\/en\/product\/sukienka-koronkowa-asymetryczna-maxi-fiesta-brudny-roz\/\">Read More <i class=\"klbth-icon-right-arrow\"><\/i><\/a><\/div>","protected":false},"featured_media":42299,"template":"","meta":[],"product_brand":[],"product_cat":[125],"product_tag":[],"class_list":{"0":"post-42357","1":"product","2":"type-product","3":"status-publish","4":"has-post-thumbnail","6":"product_cat-sukienki","8":"first","9":"instock","10":"purchasable","11":"product-type-simple"},"_links":{"self":[{"href":"https:\/\/madelinefashion.pl\/en\/wp-json\/wp\/v2\/product\/42357","targetHints":{"allow":["GET"]}}],"collection":[{"href":"https:\/\/madelinefashion.pl\/en\/wp-json\/wp\/v2\/product"}],"about":[{"href":"https:\/\/madelinefashion.pl\/en\/wp-json\/wp\/v2\/types\/product"}],"wp:featuredmedia":[{"embeddable":true,"href":"https:\/\/madelinefashion.pl\/en\/wp-json\/wp\/v2\/media\/42299"}],"wp:attachment":[{"href":"https:\/\/madelinefashion.pl\/en\/wp-json\/wp\/v2\/media?parent=42357"}],"wp:term":[{"taxonomy":"product_brand","embeddable":true,"href":"https:\/\/madelinefashion.pl\/en\/wp-json\/wp\/v2\/product_brand?post=42357"},{"taxonomy":"product_cat","embeddable":true,"href":"https:\/\/madelinefashion.pl\/en\/wp-json\/wp\/v2\/product_cat?post=42357"},{"taxonomy":"product_tag","embeddable":true,"href":"https:\/\/madelinefashion.pl\/en\/wp-json\/wp\/v2\/product_tag?post=42357"}],"curies":[{"name":"wp","href":"https:\/\/api.w.org\/{rel}","templated":true}]}}