{"id":42379,"date":"2022-05-30T12:27:35","date_gmt":"2022-05-30T10:27:35","guid":{"rendered":"https:\/\/madelinefashion.pl\/?post_type=product&#038;p=42379"},"modified":"2025-09-09T10:27:46","modified_gmt":"2025-09-09T08:27:46","slug":"sukienka-mini-w-kwiatki-naturelle-na-ramiaczkach-czarna","status":"publish","type":"product","link":"https:\/\/madelinefashion.pl\/en\/product\/sukienka-mini-w-kwiatki-naturelle-na-ramiaczkach-czarna\/","title":{"rendered":"Naturelle Floral Mini Dress On Straps Black"},"content":{"rendered":"<h3 style=\"text-align: center;\">Naturelle Floral Mini Dress On Straps Black<\/h3>\n<p style=\"text-align: center;\"><span style=\"vertical-align: inherit;\"><span style=\"vertical-align: inherit;\"><b>Naturelle Maxi Dress With Flowers On Straps Black<\/b>\u00a0made of delicate, thin material is an ideal proposition for<strong> every woman who values style. The slightly oversized cut makes us feel comfortable and comfortable. The mini dress emphasizes the legs in a beautiful way. The dress has thin, adjustable straps and a stiffened cup that beautifully lifts the bust, V-neckline <\/strong>S.<\/span><span style=\"vertical-align: inherit;\">that no one will pass by you indifferently.<b> Dress <\/b>\u00a0perfectly fits the figure. It&#039;s a model<\/span><\/span> simply created for warm spring and summer days, both during holidays and in the hustle and bustle of the city due to the breathable material. Comfortable to wear in a sophisticated style must be in your wardrobe. Recommended for ladies wearing Size <strong>XS SML.\u00a0 <span lang=\"pl-pl\" xml:lang=\"pl-pl\">A unique model for exceptional women!<\/span><\/strong><\/p>\n<p>&nbsp;<\/p>\n<h3 style=\"text-align: center;\"><span style=\"vertical-align: inherit;\">Dimensions :<\/span><\/h3>\n<p align=\"center\">Total length: 90 cm<br \/>\nThe width at the bust: 35 cm - 38 cm<br \/>\nWaist width: 30cm- 34cm<br \/>\nWidth from armpit to armpit: 34 cm - 37 cm<br \/>\nLining length: 20 cm<br \/>\nStraps - adjustable<\/p>\n<p align=\"center\"><span style=\"vertical-align: inherit;\"><span style=\"vertical-align: inherit;\">Dimensions may vary from the given +\/- 2cm. <\/span><span style=\"vertical-align: inherit;\">All dimensions given are measured flat. <strong>X2 dimension<\/strong><\/span><\/span><\/p>\n<table style=\"height: 202px;\" width=\"565\">\n<tbody>\n<tr>\n<td width=\"302\">Model name<\/td>\n<td width=\"302\">Naturelle Flower Mini Dress On Straps<\/td>\n<\/tr>\n<tr>\n<td width=\"302\">Color<\/td>\n<td width=\"302\">Black<\/td>\n<\/tr>\n<tr>\n<td width=\"302\">Collection<\/td>\n<td width=\"302\">Spring Summer<\/td>\n<\/tr>\n<tr>\n<td width=\"302\">Sizes<\/td>\n<td width=\"302\">Universal<\/td>\n<\/tr>\n<tr>\n<td width=\"302\">Cleavage<\/td>\n<td width=\"302\">V<\/td>\n<\/tr>\n<tr>\n<td width=\"302\">Length<\/td>\n<td width=\"302\">Mini<\/td>\n<\/tr>\n<tr>\n<td width=\"302\">Material<\/td>\n<td width=\"302\">95% Polyester 5% Elastane<\/td>\n<\/tr>\n<\/tbody>\n<\/table>\n<div class=\"tabs tabs-bb clear mb-80\">\n<div class=\"tab-content\">\n<div id=\"tab-description\" class=\"tab-pane fade in woocommerce-Tabs-panel--description active\">\n<p style=\"text-align: center;\">The model has\u00a0<strong>169<\/strong>\u00a0cm tall, wears a size every day\u00a0<strong>S.<\/strong><\/p>\n<p style=\"text-align: center;\">The width at the bust is 92 cm<\/p>\n<p style=\"text-align: center;\">Waist width 62 cm<\/p>\n<p style=\"text-align: center;\">The width at the hips is 94 cm<\/p>\n<\/div>\n<\/div>\n<\/div>\n<section class=\"related products mb-80\"><\/section>\n<section class=\"page-product-box\">\n<div class=\"rte\">\n<p style=\"text-align: center;\">\n<\/div>\n<\/section>","protected":false},"excerpt":{"rendered":"<p>Sukienka Mini W Kwiatki Naturelle Na Rami\u0105czkach Czarna Sukienka w kwiatki Na Rami\u0105czkach Naturelle Maxi Czarna\u00a0wykonana z delikatnego, cienkiego materia\u0142u jest idealna propozycj\u0105 dla ka\u017cdej kobiety ceni\u0105cej styl. Lekko oversizowy kr\u00f3j sprawia, \u017ce czujemy si\u0119 wygodnie i komfortowo. Sukienka mini w pi\u0119kny spos\u00f3b eksponuj\u0105 nogi. Sukienka jest na cienkie regulowane rami\u0105czka oraz usztywnian\u0105 miseczk\u0119 kt\u00f3ra<\/p>\n<div class=\"klb-readmore post-buttons\"><a class=\"button black outline size-sm\" href=\"https:\/\/madelinefashion.pl\/en\/product\/sukienka-mini-w-kwiatki-naturelle-na-ramiaczkach-czarna\/\">Read More <i class=\"klbth-icon-right-arrow\"><\/i><\/a><\/div>","protected":false},"featured_media":42311,"template":"","meta":[],"product_brand":[],"product_cat":[125,395],"product_tag":[396],"class_list":{"0":"post-42379","1":"product","2":"type-product","3":"status-publish","4":"has-post-thumbnail","6":"product_cat-sukienki","7":"product_cat-nowosci","8":"product_tag-sukienki-w-kwiaty","10":"first","11":"outofstock","12":"purchasable","13":"product-type-simple"},"_links":{"self":[{"href":"https:\/\/madelinefashion.pl\/en\/wp-json\/wp\/v2\/product\/42379","targetHints":{"allow":["GET"]}}],"collection":[{"href":"https:\/\/madelinefashion.pl\/en\/wp-json\/wp\/v2\/product"}],"about":[{"href":"https:\/\/madelinefashion.pl\/en\/wp-json\/wp\/v2\/types\/product"}],"wp:featuredmedia":[{"embeddable":true,"href":"https:\/\/madelinefashion.pl\/en\/wp-json\/wp\/v2\/media\/42311"}],"wp:attachment":[{"href":"https:\/\/madelinefashion.pl\/en\/wp-json\/wp\/v2\/media?parent=42379"}],"wp:term":[{"taxonomy":"product_brand","embeddable":true,"href":"https:\/\/madelinefashion.pl\/en\/wp-json\/wp\/v2\/product_brand?post=42379"},{"taxonomy":"product_cat","embeddable":true,"href":"https:\/\/madelinefashion.pl\/en\/wp-json\/wp\/v2\/product_cat?post=42379"},{"taxonomy":"product_tag","embeddable":true,"href":"https:\/\/madelinefashion.pl\/en\/wp-json\/wp\/v2\/product_tag?post=42379"}],"curies":[{"name":"wp","href":"https:\/\/api.w.org\/{rel}","templated":true}]}}