{"id":42441,"date":"2022-05-30T13:46:35","date_gmt":"2022-05-30T11:46:35","guid":{"rendered":"https:\/\/madelinefashion.pl\/?post_type=product&#038;p=42441"},"modified":"2026-04-10T15:07:19","modified_gmt":"2026-04-10T13:07:19","slug":"sukienka-maxi-tiulowa-na-ramiaczkach-durango-czarna","status":"publish","type":"product","link":"https:\/\/madelinefashion.pl\/en\/product\/sukienka-maxi-tiulowa-na-ramiaczkach-durango-czarna\/","title":{"rendered":"Maxi Tulle Dress on Straps Durango Black"},"content":{"rendered":"<h3 style=\"text-align: center;\">Maxi Tulle Dress on Straps Durango Black<\/h3>\n<p style=\"text-align: center;\">Impressive maxi dress\u00a0 <strong>tulle<\/strong>\u00a0is a proposition suitable for exceptional circumstances. Great airy flared <strong>tulle dress<\/strong> - available in our store in several <strong>color versions<\/strong>. The application of tulle will guarantee a unique look. Its cut is beautiful <strong>emphasizes the waist<\/strong>. The dress has a beautiful V-shaped neckline and the lower part of the dress <b>tulle <\/b>It consists of a flared tulle fabric and a lining, presenting itself effectively in motion. Dress with open back<strong>\u00a0<\/strong>It is an ideal proposition for women who appreciate themselves <strong>chic and elegance.<\/strong> The dress is also recommended for a wedding, an 18th birthday party and even a wedding. Match it to her <a href=\"https:\/\/madelinefashion.pl\/en\/buty\/\">high-heeled shoes<\/a> also available on our website and create an elegant look. You must have it in your wardrobe! One size fits all recommended for ladies wearing XS SML in the case of wearing a larger size, please refer to the dimensions<\/p>\n<h3 style=\"text-align: center;\">Dress dimensions<\/h3>\n<ul style=\"text-align: center;\">\n<li>total length from the shoulder straps: 131 cm<\/li>\n<li>bust width: 38 cm<\/li>\n<li>waist width: 26 cm - 35 cm<\/li>\n<li>lining length: 95 cm<\/li>\n<li>adjustable straps<\/li>\n<li><\/li>\n<\/ul>\n<p style=\"text-align: center;\">Dimensions may slightly differ from the given +\/- 2cm. All dimensions given are measured flat. <strong>X2 dimension<\/strong><\/p>\n<p style=\"text-align: center;\"><strong>\u00a0<\/strong><\/p>\n<table style=\"height: 214px;\" width=\"548\">\n<tbody>\n<tr>\n<td width=\"302\">Model name<\/td>\n<td width=\"302\">Maxi Tulle Dress on Durango Straps<\/td>\n<\/tr>\n<tr>\n<td width=\"302\">Color<\/td>\n<td width=\"302\">Black<\/td>\n<\/tr>\n<tr>\n<td width=\"302\">Collection<\/td>\n<td width=\"302\">Spring Summer<\/td>\n<\/tr>\n<tr>\n<td width=\"302\">Sizes<\/td>\n<td width=\"302\">Universal<\/td>\n<\/tr>\n<tr>\n<td width=\"302\">Fashion<\/td>\n<td width=\"302\">Flared<\/td>\n<\/tr>\n<tr>\n<td width=\"302\">Decoration<\/td>\n<td width=\"302\">Tulle<\/td>\n<\/tr>\n<tr>\n<td width=\"302\">Material<\/td>\n<td width=\"302\">95 % Viscose 5% Spandex<\/td>\n<\/tr>\n<\/tbody>\n<\/table>\n<section class=\"page-product-box\">\n<div class=\"rte\">\n<p style=\"text-align: center;\">The model has\u00a0<strong>169<\/strong>\u00a0cm tall, wears a size every day\u00a0<strong>S.<\/strong><\/p>\n<p style=\"text-align: center;\">The width at the bust is 92 cm<\/p>\n<p style=\"text-align: center;\">Waist width 62 cm<\/p>\n<p style=\"text-align: center;\">The width at the hips is 94 cm<\/p>\n<\/div>\n<\/section>","protected":false},"excerpt":{"rendered":"<p>Sukienka Maxi Tiulowa na Rami\u0105czkach Durango Czarna Efektowna sukienka maxi\u00a0 tiulowa\u00a0to propozycja odpowiednia na wyj\u0105tkowe okoliczno\u015bci. Wspania\u0142a zwiewna rozkloszowana sukienka tiulowa &#8211; dost\u0119pna w Naszym sklepie w kilku wersjach kolorystycznych.\u00a0 Aplikacja tiulu zagwarantuje niepowtarzalny look. Jej fason przepi\u0119knie wyeksponuje tali\u0119. Sukienka posiada pi\u0119kny dekolt w kszta\u0142cie litery V a dolna cz\u0119\u015b\u0107 sukienki tiulowej sk\u0142ada si\u0119<\/p>\n<div class=\"klb-readmore post-buttons\"><a class=\"button black outline size-sm\" href=\"https:\/\/madelinefashion.pl\/en\/product\/sukienka-maxi-tiulowa-na-ramiaczkach-durango-czarna\/\">Read More <i class=\"klbth-icon-right-arrow\"><\/i><\/a><\/div>","protected":false},"featured_media":42387,"template":"","meta":[],"product_brand":[],"product_cat":[124,395,561],"product_tag":[],"class_list":{"0":"post-42441","1":"product","2":"type-product","3":"status-publish","4":"has-post-thumbnail","6":"product_cat-sukienki-okolicznosciowe","7":"product_cat-nowosci","8":"product_cat-sukienki-tiulowe","9":"pa_rozmiar-s-36","10":"pa_rozmiar-xs-34","12":"first","13":"instock","14":"sale","15":"purchasable","16":"product-type-simple"},"_links":{"self":[{"href":"https:\/\/madelinefashion.pl\/en\/wp-json\/wp\/v2\/product\/42441","targetHints":{"allow":["GET"]}}],"collection":[{"href":"https:\/\/madelinefashion.pl\/en\/wp-json\/wp\/v2\/product"}],"about":[{"href":"https:\/\/madelinefashion.pl\/en\/wp-json\/wp\/v2\/types\/product"}],"wp:featuredmedia":[{"embeddable":true,"href":"https:\/\/madelinefashion.pl\/en\/wp-json\/wp\/v2\/media\/42387"}],"wp:attachment":[{"href":"https:\/\/madelinefashion.pl\/en\/wp-json\/wp\/v2\/media?parent=42441"}],"wp:term":[{"taxonomy":"product_brand","embeddable":true,"href":"https:\/\/madelinefashion.pl\/en\/wp-json\/wp\/v2\/product_brand?post=42441"},{"taxonomy":"product_cat","embeddable":true,"href":"https:\/\/madelinefashion.pl\/en\/wp-json\/wp\/v2\/product_cat?post=42441"},{"taxonomy":"product_tag","embeddable":true,"href":"https:\/\/madelinefashion.pl\/en\/wp-json\/wp\/v2\/product_tag?post=42441"}],"curies":[{"name":"wp","href":"https:\/\/api.w.org\/{rel}","templated":true}]}}