{"id":42661,"date":"2022-05-31T10:28:15","date_gmt":"2022-05-31T08:28:15","guid":{"rendered":"https:\/\/madelinefashion.pl\/?post_type=product&#038;p=42661"},"modified":"2026-03-18T21:54:14","modified_gmt":"2026-03-18T20:54:14","slug":"spodnica-tiulowa-ombre-maxi-jeans","status":"publish","type":"product","link":"https:\/\/madelinefashion.pl\/en\/product\/spodnica-tiulowa-ombre-maxi-jeans\/","title":{"rendered":"Ombre Maxi Jeans tulle skirt"},"content":{"rendered":"<h3 style=\"text-align: center;\">Ombre Maxi Jeans tulle skirt<\/h3>\n<p style=\"text-align: center;\"><strong>Ombre Maxi Jeans tulle skirt. Tulle skirt<\/strong> it is a perfect proposition for a disco, a city and a date. Light, airy, it will give you freedom in any situation. The frayed tulle skirt will make you create an endless amount of styling with it, and its cut will perfectly emphasize your waist and <strong>slender figure<\/strong>. <strong>Universal<\/strong>and at the same time very stylish and feminine. <strong>Tulle skirt<\/strong> <strong>\u00a0<\/strong>it will be perfect all year round. It can be both an element of spring and summer stylizations, as well as part of an autumn wardrobe. The skirt has a loose cut. <strong>Elastic at the waist<\/strong> nicely emphasizes the waist and keeps the skirt well in place. A unique proposition for women who appreciate a phenomenal appearance. Recommended for ladies wearing <strong>XS, S, M, L, XL<\/strong><\/p>\n<h3 style=\"text-align: center;\">Dimensions:<\/h3>\n<ul style=\"text-align: center;\">\n<li><span style=\"font-size: 10pt;\">\u00a0 \u00a0 \u00a0 \u00a0<\/span>overall length: 87 cm<\/li>\n<li>overall length: 87 cm<\/li>\n<li>lining length: 61 cm<\/li>\n<li>waist width 35 cm - 44 cm<\/li>\n<li><\/li>\n<li><\/li>\n<\/ul>\n<p style=\"text-align: center;\"><span style=\"font-size: 10pt;\">Dimensions may slightly differ from the given +\/- 2cm. All dimensions given are measured flat. <strong>X2 dimension<\/strong><\/span><\/p>\n<p style=\"text-align: center;\"><span style=\"font-size: 10pt;\">\u00a0<\/span><\/p>\n<p style=\"text-align: center;\"><span style=\"font-size: 10pt;\">\u00a0<\/span><\/p>\n<table>\n<tbody>\n<tr>\n<td width=\"302\">Model name<\/td>\n<td width=\"302\">Ombre Maxi tulle skirt<\/td>\n<\/tr>\n<tr>\n<td width=\"302\">Color<\/td>\n<td width=\"302\">Jeans<\/td>\n<\/tr>\n<tr>\n<td width=\"302\">Sizes<\/td>\n<td width=\"302\">Universal<\/td>\n<\/tr>\n<tr>\n<td width=\"302\">Fashion<\/td>\n<td width=\"302\">Oversize<\/td>\n<\/tr>\n<tr>\n<td width=\"302\">Material<\/td>\n<td width=\"302\">Polyester<\/td>\n<\/tr>\n<\/tbody>\n<\/table>\n<p style=\"text-align: center;\"><span style=\"font-size: 10pt;\">\u00a0<\/span><\/p>\n<p style=\"text-align: center;\">The model has\u00a0<strong>169<\/strong>\u00a0cm tall, wears a size every day\u00a0<strong>S.<\/strong><\/p>\n<p style=\"text-align: center;\">The width at the bust is 92 cm<\/p>\n<p style=\"text-align: center;\">Waist width 62 cm<\/p>\n<p style=\"text-align: center;\">The width at the hips is 94 cm<\/p>","protected":false},"excerpt":{"rendered":"<p>Sp\u00f3dnica Tiulowa Ombre Maxi Jeans Sp\u00f3dnica Tiulowa Ombre Maxi Jeans. Sp\u00f3dnica tiulowa to idealna propozycja na dyskotek\u0119, na miasto i na randk\u0119. Lekka, zwiewna, zapewni ci swobod\u0119 w ka\u017cdej sytuacji. Tiulowa sp\u00f3dnica postrz\u0119piona do\u0142em sprawi, \u017ce stworzysz z ni\u0105 niesko\u0144czon\u0105 ilo\u015b\u0107 stylizacji, a jej fason doskonale podkre\u015bli Twoj\u0105 tali\u0119 oraz wysmukli sylwetk\u0119. Uniwersalna, a jednocze\u015bnie<\/p>\n<div class=\"klb-readmore post-buttons\"><a class=\"button black outline size-sm\" href=\"https:\/\/madelinefashion.pl\/en\/product\/spodnica-tiulowa-ombre-maxi-jeans\/\">Read More <i class=\"klbth-icon-right-arrow\"><\/i><\/a><\/div>","protected":false},"featured_media":42644,"template":"","meta":[],"product_brand":[],"product_cat":[107,395],"product_tag":[],"class_list":{"0":"post-42661","1":"product","2":"type-product","3":"status-publish","4":"has-post-thumbnail","6":"product_cat-spodnice-i-spodniczki","7":"product_cat-nowosci","9":"first","10":"instock","11":"purchasable","12":"product-type-simple"},"_links":{"self":[{"href":"https:\/\/madelinefashion.pl\/en\/wp-json\/wp\/v2\/product\/42661","targetHints":{"allow":["GET"]}}],"collection":[{"href":"https:\/\/madelinefashion.pl\/en\/wp-json\/wp\/v2\/product"}],"about":[{"href":"https:\/\/madelinefashion.pl\/en\/wp-json\/wp\/v2\/types\/product"}],"wp:featuredmedia":[{"embeddable":true,"href":"https:\/\/madelinefashion.pl\/en\/wp-json\/wp\/v2\/media\/42644"}],"wp:attachment":[{"href":"https:\/\/madelinefashion.pl\/en\/wp-json\/wp\/v2\/media?parent=42661"}],"wp:term":[{"taxonomy":"product_brand","embeddable":true,"href":"https:\/\/madelinefashion.pl\/en\/wp-json\/wp\/v2\/product_brand?post=42661"},{"taxonomy":"product_cat","embeddable":true,"href":"https:\/\/madelinefashion.pl\/en\/wp-json\/wp\/v2\/product_cat?post=42661"},{"taxonomy":"product_tag","embeddable":true,"href":"https:\/\/madelinefashion.pl\/en\/wp-json\/wp\/v2\/product_tag?post=42661"}],"curies":[{"name":"wp","href":"https:\/\/api.w.org\/{rel}","templated":true}]}}