{"id":42829,"date":"2022-05-31T13:30:59","date_gmt":"2022-05-31T11:30:59","guid":{"rendered":"https:\/\/madelinefashion.pl\/?post_type=product&#038;p=42829"},"modified":"2026-01-20T10:33:48","modified_gmt":"2026-01-20T09:33:48","slug":"top-z-koronka-caribi-pudrowy-roz","status":"publish","type":"product","link":"https:\/\/madelinefashion.pl\/en\/product\/top-z-koronka-caribi-pudrowy-roz\/","title":{"rendered":"Caribi Lace Top in Powder Pink"},"content":{"rendered":"<h3 style=\"text-align: center;\">Caribi Lace Top in Powder Pink<\/h3>\n<p style=\"text-align: center;\">Delicate,<strong> top with lace, open back<\/strong>, with a neckline is a sexy model that will add sensuality to your every styling. Airy, subtle cut that matches many styles. Top with lace is a perfect proposition for warm spring and summer days, it will look great with our models <a href=\"https:\/\/madelinefashion.pl\/en\/spodnie\/\">pants<\/a> or shorts. Perfect for many styles. You absolutely must have it! One size is recommended <strong>XS SML<\/strong><\/p>\n<h3 style=\"text-align: center;\">Product characteristics:<\/h3>\n<p style=\"text-align: center;\">\u2013\u00a0<strong>top with open back and lace<br \/>\n<\/strong>- stylish and sexy<strong><br \/>\n<\/strong>- light, airy fabric<\/p>\n<p>&nbsp;<\/p>\n<h3 style=\"text-align: center;\">Dimensions:<\/h3>\n<ul>\n<li style=\"text-align: center;\">total length at the front: 54 cm\n<ul>\n<li>total length back: 60 cm<\/li>\n<\/ul>\n<\/li>\n<li style=\"text-align: center;\">width from armpit to armpit: 33-36 cm<\/li>\n<li style=\"text-align: center;\"><\/li>\n<\/ul>\n<p style=\"text-align: center;\"><span style=\"vertical-align: inherit;\">Dimensions may vary from the given +\/- 2cm. All dimensions given are measured flat.<\/span><\/p>\n<table>\n<tbody>\n<tr>\n<td width=\"302\">Model name<\/td>\n<td width=\"302\">Caribi Lace Top<\/td>\n<\/tr>\n<tr>\n<td width=\"302\">Color<\/td>\n<td width=\"302\">Powder Pink<\/td>\n<\/tr>\n<tr>\n<td width=\"302\">Sizes<\/td>\n<td width=\"302\">Universal<\/td>\n<\/tr>\n<tr>\n<td width=\"302\">Fashion<\/td>\n<td width=\"302\">Oversize<\/td>\n<\/tr>\n<tr>\n<td width=\"302\">Material<\/td>\n<td width=\"302\">100 % Polyester<\/td>\n<\/tr>\n<\/tbody>\n<\/table>\n<p style=\"text-align: center;\"><span style=\"font-size: 10pt;\">\u00a0<\/span><\/p>\n<p style=\"text-align: center;\">The model has\u00a0<strong>169<\/strong>\u00a0cm tall, wears a size every day\u00a0<strong>S.<\/strong><\/p>\n<p style=\"text-align: center;\">The width at the bust is 92 cm<\/p>\n<p style=\"text-align: center;\">Waist width 62 cm<\/p>\n<p style=\"text-align: center;\">The width at the hips is 94 cm<\/p>","protected":false},"excerpt":{"rendered":"<p>Top z Koronka Caribi Pudrowy R\u00f3\u017c Delikatny, top z z koronkowymi, wyci\u0119tymi plecami, z dekoltem to seksowny model, kt\u00f3ry doda ka\u017cdej Twojej stylizacji zmys\u0142owo\u015bci. Zwiewny, subtelny kr\u00f3j pasuj\u0105cy do wielu stylizacji. Top z koronk\u0105\u00a0 to idealna propozycja na ciep\u0142e wiosenne i letnie dni, idealnie b\u0119dzie prezentowa\u0107 si\u0119 z naszymi modelami spodni czy szort\u00f3w. \u00a0\u015awietnie sprawdzi<\/p>\n<div class=\"klb-readmore post-buttons\"><a class=\"button black outline size-sm\" href=\"https:\/\/madelinefashion.pl\/en\/product\/top-z-koronka-caribi-pudrowy-roz\/\">Read More <i class=\"klbth-icon-right-arrow\"><\/i><\/a><\/div>","protected":false},"featured_media":42726,"template":"","meta":[],"product_brand":[],"product_cat":[85],"product_tag":[292],"class_list":{"0":"post-42829","1":"product","2":"type-product","3":"status-publish","4":"has-post-thumbnail","6":"product_cat-t-shirty","7":"product_tag-topy","9":"first","10":"instock","11":"sale","12":"purchasable","13":"product-type-simple"},"_links":{"self":[{"href":"https:\/\/madelinefashion.pl\/en\/wp-json\/wp\/v2\/product\/42829","targetHints":{"allow":["GET"]}}],"collection":[{"href":"https:\/\/madelinefashion.pl\/en\/wp-json\/wp\/v2\/product"}],"about":[{"href":"https:\/\/madelinefashion.pl\/en\/wp-json\/wp\/v2\/types\/product"}],"wp:featuredmedia":[{"embeddable":true,"href":"https:\/\/madelinefashion.pl\/en\/wp-json\/wp\/v2\/media\/42726"}],"wp:attachment":[{"href":"https:\/\/madelinefashion.pl\/en\/wp-json\/wp\/v2\/media?parent=42829"}],"wp:term":[{"taxonomy":"product_brand","embeddable":true,"href":"https:\/\/madelinefashion.pl\/en\/wp-json\/wp\/v2\/product_brand?post=42829"},{"taxonomy":"product_cat","embeddable":true,"href":"https:\/\/madelinefashion.pl\/en\/wp-json\/wp\/v2\/product_cat?post=42829"},{"taxonomy":"product_tag","embeddable":true,"href":"https:\/\/madelinefashion.pl\/en\/wp-json\/wp\/v2\/product_tag?post=42829"}],"curies":[{"name":"wp","href":"https:\/\/api.w.org\/{rel}","templated":true}]}}