{"id":42832,"date":"2022-05-31T13:49:02","date_gmt":"2022-05-31T11:49:02","guid":{"rendered":"https:\/\/madelinefashion.pl\/?post_type=product&#038;p=42832"},"modified":"2026-01-20T10:33:48","modified_gmt":"2026-01-20T09:33:48","slug":"bluzka-azurowa-biala-petero-biala","status":"publish","type":"product","link":"https:\/\/madelinefashion.pl\/en\/product\/bluzka-azurowa-biala-petero-biala\/","title":{"rendered":"Azur Blouse White Petero White"},"content":{"rendered":"<h2 style=\"text-align: center;\">Azur Blouse White Petero White<\/h2>\n<p style=\"text-align: center;\"><strong>Boho style blouse in white<\/strong> openwork with a welt at the waist <strong>.<\/strong> The blouse has golden decorations. Lovely cotton blouse made of soft, pleasant to the body cotton. The T-shirt is a perfect choice for warm spring and summer days. You can complement the Bran T-shirt with our unique ones <a href=\"https:\/\/madelinefashion.pl\/en\/?s=Kurtka+Jeansowa&amp;post_type=product\">denim katanas<\/a>\u00a0 if <a href=\"https:\/\/madelinefashion.pl\/en\/spodnie-biale-jeans-z-dziurami\/\">white pants<\/a> with abrasions. One size recommended for ladies wearing <strong>SML XL<\/strong><\/p>\n<h2 style=\"text-align: center;\">\u00a0 \u00a0 \u00a0Dimensions:<\/h2>\n<ul>\n<li style=\"text-align: center;\">overall length: 56<\/li>\n<li style=\"text-align: center;\">width from armpit to armpit: 44-48 cm<\/li>\n<li style=\"text-align: center;\">waist width: 33-48 cm<\/li>\n<\/ul>\n<table>\n<tbody>\n<tr>\n<td width=\"302\">Model name<\/td>\n<td width=\"302\">Azur Blouse White Petero White<\/td>\n<\/tr>\n<tr>\n<td width=\"302\">Color<\/td>\n<td width=\"302\">White<\/td>\n<\/tr>\n<tr>\n<td width=\"302\">Sizes<\/td>\n<td width=\"302\">Universal<\/td>\n<\/tr>\n<tr>\n<td width=\"302\">Style<\/td>\n<td width=\"302\">Boho<\/td>\n<\/tr>\n<tr>\n<td width=\"302\">Material<\/td>\n<td width=\"302\">95 % Cotton 5% Elastane<\/td>\n<\/tr>\n<\/tbody>\n<\/table>\n<p>&nbsp;<\/p>\n<p>&nbsp;<\/p>\n<p style=\"text-align: center;\">The model has\u00a0<strong>169<\/strong>\u00a0cm tall, wears a size every day\u00a0<strong>S.<\/strong><\/p>\n<p style=\"text-align: center;\">The width at the bust is 92 cm<\/p>\n<p style=\"text-align: center;\">Waist width 62 cm<\/p>\n<p style=\"text-align: center;\">The width at the hips is 94 cm<\/p>\n<p style=\"text-align: center;\">","protected":false},"excerpt":{"rendered":"<p>Bluzka Azurowa Biala Petero Bia\u0142a Bluzka w stylu boho w kolorze bia\u0142ym a\u017curowa ze \u015bci\u0105gaczem na wysoko\u015bci tali . Bluzka posiada z\u0142ote zdobienia.Urocza bawe\u0142niana bluzka wykonana z mi\u0119kkiej, przyjemnej dla cia\u0142a bawe\u0142ny. T-shirt to idealna propozycja na ciep\u0142e wiosenne i letnie dni. T-shirt Brana uzupe\u0142nisz o nasze niepowtarzalne katany jeansowe\u00a0 czy spodniami bia\u0142ymi z przetarciami.\u00a0<\/p>\n<div class=\"klb-readmore post-buttons\"><a class=\"button black outline size-sm\" href=\"https:\/\/madelinefashion.pl\/en\/product\/bluzka-azurowa-biala-petero-biala\/\">Read More <i class=\"klbth-icon-right-arrow\"><\/i><\/a><\/div>","protected":false},"featured_media":42785,"template":"","meta":[],"product_brand":[],"product_cat":[77,85,395],"product_tag":[251],"class_list":{"0":"post-42832","1":"product","2":"type-product","3":"status-publish","4":"has-post-thumbnail","6":"product_cat-bluzki","7":"product_cat-t-shirty","8":"product_cat-nowosci","9":"product_tag-bluzka-biala","11":"first","12":"instock","13":"sale","14":"purchasable","15":"product-type-simple"},"_links":{"self":[{"href":"https:\/\/madelinefashion.pl\/en\/wp-json\/wp\/v2\/product\/42832","targetHints":{"allow":["GET"]}}],"collection":[{"href":"https:\/\/madelinefashion.pl\/en\/wp-json\/wp\/v2\/product"}],"about":[{"href":"https:\/\/madelinefashion.pl\/en\/wp-json\/wp\/v2\/types\/product"}],"wp:featuredmedia":[{"embeddable":true,"href":"https:\/\/madelinefashion.pl\/en\/wp-json\/wp\/v2\/media\/42785"}],"wp:attachment":[{"href":"https:\/\/madelinefashion.pl\/en\/wp-json\/wp\/v2\/media?parent=42832"}],"wp:term":[{"taxonomy":"product_brand","embeddable":true,"href":"https:\/\/madelinefashion.pl\/en\/wp-json\/wp\/v2\/product_brand?post=42832"},{"taxonomy":"product_cat","embeddable":true,"href":"https:\/\/madelinefashion.pl\/en\/wp-json\/wp\/v2\/product_cat?post=42832"},{"taxonomy":"product_tag","embeddable":true,"href":"https:\/\/madelinefashion.pl\/en\/wp-json\/wp\/v2\/product_tag?post=42832"}],"curies":[{"name":"wp","href":"https:\/\/api.w.org\/{rel}","templated":true}]}}