{"id":42851,"date":"2022-05-31T14:23:51","date_gmt":"2022-05-31T12:23:51","guid":{"rendered":"https:\/\/madelinefashion.pl\/?post_type=product&#038;p=42851"},"modified":"2026-01-20T10:33:48","modified_gmt":"2026-01-20T09:33:48","slug":"spodnica-aruzzi-silvinio-biala","status":"publish","type":"product","link":"https:\/\/madelinefashion.pl\/en\/product\/spodnica-aruzzi-silvinio-biala\/","title":{"rendered":"Aruzzi Silvinio White skirt"},"content":{"rendered":"<h3 style=\"text-align: center;\">Aruzzi Silvinio White skirt<\/h3>\n<p style=\"text-align: center;\"><strong>Aruzzi Silvinio White skirt.<\/strong> The skirt has lace decorations and a decorative string at the waist. Lovely cotton skirt made of soft, pleasant to the body cotton. The skirt is a perfect choice for warm spring and summer days. It also looks perfect with ours <a href=\"https:\/\/madelinefashion.pl\/en\/bluzka-azurowa-z-falbanka-silvinio-biala\/\">Top<\/a> creating a perfect set. One size fits all, recommended for ladies <strong>SML XL<\/strong><\/p>\n<h2 style=\"text-align: center;\">\u00a0 \u00a0 \u00a0Dimensions:<\/h2>\n<ul>\n<li style=\"text-align: center;\">overall length: 73 cm\n<ul>\n<li>lining length: 41 cm<\/li>\n<\/ul>\n<\/li>\n<li style=\"text-align: center;\">waist width: 34-37 cm<\/li>\n<li style=\"text-align: center;\">hip width: 47-57 cm<\/li>\n<\/ul>\n<table>\n<tbody>\n<tr>\n<td width=\"302\">Model name<\/td>\n<td width=\"302\">Aruzzi Silvinio skirt<\/td>\n<\/tr>\n<tr>\n<td width=\"302\">Color<\/td>\n<td width=\"302\">White<\/td>\n<\/tr>\n<tr>\n<td width=\"302\">Sizes<\/td>\n<td width=\"302\">Universal<\/td>\n<\/tr>\n<tr>\n<td width=\"302\">Style<\/td>\n<td width=\"302\">Boho<\/td>\n<\/tr>\n<tr>\n<td width=\"302\">Material<\/td>\n<td width=\"302\">95 % Cotton 5% Elastane<\/td>\n<\/tr>\n<\/tbody>\n<\/table>\n<p>&nbsp;<\/p>\n<p>&nbsp;<\/p>\n<p style=\"text-align: center;\">The model has\u00a0<strong>169<\/strong>\u00a0cm tall, wears a size every day\u00a0<strong>S.<\/strong><\/p>\n<p style=\"text-align: center;\">The width at the bust is 92 cm<\/p>\n<p style=\"text-align: center;\">Waist width 62 cm<\/p>\n<p style=\"text-align: center;\">The width at the hips is 94 cm<\/p>\n<p style=\"text-align: center;\">","protected":false},"excerpt":{"rendered":"<p>Spodnica Aruzzi Silvinio Bia\u0142a Spodnica Aruzzi Silvinio Bia\u0142a. Sp\u00f3dnica posiada koronkowe zdobienia, i ozdobny sznurek w pasie. Urocza bawe\u0142niana sp\u00f3dnica wykonana z mi\u0119kkiej, przyjemnej dla cia\u0142a bawe\u0142ny. Sp\u00f3dnica to idealna propozycja na ciep\u0142e wiosenne i letnie dni. \u00a0 Idealnie wygl\u0105da r\u00f3wnie\u017c z nasz\u0105 bluzk\u0105 tworz\u0105c idealny komplet Rozmiar uniwersalny zalecany na Panie nosz\u0105ce S M<\/p>\n<div class=\"klb-readmore post-buttons\"><a class=\"button black outline size-sm\" href=\"https:\/\/madelinefashion.pl\/en\/product\/spodnica-aruzzi-silvinio-biala\/\">Read More <i class=\"klbth-icon-right-arrow\"><\/i><\/a><\/div>","protected":false},"featured_media":42791,"template":"","meta":[],"product_brand":[],"product_cat":[85,395],"product_tag":[],"class_list":{"0":"post-42851","1":"product","2":"type-product","3":"status-publish","4":"has-post-thumbnail","6":"product_cat-t-shirty","7":"product_cat-nowosci","9":"first","10":"instock","11":"sale","12":"purchasable","13":"product-type-simple"},"_links":{"self":[{"href":"https:\/\/madelinefashion.pl\/en\/wp-json\/wp\/v2\/product\/42851","targetHints":{"allow":["GET"]}}],"collection":[{"href":"https:\/\/madelinefashion.pl\/en\/wp-json\/wp\/v2\/product"}],"about":[{"href":"https:\/\/madelinefashion.pl\/en\/wp-json\/wp\/v2\/types\/product"}],"wp:featuredmedia":[{"embeddable":true,"href":"https:\/\/madelinefashion.pl\/en\/wp-json\/wp\/v2\/media\/42791"}],"wp:attachment":[{"href":"https:\/\/madelinefashion.pl\/en\/wp-json\/wp\/v2\/media?parent=42851"}],"wp:term":[{"taxonomy":"product_brand","embeddable":true,"href":"https:\/\/madelinefashion.pl\/en\/wp-json\/wp\/v2\/product_brand?post=42851"},{"taxonomy":"product_cat","embeddable":true,"href":"https:\/\/madelinefashion.pl\/en\/wp-json\/wp\/v2\/product_cat?post=42851"},{"taxonomy":"product_tag","embeddable":true,"href":"https:\/\/madelinefashion.pl\/en\/wp-json\/wp\/v2\/product_tag?post=42851"}],"curies":[{"name":"wp","href":"https:\/\/api.w.org\/{rel}","templated":true}]}}