{"id":42859,"date":"2022-05-31T14:42:28","date_gmt":"2022-05-31T12:42:28","guid":{"rendered":"https:\/\/madelinefashion.pl\/?post_type=product&#038;p=42859"},"modified":"2026-03-01T12:58:36","modified_gmt":"2026-03-01T11:58:36","slug":"czapka-z-daszkiem-ze-zlota-nicia-cg","status":"publish","type":"product","link":"https:\/\/madelinefashion.pl\/en\/product\/czapka-z-daszkiem-ze-zlota-nicia-cg\/","title":{"rendered":"Cap With Golden Thread CG"},"content":{"rendered":"<h3 style=\"text-align: center;\">Cap With Golden Thread CG<\/h3>\n<p>&nbsp;<\/p>\n<p style=\"text-align: center;\">Women&#039;s baseball cap in light brown color with golden thread. Universal size model with rear adjustment. A stylish part of your wardrobe!<\/p>\n<h3 style=\"text-align: center;\">Cap dimensions:<\/h3>\n<p style=\"text-align: center;\">Circumference: 64 cm<\/p>\n<p style=\"text-align: center;\">Visor length: 7.5 cm<\/p>\n<p style=\"text-align: center;\">Visor width: 17.5 cm<\/p>\n<p style=\"text-align: center;\">","protected":false},"excerpt":{"rendered":"<p>Czapka z Daszkiem Ze Z\u0142ot\u0105 Nici\u0105 CG &nbsp; Damska czapka z daszkiem typu bejsbol\u00f3wka w kolorze jasnobr\u0105zowym ze z\u0142ot\u0105 nici\u0105. Model w rozmiarze uniwersalnym, posiada regulacj\u0119 z ty\u0142u. Stylowa cz\u0119\u015b\u0107 Twojej garderoby! Wymiary czapka: Obw\u00f3d: 64 cm D\u0142ugo\u015b\u0107 daszka: 7,5 cm Szeroko\u015b\u0107 daszka: 17,5 cm<\/p>","protected":false},"featured_media":42749,"template":"","meta":[],"product_brand":[],"product_cat":[86,395],"product_tag":[],"class_list":{"0":"post-42859","1":"product","2":"type-product","3":"status-publish","4":"has-post-thumbnail","6":"product_cat-czapki-dodatki","7":"product_cat-nowosci","9":"first","10":"instock","11":"sale","12":"purchasable","13":"product-type-simple"},"_links":{"self":[{"href":"https:\/\/madelinefashion.pl\/en\/wp-json\/wp\/v2\/product\/42859","targetHints":{"allow":["GET"]}}],"collection":[{"href":"https:\/\/madelinefashion.pl\/en\/wp-json\/wp\/v2\/product"}],"about":[{"href":"https:\/\/madelinefashion.pl\/en\/wp-json\/wp\/v2\/types\/product"}],"wp:featuredmedia":[{"embeddable":true,"href":"https:\/\/madelinefashion.pl\/en\/wp-json\/wp\/v2\/media\/42749"}],"wp:attachment":[{"href":"https:\/\/madelinefashion.pl\/en\/wp-json\/wp\/v2\/media?parent=42859"}],"wp:term":[{"taxonomy":"product_brand","embeddable":true,"href":"https:\/\/madelinefashion.pl\/en\/wp-json\/wp\/v2\/product_brand?post=42859"},{"taxonomy":"product_cat","embeddable":true,"href":"https:\/\/madelinefashion.pl\/en\/wp-json\/wp\/v2\/product_cat?post=42859"},{"taxonomy":"product_tag","embeddable":true,"href":"https:\/\/madelinefashion.pl\/en\/wp-json\/wp\/v2\/product_tag?post=42859"}],"curies":[{"name":"wp","href":"https:\/\/api.w.org\/{rel}","templated":true}]}}