{"id":42861,"date":"2022-05-31T14:53:23","date_gmt":"2022-05-31T12:53:23","guid":{"rendered":"https:\/\/madelinefashion.pl\/?post_type=product&#038;p=42861"},"modified":"2026-03-01T12:58:36","modified_gmt":"2026-03-01T11:58:36","slug":"czapka-z-daszkiem-dior-dd-bejsbolowka-biala","status":"publish","type":"product","link":"https:\/\/madelinefashion.pl\/en\/product\/czapka-z-daszkiem-dior-dd-bejsbolowka-biala\/","title":{"rendered":"Cap with a visor Dior DD White baseball cap"},"content":{"rendered":"<h3 style=\"text-align: center;\">Cap with a visor Dior DD White baseball cap<\/h3>\n<p>&nbsp;<\/p>\n<p style=\"text-align: center;\">Women&#039;s baseball cap, decorated with the Dd logo in zircons. Universal size model with rear adjustment. A stylish part of your wardrobe!<\/p>\n<h3 style=\"text-align: center;\">Cap dimensions:<\/h3>\n<p style=\"text-align: center;\">Circumference: 59 cm<\/p>\n<p style=\"text-align: center;\">Visor length: 8 cm<\/p>\n<p style=\"text-align: center;\">The width of the peak: 19 cm<\/p>\n<p>&nbsp;<\/p>\n<p>&nbsp;<\/p>\n<p>&nbsp;<\/p>\n<p style=\"text-align: center;\">NOTE: the returned goods must have original and all permanent markings attached, in particular undamaged labels and tags with which the Seller provided the goods, and are also in the original intact packaging, if such packaging was provided.<\/p>\n<p style=\"text-align: center;\">","protected":false},"excerpt":{"rendered":"<p>Czapka z Daszkiem Dior DD Bejsbol\u00f3wka Bia\u0142a &nbsp; Damska czapka z daszkiem typu bejsbol\u00f3wka, zdobiona logo Dd w cyrkonie. Model w rozmiarze uniwersalnym, posiada regulacj\u0119 z ty\u0142u. Stylowa cz\u0119\u015b\u0107 Twojej garderoby! Wymiary czapka: Obw\u00f3d: 59 cm D\u0142ugo\u015b\u0107 daszka: 8 cm Szeroko\u015b\u0107 daszka: 19 cm &nbsp; &nbsp; &nbsp; UWAGA: towar zwracany musi posiada\u0107 oryginalnie przymocowane wszelkie<\/p>\n<div class=\"klb-readmore post-buttons\"><a class=\"button black outline size-sm\" href=\"https:\/\/madelinefashion.pl\/en\/product\/czapka-z-daszkiem-dior-dd-bejsbolowka-biala\/\">Read More <i class=\"klbth-icon-right-arrow\"><\/i><\/a><\/div>","protected":false},"featured_media":42777,"template":"","meta":[],"product_brand":[],"product_cat":[86],"product_tag":[],"class_list":{"0":"post-42861","1":"product","2":"type-product","3":"status-publish","4":"has-post-thumbnail","6":"product_cat-czapki-dodatki","8":"first","9":"outofstock","10":"sale","11":"purchasable","12":"product-type-simple"},"_links":{"self":[{"href":"https:\/\/madelinefashion.pl\/en\/wp-json\/wp\/v2\/product\/42861","targetHints":{"allow":["GET"]}}],"collection":[{"href":"https:\/\/madelinefashion.pl\/en\/wp-json\/wp\/v2\/product"}],"about":[{"href":"https:\/\/madelinefashion.pl\/en\/wp-json\/wp\/v2\/types\/product"}],"wp:featuredmedia":[{"embeddable":true,"href":"https:\/\/madelinefashion.pl\/en\/wp-json\/wp\/v2\/media\/42777"}],"wp:attachment":[{"href":"https:\/\/madelinefashion.pl\/en\/wp-json\/wp\/v2\/media?parent=42861"}],"wp:term":[{"taxonomy":"product_brand","embeddable":true,"href":"https:\/\/madelinefashion.pl\/en\/wp-json\/wp\/v2\/product_brand?post=42861"},{"taxonomy":"product_cat","embeddable":true,"href":"https:\/\/madelinefashion.pl\/en\/wp-json\/wp\/v2\/product_cat?post=42861"},{"taxonomy":"product_tag","embeddable":true,"href":"https:\/\/madelinefashion.pl\/en\/wp-json\/wp\/v2\/product_tag?post=42861"}],"curies":[{"name":"wp","href":"https:\/\/api.w.org\/{rel}","templated":true}]}}