{"id":44711,"date":"2022-06-09T10:06:38","date_gmt":"2022-06-09T08:06:38","guid":{"rendered":"https:\/\/madelinefashion.pl\/?post_type=product&#038;p=44711"},"modified":"2025-09-09T10:26:14","modified_gmt":"2025-09-09T08:26:14","slug":"kombinezon-koronkowy-asymetryczny-letni-mietowy-leila","status":"publish","type":"product","link":"https:\/\/madelinefashion.pl\/en\/product\/kombinezon-koronkowy-asymetryczny-letni-mietowy-leila\/","title":{"rendered":"Leila Asymmetric Summer Lace Jumpsuit Mint"},"content":{"rendered":"<h3 style=\"text-align: center;\">Leila Asymmetric Summer Lace Jumpsuit Mint<\/h3>\n<p style=\"text-align: center;\"><span style=\"font-size: 10pt;\">Extremely feminine mint<strong>\u00a0asymmetrical lace jumpsuit <\/strong>with an envelope neckline. The lace jumpsuit is made of a nice, airy material that looks very nice <strong>feminine<\/strong>. Coverall has <strong>lining<\/strong> ensuring comfort of wearing, in addition, there is an elastic band at the waist, thanks to which it fits perfectly to the figure, emphasizing the feminine shapes. Our jumpsuit is a perfect proposition for warm spring and summer days. Jumpsuit ala dress it <strong>best-seller<\/strong> for the upcoming warm days. <strong>Recommended<\/strong> for ladies in size <strong>XS SML<\/strong> \u00a0<\/span><\/p>\n<p>&nbsp;<\/p>\n<h3 style=\"text-align: center;\">Product Characteristics<\/h3>\n<ul style=\"text-align: center;\">\n<li style=\"text-align: center;\"><span style=\"font-size: 10pt;\">flexible<\/span><\/li>\n<li>elastic waistband<\/li>\n<li>envelope neckline<\/li>\n<li>lacy<\/li>\n<\/ul>\n<h3 style=\"text-align: center;\">Dimensions:<\/h3>\n<ul style=\"text-align: center;\">\n<li><span style=\"font-size: 10pt;\">\u00a0\u00a0\u00a0\u00a0\u00a0\u00a0\u00a0 \u00a0\u00a0\u00a0\u00a0\u00a0\u00a0\u00a0 total length at the front: 71 cm<br \/>\n<\/span><\/li>\n<li>total length back: 83 cm<\/li>\n<li><span style=\"font-size: 10pt;\">\u00a0\u00a0\u00a0\u00a0\u00a0\u00a0\u00a0 \u00a0\u00a0\u00a0\u00a0\u00a0\u00a0\u00a0 width from armpit to armpit: 43-54 cm<\/span><\/li>\n<li><span style=\"font-size: 10pt;\">sleeve length from armpit: 37 cm<\/span><\/li>\n<li><span style=\"font-size: 10pt;\">sleeve length from shoulder: 51<\/span><\/li>\n<li><span style=\"font-size: 10pt;\">\u00a0\u00a0\u00a0\u00a0\u00a0\u00a0\u00a0 \u00a0\u00a0\u00a0\u00a0\u00a0\u00a0\u00a0 waist width 25-45 cm<\/span><\/li>\n<li><span style=\"font-size: 10pt;\">\u00a0 \u00a0 \u00a0 \u00a0 \u00a0 \u00a0 \u00a0 \u00a0\u00a0<\/span><\/li>\n<\/ul>\n<p style=\"text-align: center;\"><span style=\"font-size: 10pt;\">Dimensions may slightly differ from the given +\/- 2cm. All dimensions given are measured flat.<\/span><\/p>\n<p style=\"text-align: center;\"><span style=\"font-size: 10pt;\">\u00a0<\/span><\/p>\n<p style=\"text-align: center;\"><span style=\"font-size: 10pt;\"><strong>\u00a0<\/strong>\u00a0<\/span><\/p>\n<p>&nbsp;<\/p>\n<table style=\"height: 163px;\" width=\"691\">\n<tbody>\n<tr>\n<td width=\"302\"><span style=\"font-size: 10pt;\">Model name<\/span><\/td>\n<td width=\"302\">Leila Summer Asymmetrical Lace Jumpsuit<\/td>\n<\/tr>\n<tr>\n<td width=\"302\"><span style=\"font-size: 10pt;\">Color<\/span><\/td>\n<td width=\"302\"><span style=\"font-size: 10pt;\">Mint<\/span><\/td>\n<\/tr>\n<tr>\n<td width=\"302\"><span style=\"font-size: 10pt;\">Style<\/span><\/td>\n<td width=\"302\"><span style=\"font-size: 10pt;\">Boho<\/span><\/td>\n<\/tr>\n<tr>\n<td width=\"302\"><span style=\"font-size: 10pt;\">Material<\/span><\/td>\n<td width=\"302\"><span style=\"font-size: 10pt;\">75 % polyester 25% Viscose<\/span><\/td>\n<\/tr>\n<tr>\n<td width=\"302\"><span style=\"font-size: 10pt;\">Length<\/span><\/td>\n<td width=\"302\"><span style=\"font-size: 10pt;\">At knee<\/span><\/td>\n<\/tr>\n<\/tbody>\n<\/table>\n<p style=\"text-align: center;\"><span style=\"font-size: 10pt;\">\u00a0<\/span><\/p>\n<div class=\"additional-details\" style=\"text-align: center;\">\n<p>\u00a0The model has\u00a0<strong>169<\/strong>\u00a0cm tall, wears a size every day\u00a0<strong>S.<\/strong><\/p>\n<p>The width at the bust is 92 cm<\/p>\n<p>Waist width 62 cm<\/p>\n<p>The width at the hips is 94 cm<\/p>\n<p style=\"text-align: center;\"><span style=\"font-size: 10pt;\">\u00a0<\/span><\/p>\n<p style=\"text-align: center;\"><span style=\"font-size: 10pt;\">\u00a0<\/span><\/p>\n<\/div>","protected":false},"excerpt":{"rendered":"<p>Kombinezon Koronkowy Asymetryczny Letni Mi\u0119towy Leila Niezwykle kobiecy mi\u0119towy\u00a0asymetryczny koronkowy kombinezon z dekoltem kopertowym. Kombinezon koronkowy wykonany jest z przyjemnego, przewiewnego materia\u0142u, kt\u00f3ry wygl\u0105da bardzo kobieco. Kombinezon posiada podszewk\u0119 zapewniaj\u0105c komfort noszenia, dodatkowo w pasie znajduje si\u0119 gumka, dzi\u0119ki kt\u00f3rej idealnie dopasowuje si\u0119 do sylwetki podkre\u015blaj\u0105c kobiece kszta\u0142ty. Nasz kombinezon to idealna propozycja na ciep\u0142e<\/p>\n<div class=\"klb-readmore post-buttons\"><a class=\"button black outline size-sm\" href=\"https:\/\/madelinefashion.pl\/en\/product\/kombinezon-koronkowy-asymetryczny-letni-mietowy-leila\/\">Read More <i class=\"klbth-icon-right-arrow\"><\/i><\/a><\/div>","protected":false},"featured_media":44678,"template":"","meta":[],"product_brand":[],"product_cat":[125,395],"product_tag":[297],"class_list":{"0":"post-44711","1":"product","2":"type-product","3":"status-publish","4":"has-post-thumbnail","6":"product_cat-sukienki","7":"product_cat-nowosci","8":"product_tag-kombinezony","10":"first","11":"outofstock","12":"purchasable","13":"product-type-simple"},"_links":{"self":[{"href":"https:\/\/madelinefashion.pl\/en\/wp-json\/wp\/v2\/product\/44711","targetHints":{"allow":["GET"]}}],"collection":[{"href":"https:\/\/madelinefashion.pl\/en\/wp-json\/wp\/v2\/product"}],"about":[{"href":"https:\/\/madelinefashion.pl\/en\/wp-json\/wp\/v2\/types\/product"}],"wp:featuredmedia":[{"embeddable":true,"href":"https:\/\/madelinefashion.pl\/en\/wp-json\/wp\/v2\/media\/44678"}],"wp:attachment":[{"href":"https:\/\/madelinefashion.pl\/en\/wp-json\/wp\/v2\/media?parent=44711"}],"wp:term":[{"taxonomy":"product_brand","embeddable":true,"href":"https:\/\/madelinefashion.pl\/en\/wp-json\/wp\/v2\/product_brand?post=44711"},{"taxonomy":"product_cat","embeddable":true,"href":"https:\/\/madelinefashion.pl\/en\/wp-json\/wp\/v2\/product_cat?post=44711"},{"taxonomy":"product_tag","embeddable":true,"href":"https:\/\/madelinefashion.pl\/en\/wp-json\/wp\/v2\/product_tag?post=44711"}],"curies":[{"name":"wp","href":"https:\/\/api.w.org\/{rel}","templated":true}]}}