{"id":44784,"date":"2022-06-09T14:32:08","date_gmt":"2022-06-09T12:32:08","guid":{"rendered":"https:\/\/madelinefashion.pl\/?post_type=product&#038;p=44784"},"modified":"2025-09-09T10:26:13","modified_gmt":"2025-09-09T08:26:13","slug":"sukienka-asymetryczna-midi-w-kwiaty-lilac","status":"publish","type":"product","link":"https:\/\/madelinefashion.pl\/en\/product\/sukienka-asymetryczna-midi-w-kwiaty-lilac\/","title":{"rendered":"Asymmetrical Midi Dress With Lilac Flowers"},"content":{"rendered":"<h3 style=\"text-align: center;\">Asymmetrical Midi Dress With Lilac Flowers<\/h3>\n<p style=\"text-align: center;\">An impressive, airy dress with a V-neck on the straps is a proposition suitable for special circumstances. A wonderful airy flared - available in our store in several <strong>color versions<\/strong>. Its cut is beautiful <strong>emphasizes the waist. Dress <\/strong> it has a stiffened cup, it is on the straps. The lower part of the dress consists of airy fabric and lining, effectively presenting itself in motion.<strong>\u00a0<\/strong>It is an ideal proposition for women who appreciate themselves <strong>chic and elegance.<\/strong> The dress is also recommended for a wedding, an 18th birthday party and even a wedding. Match it to her <a href=\"https:\/\/madelinefashion.pl\/en\/buty\/\">high-heeled shoes<\/a> also available on our website and create an elegant look. You must have it in your wardrobe! One size fits all recommended for ladies wearing XS SML in the case of wearing a larger size, please refer to the dimensions<\/p>\n<h3 style=\"text-align: center;\">Dress dimensions<\/h3>\n<ul style=\"text-align: center;\">\n<li>total length 130 cm<\/li>\n<li>bust width: 36-46 cm (elastic band)<\/li>\n<li>waist width: 32-41 cm (elastic band)<\/li>\n<li><\/li>\n<\/ul>\n<p style=\"text-align: center;\">Dimensions may slightly differ from the given +\/- 2cm. All dimensions given are measured flat. <strong>X2 dimension<\/strong><\/p>\n<p style=\"text-align: center;\"><strong>\u00a0<\/strong><\/p>\n<table style=\"height: 214px;\" width=\"548\">\n<tbody>\n<tr>\n<td width=\"302\">Model name<\/td>\n<td width=\"302\">Asymmetrical Midi Dress With Flowers<\/td>\n<\/tr>\n<tr>\n<td width=\"302\">Color<\/td>\n<td width=\"302\">Violet<\/td>\n<\/tr>\n<tr>\n<td width=\"302\">Collection<\/td>\n<td width=\"302\">Spring Summer<\/td>\n<\/tr>\n<tr>\n<td width=\"302\">Sizes<\/td>\n<td width=\"302\">Universal<\/td>\n<\/tr>\n<tr>\n<td width=\"302\">Fashion<\/td>\n<td width=\"302\">Flared<\/td>\n<\/tr>\n<tr>\n<td width=\"302\">Decoration<\/td>\n<td width=\"302\">In Flowers<\/td>\n<\/tr>\n<tr>\n<td width=\"302\">Material<\/td>\n<td width=\"302\">95 % Polyester 5% Elastane<\/td>\n<\/tr>\n<\/tbody>\n<\/table>\n<section class=\"page-product-box\">\n<div class=\"rte\">\n<p style=\"text-align: center;\">The model has\u00a0<strong>169<\/strong>\u00a0cm tall, wears a size every day\u00a0<strong>S.<\/strong><\/p>\n<p style=\"text-align: center;\">The width at the bust is 92 cm<\/p>\n<p style=\"text-align: center;\">Waist width 62 cm<\/p>\n<p style=\"text-align: center;\">The width at the hips is 94 cm<\/p>\n<\/div>\n<\/section>","protected":false},"excerpt":{"rendered":"<p>Sukienka Asymetryczna Midi W Kwiaty Lilac Efektowna, zwiewna sukienka z dekoltem V na rami\u0105czkach to propozycja odpowiednia na wyj\u0105tkowe okoliczno\u015bci . Wspania\u0142a zwiewna rozkloszowana &#8211; dost\u0119pna w Naszym sklepie w kilku wersjach kolorystycznych. Jej fason przepi\u0119knie wyeksponuje tali\u0119. Sukienka posiada usztywnian\u0105 miseczk\u0119, jest na rami\u0105czkach. Dolna cz\u0119\u015b\u0107 sukienki sk\u0142ada si\u0119 z zwiewnej tkaniny i podszewki<\/p>\n<div class=\"klb-readmore post-buttons\"><a class=\"button black outline size-sm\" href=\"https:\/\/madelinefashion.pl\/en\/product\/sukienka-asymetryczna-midi-w-kwiaty-lilac\/\">Read More <i class=\"klbth-icon-right-arrow\"><\/i><\/a><\/div>","protected":false},"featured_media":44724,"template":"","meta":[],"product_brand":[],"product_cat":[125,395],"product_tag":[262],"class_list":{"0":"post-44784","1":"product","2":"type-product","3":"status-publish","4":"has-post-thumbnail","6":"product_cat-sukienki","7":"product_cat-nowosci","8":"product_tag-sukienki-krotkie","9":"pa_rozmiar-xs-34","10":"pa_rozmiar-s-36","12":"first","13":"outofstock","14":"purchasable","15":"product-type-simple"},"_links":{"self":[{"href":"https:\/\/madelinefashion.pl\/en\/wp-json\/wp\/v2\/product\/44784","targetHints":{"allow":["GET"]}}],"collection":[{"href":"https:\/\/madelinefashion.pl\/en\/wp-json\/wp\/v2\/product"}],"about":[{"href":"https:\/\/madelinefashion.pl\/en\/wp-json\/wp\/v2\/types\/product"}],"wp:featuredmedia":[{"embeddable":true,"href":"https:\/\/madelinefashion.pl\/en\/wp-json\/wp\/v2\/media\/44724"}],"wp:attachment":[{"href":"https:\/\/madelinefashion.pl\/en\/wp-json\/wp\/v2\/media?parent=44784"}],"wp:term":[{"taxonomy":"product_brand","embeddable":true,"href":"https:\/\/madelinefashion.pl\/en\/wp-json\/wp\/v2\/product_brand?post=44784"},{"taxonomy":"product_cat","embeddable":true,"href":"https:\/\/madelinefashion.pl\/en\/wp-json\/wp\/v2\/product_cat?post=44784"},{"taxonomy":"product_tag","embeddable":true,"href":"https:\/\/madelinefashion.pl\/en\/wp-json\/wp\/v2\/product_tag?post=44784"}],"curies":[{"name":"wp","href":"https:\/\/api.w.org\/{rel}","templated":true}]}}