{"id":44791,"date":"2022-06-09T14:52:58","date_gmt":"2022-06-09T12:52:58","guid":{"rendered":"https:\/\/madelinefashion.pl\/?post_type=product&#038;p=44791"},"modified":"2026-03-26T12:40:11","modified_gmt":"2026-03-26T11:40:11","slug":"bluzka-koronkowa-krotki-rekaw-cytrynowa","status":"publish","type":"product","link":"https:\/\/madelinefashion.pl\/en\/product\/bluzka-koronkowa-krotki-rekaw-cytrynowa\/","title":{"rendered":"Short Sleeve Lace Blouse Lemon"},"content":{"rendered":"<h3 style=\"text-align: center;\">Short Sleeve Lace Blouse Lemon<\/h3>\n<p style=\"text-align: center;\"><strong>Women&#039;s blouse<\/strong> it is an item of clothing ordered by our clients more and more often. The offer prepared by us will certainly allow you to find something unique here. Elegant and sensual blouse is the perfect solution and help in shaping the figure and concealing its imperfections. Stiffened cups with floral embroidery provide good support for the bust. <strong>Lace blouse<\/strong> Works well in a variety of styles and for women of different age and type of beauty. In our offer, you will find styles that can be adapted to the size and shape of your figure.<\/p>\n<p>&nbsp;<\/p>\n<h3 style=\"text-align: center;\">Dimensions:<\/h3>\n<p style=\"text-align: center;\">A-WIDTH FROM ARMPIT TO ARMPIT 38 cm-50 cm<\/p>\n<p style=\"text-align: center;\">B - WAIST WIDTH 34cm-45cm<\/p>\n<p style=\"text-align: center;\">C-HIP WIDTH 35 cm-46 cm<\/p>\n<p style=\"text-align: center;\">D-TOTAL LENGTH 55 cm<\/p>\n<p>&nbsp;<\/p>\n<p style=\"text-align: center;\">Dimensions may slightly differ from the given +\/- 2cm. All dimensions given are measured flat.\u00a0<strong>X2 dimension<\/strong><\/p>\n<p>&nbsp;<\/p>\n<p>&nbsp;<\/p>\n<p style=\"text-align: center;\">\u00a0The model has\u00a0<strong>169<\/strong>\u00a0cm tall, wears a size every day\u00a0<strong>S.<\/strong><\/p>\n<p style=\"text-align: center;\">The width at the bust is 92 cm<\/p>\n<p style=\"text-align: center;\">Waist width 62 cm<\/p>\n<p style=\"text-align: center;\">The width at the hips is 94 cm<\/p>\n<p>&nbsp;<\/p>","protected":false},"excerpt":{"rendered":"<p>Bluzka Koronkowa Kr\u00f3tki R\u0119kaw Cytrynowa Damskia bluzka to element garderoby coraz cz\u0119\u015bciej zamawiany przez nasze klientki. Przygotowana przez nas oferta z pewno\u015bci\u0105 pozwoli Ci znale\u017a\u0107 tutaj co\u015b wyj\u0105tkowego.\u00a0 Elegancka i zmys\u0142owa bluzka to idealne rozwi\u0105zanie i pomoc w modelowaniu sylwetki oraz ukryciu jej niedoskona\u0142o\u015bci. Usztywnione miseczki z kwiatowym haftem dobrze podtrzymuj\u0105 biust. Bluzka koronkowa sprawdza<\/p>\n<div class=\"klb-readmore post-buttons\"><a class=\"button black outline size-sm\" href=\"https:\/\/madelinefashion.pl\/en\/product\/bluzka-koronkowa-krotki-rekaw-cytrynowa\/\">Read More <i class=\"klbth-icon-right-arrow\"><\/i><\/a><\/div>","protected":false},"featured_media":44793,"template":"","meta":[],"product_brand":[],"product_cat":[87,77,559],"product_tag":[479],"class_list":{"0":"post-44791","1":"product","2":"type-product","3":"status-publish","4":"has-post-thumbnail","6":"product_cat-bluzki-2","7":"product_cat-bluzki","8":"product_cat-noworoczna-sekcja-okazji","9":"product_tag-bluzki-z-krotkim-rekawem","11":"first","12":"instock","13":"sale","14":"purchasable","15":"product-type-simple"},"_links":{"self":[{"href":"https:\/\/madelinefashion.pl\/en\/wp-json\/wp\/v2\/product\/44791","targetHints":{"allow":["GET"]}}],"collection":[{"href":"https:\/\/madelinefashion.pl\/en\/wp-json\/wp\/v2\/product"}],"about":[{"href":"https:\/\/madelinefashion.pl\/en\/wp-json\/wp\/v2\/types\/product"}],"wp:featuredmedia":[{"embeddable":true,"href":"https:\/\/madelinefashion.pl\/en\/wp-json\/wp\/v2\/media\/44793"}],"wp:attachment":[{"href":"https:\/\/madelinefashion.pl\/en\/wp-json\/wp\/v2\/media?parent=44791"}],"wp:term":[{"taxonomy":"product_brand","embeddable":true,"href":"https:\/\/madelinefashion.pl\/en\/wp-json\/wp\/v2\/product_brand?post=44791"},{"taxonomy":"product_cat","embeddable":true,"href":"https:\/\/madelinefashion.pl\/en\/wp-json\/wp\/v2\/product_cat?post=44791"},{"taxonomy":"product_tag","embeddable":true,"href":"https:\/\/madelinefashion.pl\/en\/wp-json\/wp\/v2\/product_tag?post=44791"}],"curies":[{"name":"wp","href":"https:\/\/api.w.org\/{rel}","templated":true}]}}