{"id":4494,"date":"2021-01-19T20:02:09","date_gmt":"2021-01-19T19:02:09","guid":{"rendered":"https:\/\/madelinefashion.pl\/?post_type=product&#038;p=4494"},"modified":"2026-01-20T10:34:46","modified_gmt":"2026-01-20T09:34:46","slug":"top-lolly-pudrowy-roz","status":"publish","type":"product","link":"https:\/\/madelinefashion.pl\/en\/product\/top-lolly-pudrowy-roz\/","title":{"rendered":"Powder Pink Lolly Top"},"content":{"rendered":"<h3 style=\"text-align: center;\">Powder Pink Lolly Top<\/h3>\n<p style=\"text-align: center;\"><span style=\"font-size: 10pt;\"><strong>\u00a0 \u00a0 \u00a0Dimensions:<\/strong><\/span><\/p>\n<ul>\n<li style=\"text-align: center;\">total length: 50 cm<\/li>\n<li style=\"text-align: center;\">width from armpit to armpit: 30-49 cm<\/li>\n<li style=\"text-align: center;\">recommended maximum bust circumference: 98 cm<\/li>\n<\/ul>\n<p>&nbsp;<\/p>\n<table>\n<tbody>\n<tr>\n<td width=\"302\">Model name<\/td>\n<td width=\"302\">Top Lolly<\/td>\n<\/tr>\n<tr>\n<td width=\"302\">Color<\/td>\n<td width=\"302\">Powder Pink<\/td>\n<\/tr>\n<tr>\n<td width=\"302\">Sizes<\/td>\n<td width=\"302\">Universal<\/td>\n<\/tr>\n<tr>\n<td width=\"302\">Fashion<\/td>\n<td width=\"302\">Oversize<\/td>\n<\/tr>\n<tr>\n<td width=\"302\">Material<\/td>\n<td width=\"302\">100 % Cotton<\/td>\n<\/tr>\n<\/tbody>\n<\/table>\n<p style=\"text-align: center;\"><span style=\"font-size: 10pt;\">\u00a0<\/span><\/p>\n<p style=\"text-align: center;\"><span style=\"font-size: 10pt;\">\u00a0Recommended for people wearing sizes from XS to M<\/span><\/p>","protected":false},"excerpt":{"rendered":"<p>Top Lolly Pudrowy R\u00f3\u017c \u00a0 \u00a0 \u00a0Wymiary: d\u0142ugo\u015b\u0107 ca\u0142kowita : 50 cm szeroko\u015b\u0107 od pachy do pachy: 30-49 cm zalecany max obw\u00f3d w biu\u015bcie: 98 cm &nbsp; Nazwa modelu Top Lolly Kolor Pudrowy R\u00f3\u017c Rozmiary Uniwersalny Fason Oversize Materia\u0142 100 % Bawe\u0142na \u00a0 \u00a0Zalecany dla os\u00f3b nosz\u0105cych rozmiar\u00a0 od XS do M<\/p>","protected":false},"featured_media":4493,"template":"","meta":[],"product_brand":[],"product_cat":[85],"product_tag":[],"class_list":{"0":"post-4494","1":"product","2":"type-product","3":"status-publish","4":"has-post-thumbnail","6":"product_cat-t-shirty","8":"first","9":"instock","10":"sale","11":"purchasable","12":"product-type-simple"},"_links":{"self":[{"href":"https:\/\/madelinefashion.pl\/en\/wp-json\/wp\/v2\/product\/4494","targetHints":{"allow":["GET"]}}],"collection":[{"href":"https:\/\/madelinefashion.pl\/en\/wp-json\/wp\/v2\/product"}],"about":[{"href":"https:\/\/madelinefashion.pl\/en\/wp-json\/wp\/v2\/types\/product"}],"wp:featuredmedia":[{"embeddable":true,"href":"https:\/\/madelinefashion.pl\/en\/wp-json\/wp\/v2\/media\/4493"}],"wp:attachment":[{"href":"https:\/\/madelinefashion.pl\/en\/wp-json\/wp\/v2\/media?parent=4494"}],"wp:term":[{"taxonomy":"product_brand","embeddable":true,"href":"https:\/\/madelinefashion.pl\/en\/wp-json\/wp\/v2\/product_brand?post=4494"},{"taxonomy":"product_cat","embeddable":true,"href":"https:\/\/madelinefashion.pl\/en\/wp-json\/wp\/v2\/product_cat?post=4494"},{"taxonomy":"product_tag","embeddable":true,"href":"https:\/\/madelinefashion.pl\/en\/wp-json\/wp\/v2\/product_tag?post=4494"}],"curies":[{"name":"wp","href":"https:\/\/api.w.org\/{rel}","templated":true}]}}