{"id":4501,"date":"2021-01-19T20:16:54","date_gmt":"2021-01-19T19:16:54","guid":{"rendered":"https:\/\/madelinefashion.pl\/?post_type=product&#038;p=4501"},"modified":"2026-01-20T10:34:46","modified_gmt":"2026-01-20T09:34:46","slug":"koszula-sisi-biala","status":"publish","type":"product","link":"https:\/\/madelinefashion.pl\/en\/product\/koszula-sisi-biala\/","title":{"rendered":"Sisi white shirt"},"content":{"rendered":"<h2 style=\"text-align: center;\">Sisi white shirt<\/h2>\n<p style=\"text-align: center;\">The Sisi shirt fastened with buttons is an elegant shirt for <strong>Long Sleeve<\/strong> with a looser oversize cut that will work in most styles. Our Sisi shirt can be the basis for many elegant and timeless stylizations - it is available in our store in several color variants. It will definitely work with pencil skirts or classic jeans. The shirt is an ideal proposition for work, every day, family gatherings and many other occasions. Recommended for ladies wearing size <strong>S, M, L, XL<\/strong><\/p>\n<h3 style=\"text-align: center;\">\u00a0 \u00a0 \u00a0Dimensions:<\/h3>\n<ul style=\"text-align: center;\">\n<li>\n<ul>\n<li>overall length: 57 cm<\/li>\n<li>width from armpit to armpit: 50 cm -57 cm<\/li>\n<li>sleeve length from shoulder: 57 cm<\/li>\n<li>sleeve length from armpit: 44 cm<\/li>\n<li>recommended maximum bust circumference: 105 cm<\/li>\n<\/ul>\n<p>Dimensions may slightly differ from the given +\/- 2cm. All dimensions given are measured flat.<\/li>\n<\/ul>\n<p>&nbsp;<\/p>\n<table style=\"height: 288px;\" width=\"433\">\n<tbody>\n<tr>\n<td>Model Name<\/td>\n<td>Sisi shirt<\/td>\n<\/tr>\n<tr>\n<td>Color<\/td>\n<td>White<\/td>\n<\/tr>\n<tr>\n<td>Collection<\/td>\n<td>Spring Summer Autumn Winter<\/td>\n<\/tr>\n<tr>\n<td>Size<\/td>\n<td>Universal<\/td>\n<\/tr>\n<tr>\n<td>Fashion<\/td>\n<td>Ethereal<\/td>\n<\/tr>\n<tr>\n<td>Cleavage<\/td>\n<td>Collar<\/td>\n<\/tr>\n<tr>\n<td>composition of materials<\/td>\n<td>100% Polyester<\/td>\n<\/tr>\n<\/tbody>\n<\/table>\n<div class=\"tabs tabs-bb clear mb-80\">\n<div class=\"tab-content\">\n<div id=\"tab-description\" class=\"tab-pane fade in woocommerce-Tabs-panel--description active\">\n<div class=\"tabs tabs-bb clear mb-80\">\n<div class=\"tab-content\">\n<div id=\"tab-description\" class=\"tab-pane fade in woocommerce-Tabs-panel--description active\">\n<p style=\"text-align: center;\">\u00a0The model has\u00a0<strong>165<\/strong>\u00a0cm tall, wears a size every day\u00a0<strong>S.<\/strong><\/p>\n<\/div>\n<\/div>\n<\/div>\n<section class=\"related products mb-80\"><\/section>\n<section class=\"page-product-box\">\n<div class=\"rte\">\n<p>&nbsp;<\/p>\n<\/div>\n<\/section>\n<\/div>\n<\/div>\n<\/div>\n<section class=\"up-sells upsells products mb-80\"><\/section>\n<p>&nbsp;<\/p>\n<p style=\"text-align: center;\"><strong>\u00a0<\/strong><\/p>","protected":false},"excerpt":{"rendered":"<p>Koszula Sisi Bia\u0142a Koszula Sisi zapinana na guziki to elegancka koszula na d\u0142ugi r\u0119kaw o lu\u017aniejszym\u00a0 oversizowym\u00a0 fasonie, kt\u00f3ry sprawdzi si\u0119 w wi\u0119kszo\u015bci stylizacjach. Nasza koszula Sisi mo\u017ce stanowi\u0107 baz\u0119 do wielu eleganckich i ponadczasowych stylizacji\u00a0 &#8211; dost\u0119pna jest w naszym sklepie w kilku wariantach kolorystycznych. Z pewno\u015bci\u0105 sprawdzi si\u0119 przy o\u0142\u00f3wkowych sp\u00f3dnicach lub klasycznych<\/p>\n<div class=\"klb-readmore post-buttons\"><a class=\"button black outline size-sm\" href=\"https:\/\/madelinefashion.pl\/en\/product\/koszula-sisi-biala\/\">Read More <i class=\"klbth-icon-right-arrow\"><\/i><\/a><\/div>","protected":false},"featured_media":11810,"template":"","meta":[],"product_brand":[],"product_cat":[92],"product_tag":[],"class_list":{"0":"post-4501","1":"product","2":"type-product","3":"status-publish","4":"has-post-thumbnail","6":"product_cat-koszule","8":"first","9":"instock","10":"sale","11":"purchasable","12":"product-type-simple"},"_links":{"self":[{"href":"https:\/\/madelinefashion.pl\/en\/wp-json\/wp\/v2\/product\/4501","targetHints":{"allow":["GET"]}}],"collection":[{"href":"https:\/\/madelinefashion.pl\/en\/wp-json\/wp\/v2\/product"}],"about":[{"href":"https:\/\/madelinefashion.pl\/en\/wp-json\/wp\/v2\/types\/product"}],"wp:featuredmedia":[{"embeddable":true,"href":"https:\/\/madelinefashion.pl\/en\/wp-json\/wp\/v2\/media\/11810"}],"wp:attachment":[{"href":"https:\/\/madelinefashion.pl\/en\/wp-json\/wp\/v2\/media?parent=4501"}],"wp:term":[{"taxonomy":"product_brand","embeddable":true,"href":"https:\/\/madelinefashion.pl\/en\/wp-json\/wp\/v2\/product_brand?post=4501"},{"taxonomy":"product_cat","embeddable":true,"href":"https:\/\/madelinefashion.pl\/en\/wp-json\/wp\/v2\/product_cat?post=4501"},{"taxonomy":"product_tag","embeddable":true,"href":"https:\/\/madelinefashion.pl\/en\/wp-json\/wp\/v2\/product_tag?post=4501"}],"curies":[{"name":"wp","href":"https:\/\/api.w.org\/{rel}","templated":true}]}}