{"id":4511,"date":"2021-01-19T20:48:35","date_gmt":"2021-01-19T19:48:35","guid":{"rendered":"https:\/\/madelinefashion.pl\/?post_type=product&#038;p=4511"},"modified":"2026-01-20T10:34:45","modified_gmt":"2026-01-20T09:34:45","slug":"bluzka-anita-golf-karmelowa","status":"publish","type":"product","link":"https:\/\/madelinefashion.pl\/en\/product\/bluzka-anita-golf-karmelowa\/","title":{"rendered":"Anita Golf T-shirt Karmelowa"},"content":{"rendered":"<h2 style=\"text-align: center;\">Anita Golf T-shirt Karmelowa<\/h2>\n<p style=\"text-align: center;\"><b>Anita Turtleneck Blouse i\u00a0<\/b>with tulle sleeves - suitable for both everyday and more festive occasions. Perfect for ladies in size\u00a0<strong>XS, S, M,<\/strong><\/p>\n<h2 style=\"text-align: center;\">\u00a0 \u00a0 \u00a0Dimensions:<\/h2>\n<ul style=\"text-align: center;\">\n<li>total length: 60 cm<\/li>\n<li>width from armpit to armpit: 38 cm -50 cm<\/li>\n<li>sleeve length from shoulder: 59 cm<\/li>\n<li>sleeve length from armpit: 39 cm<\/li>\n<li>recommended maximum bust circumference: 100 cm<\/li>\n<li><\/li>\n<\/ul>\n<p style=\"text-align: center;\">Dimensions may slightly differ from the given +\/- 2cm. All dimensions given are measured flat.<\/p>\n<table class=\"table\">\n<tbody>\n<tr>\n<td width=\"302\">Model name<\/td>\n<td width=\"302\">Anita blouse<\/td>\n<\/tr>\n<tr>\n<td width=\"302\">Color<\/td>\n<td width=\"302\">caramel<\/td>\n<\/tr>\n<tr>\n<td width=\"302\">Sizes<\/td>\n<td width=\"302\">Universal<\/td>\n<\/tr>\n<tr>\n<td width=\"302\">Fashion<\/td>\n<td width=\"302\">Matched<\/td>\n<\/tr>\n<tr>\n<td width=\"302\">Material<\/td>\n<td width=\"302\">50 % Cotton 45% Polyester 5% Elastane<\/td>\n<\/tr>\n<\/tbody>\n<\/table>\n<p>&nbsp;<\/p>\n<p>&nbsp;<\/p>\n<p style=\"text-align: center;\">\u00a0<strong>Recommended<\/strong>\u00a0for people wearing size from\u00a0<strong>X<\/strong><strong>S.\u00a0<\/strong>down\u00a0<strong>M.<\/strong><\/p>","protected":false},"excerpt":{"rendered":"<p>Bluzka Anita Golf Karmelowa Bluzka Anita z Golfem i\u00a0tiulowymi r\u0119kawami\u00a0 \u2013 nadaje si\u0119 zar\u00f3wno na co dzie\u0144, jak i na bardziej \u015bwi\u0105teczne okazje. Idealna dla Pa\u0144 w rozmiarze\u00a0XS,S,M, \u00a0 \u00a0 \u00a0Wymiary: d\u0142ugo\u015b\u0107 ca\u0142kowita : 60 cm szeroko\u015b\u0107 od pachy do pachy: 38 cm\u00a0 -50 cm d\u0142ugo\u015b\u0107 r\u0119kawa od ramienia: 59 cm d\u0142ugo\u015b\u0107 r\u0119kawa od pachy:<\/p>\n<div class=\"klb-readmore post-buttons\"><a class=\"button black outline size-sm\" href=\"https:\/\/madelinefashion.pl\/en\/product\/bluzka-anita-golf-karmelowa\/\">Read More <i class=\"klbth-icon-right-arrow\"><\/i><\/a><\/div>","protected":false},"featured_media":4506,"template":"","meta":[],"product_brand":[],"product_cat":[77],"product_tag":[],"class_list":{"0":"post-4511","1":"product","2":"type-product","3":"status-publish","4":"has-post-thumbnail","6":"product_cat-bluzki","8":"first","9":"instock","10":"sale","11":"purchasable","12":"product-type-simple"},"_links":{"self":[{"href":"https:\/\/madelinefashion.pl\/en\/wp-json\/wp\/v2\/product\/4511","targetHints":{"allow":["GET"]}}],"collection":[{"href":"https:\/\/madelinefashion.pl\/en\/wp-json\/wp\/v2\/product"}],"about":[{"href":"https:\/\/madelinefashion.pl\/en\/wp-json\/wp\/v2\/types\/product"}],"wp:featuredmedia":[{"embeddable":true,"href":"https:\/\/madelinefashion.pl\/en\/wp-json\/wp\/v2\/media\/4506"}],"wp:attachment":[{"href":"https:\/\/madelinefashion.pl\/en\/wp-json\/wp\/v2\/media?parent=4511"}],"wp:term":[{"taxonomy":"product_brand","embeddable":true,"href":"https:\/\/madelinefashion.pl\/en\/wp-json\/wp\/v2\/product_brand?post=4511"},{"taxonomy":"product_cat","embeddable":true,"href":"https:\/\/madelinefashion.pl\/en\/wp-json\/wp\/v2\/product_cat?post=4511"},{"taxonomy":"product_tag","embeddable":true,"href":"https:\/\/madelinefashion.pl\/en\/wp-json\/wp\/v2\/product_tag?post=4511"}],"curies":[{"name":"wp","href":"https:\/\/api.w.org\/{rel}","templated":true}]}}