{"id":45220,"date":"2022-06-11T11:34:24","date_gmt":"2022-06-11T09:34:24","guid":{"rendered":"https:\/\/madelinefashion.pl\/?post_type=product&#038;p=45220"},"modified":"2022-07-18T15:29:49","modified_gmt":"2022-07-18T13:29:49","slug":"body-kokarda-na-jedno-ramie-turkusowe","status":"publish","type":"product","link":"https:\/\/madelinefashion.pl\/en\/product\/body-kokarda-na-jedno-ramie-turkusowe\/","title":{"rendered":"One Shoulder Bow Body Turquoise"},"content":{"rendered":"<h3 style=\"text-align: center;\">One Shoulder Bow Body Turquoise<\/h3>\n<p style=\"text-align: center;\"><b> Body Bow on One Arm Cornflower<\/b>\u00a0Bet on an outfit with a claw! Sexy body, made of light material, will be perfect for most styles. Flexible fabric will shape the silhouette. Selected for many styles. <strong>A model you will fall in love with<\/strong>. You can wear them with shorts, jeans, skirts and even leather pants. Bodysuits have<strong> beautiful decorative bow.<\/strong>\u00a0 The body is fitted, which perfectly emphasizes the shapes. European product of very good quality. Perfect for school, work, a date or meeting with friends! <strong>Perfect for any time and occasion!\u00a0<\/strong>Size\u00a0<strong>universal recommended<\/strong>\u00a0for ladies in sizes from<strong> XS to L\u00a0 \u00a0 <\/strong>\u00a0A wide range of colors will allow you to choose a body that will emphasize your character!<\/p>\n<h3 style=\"text-align: center;\">Dimensions<\/h3>\n<ul style=\"text-align: center;\">\n<li>total length for fastening: 72 cm<\/li>\n<li>bust width: 35cm-40cm<\/li>\n<li>waist width: 32 cm - 35 cm<\/li>\n<li><\/li>\n<\/ul>\n<p style=\"text-align: center;\">Dimensions may slightly differ from the given +\/- 2cm. All dimensions given are measured flat.<\/p>\n<p style=\"text-align: center;\"><strong>\u00a0<\/strong><\/p>\n<table width=\"623\">\n<tbody>\n<tr>\n<td width=\"302\">Model name<\/td>\n<td width=\"302\">Body Bow on One Shoulder<\/td>\n<\/tr>\n<tr>\n<td width=\"302\">Color<\/td>\n<td width=\"302\">Turquoise<\/td>\n<\/tr>\n<tr>\n<td width=\"302\">Collection<\/td>\n<td width=\"302\">Spring Summer Autumn Winter<\/td>\n<\/tr>\n<tr>\n<td width=\"302\">Sizes<\/td>\n<td width=\"302\">Universal<\/td>\n<\/tr>\n<tr>\n<td width=\"302\">Fashion<\/td>\n<td width=\"302\">Close-fitting \/ panties<\/td>\n<\/tr>\n<tr>\n<td width=\"302\"><\/td>\n<td width=\"302\"><\/td>\n<\/tr>\n<tr>\n<td width=\"302\">Bust stiffening cups<\/td>\n<td width=\"302\">Not<\/td>\n<\/tr>\n<tr>\n<td width=\"302\">Material<\/td>\n<td width=\"302\">95% polyester 5% elastane<\/td>\n<\/tr>\n<\/tbody>\n<\/table>\n<p>&nbsp;<\/p>\n<p style=\"text-align: center;\">The model has\u00a0<strong>169<\/strong>\u00a0cm tall, wears a size every day\u00a0<strong>S.<\/strong><\/p>\n<p style=\"text-align: center;\">The width at the bust is 92 cm<\/p>\n<p style=\"text-align: center;\">Waist width 62 cm<\/p>\n<p style=\"text-align: center;\">The width at the hips is 94 cm<\/p>","protected":false},"excerpt":{"rendered":"<p>Body Kokarda na Jedno Rami\u0119 Turkusowe Body Kokarda na Jedno Ramie Chabrowe\u00a0Postaw na outfit z pazurem! Seksowne body, wykonane z lekkiego, materia\u0142u sprawdz\u0105 si\u0119 idealnie w wi\u0119kszo\u015bci stylizacji. Elastyczna tkanina wymodeluje sylwetk\u0119. Wybierane do wielu stylizacji. Model w kt\u00f3rym si\u0119 zakochasz. Mo\u017cesz je nosi\u0107 do szort\u00f3w, d\u017cins\u00f3w, sp\u00f3dnicy, a nawet spodni ze sk\u00f3ry. Body posiadaj\u0105<\/p>\n<div class=\"klb-readmore post-buttons\"><a class=\"button black outline size-sm\" href=\"https:\/\/madelinefashion.pl\/en\/product\/body-kokarda-na-jedno-ramie-turkusowe\/\">Read More <i class=\"klbth-icon-right-arrow\"><\/i><\/a><\/div>","protected":false},"featured_media":45183,"template":"","meta":[],"product_brand":[],"product_cat":[84,395],"product_tag":[],"class_list":{"0":"post-45220","1":"product","2":"type-product","3":"status-publish","4":"has-post-thumbnail","6":"product_cat-body","7":"product_cat-nowosci","9":"first","10":"instock","11":"purchasable","12":"product-type-simple"},"_links":{"self":[{"href":"https:\/\/madelinefashion.pl\/en\/wp-json\/wp\/v2\/product\/45220","targetHints":{"allow":["GET"]}}],"collection":[{"href":"https:\/\/madelinefashion.pl\/en\/wp-json\/wp\/v2\/product"}],"about":[{"href":"https:\/\/madelinefashion.pl\/en\/wp-json\/wp\/v2\/types\/product"}],"wp:featuredmedia":[{"embeddable":true,"href":"https:\/\/madelinefashion.pl\/en\/wp-json\/wp\/v2\/media\/45183"}],"wp:attachment":[{"href":"https:\/\/madelinefashion.pl\/en\/wp-json\/wp\/v2\/media?parent=45220"}],"wp:term":[{"taxonomy":"product_brand","embeddable":true,"href":"https:\/\/madelinefashion.pl\/en\/wp-json\/wp\/v2\/product_brand?post=45220"},{"taxonomy":"product_cat","embeddable":true,"href":"https:\/\/madelinefashion.pl\/en\/wp-json\/wp\/v2\/product_cat?post=45220"},{"taxonomy":"product_tag","embeddable":true,"href":"https:\/\/madelinefashion.pl\/en\/wp-json\/wp\/v2\/product_tag?post=45220"}],"curies":[{"name":"wp","href":"https:\/\/api.w.org\/{rel}","templated":true}]}}