{"id":45227,"date":"2022-06-11T11:56:46","date_gmt":"2022-06-11T09:56:46","guid":{"rendered":"https:\/\/madelinefashion.pl\/?post_type=product&#038;p=45227"},"modified":"2025-10-14T12:11:45","modified_gmt":"2025-10-14T10:11:45","slug":"spodnica-maxi-zwiewna-z-kokarda-zielen","status":"publish","type":"product","link":"https:\/\/madelinefashion.pl\/en\/product\/spodnica-maxi-zwiewna-z-kokarda-zielen\/","title":{"rendered":"Airy Maxi Skirt With A Green Bow"},"content":{"rendered":"<h3 style=\"text-align: center;\">Airy Maxi Skirt With A Green Bow<\/h3>\n<p style=\"text-align: center;\"><strong>Skirt<\/strong> it is a perfect proposition for a disco, a city and a date. Light, airy, it will give you freedom in any situation. <strong>Universal<\/strong>and at the same time very stylish and feminine. <strong>Skirt<\/strong> asymmetric<strong>\u00a0<\/strong>it will be perfect all year round. It can be both an element of spring and summer stylizations, as well as part of an autumn wardrobe. The skirt has a loose cut. <strong>Elastic at the waist<\/strong> nicely emphasizes the waist and keeps the skirt well in place. A unique proposition for women who appreciate a phenomenal appearance. Recommended for ladies wearing <strong>XS, S, M, L, XL<\/strong><\/p>\n<h3 style=\"text-align: center;\">Dimensions:<\/h3>\n<ul style=\"text-align: center;\">\n<li><span style=\"font-size: 10pt;\">\u00a0 \u00a0 \u00a0 \u00a0<\/span>overall length: 80 cm<\/li>\n<li>length in the shortest point: 32 cm<\/li>\n<li>lining length: 51 cm<\/li>\n<li>waist width 32 - 60 cm x2<\/li>\n<li><\/li>\n<li><\/li>\n<\/ul>\n<p style=\"text-align: center;\"><span style=\"font-size: 10pt;\">Dimensions may slightly differ from the given +\/- 2cm. All dimensions given are measured flat. <strong>X2 dimension<\/strong><\/span><\/p>\n<p style=\"text-align: center;\"><span style=\"font-size: 10pt;\">\u00a0<\/span><\/p>\n<p style=\"text-align: center;\"><span style=\"font-size: 10pt;\">\u00a0<\/span><\/p>\n<table>\n<tbody>\n<tr>\n<td width=\"302\">Model name<\/td>\n<td width=\"302\">Airy Maxi Skirt With A Bow<\/td>\n<\/tr>\n<tr>\n<td width=\"302\">Color<\/td>\n<td width=\"302\">Green<\/td>\n<\/tr>\n<tr>\n<td width=\"302\">Sizes<\/td>\n<td width=\"302\">Universal<\/td>\n<\/tr>\n<tr>\n<td width=\"302\">Fashion<\/td>\n<td width=\"302\">Oversize<\/td>\n<\/tr>\n<tr>\n<td width=\"302\">Material<\/td>\n<td width=\"302\">100 % Polyester<\/td>\n<\/tr>\n<\/tbody>\n<\/table>\n<p style=\"text-align: center;\"><span style=\"font-size: 10pt;\">\u00a0<\/span><\/p>\n<p style=\"text-align: center;\">The model has\u00a0<strong>169<\/strong>\u00a0cm tall, wears a size every day\u00a0<strong>S.<\/strong><\/p>\n<p style=\"text-align: center;\">The width at the bust is 92 cm<\/p>\n<p style=\"text-align: center;\">Waist width 62 cm<\/p>\n<p style=\"text-align: center;\">The width at the hips is 94 cm<\/p>","protected":false},"excerpt":{"rendered":"<p>Sp\u00f3dnica Maxi Zwiewna Z Kokard\u0105 Ziele\u0144 Sp\u00f3dnica to idealna propozycja na dyskotek\u0119, na miasto i na randk\u0119. Lekka, zwiewna, zapewni ci swobod\u0119 w ka\u017cdej sytuacji. Uniwersalna, a jednocze\u015bnie bardzo stylowa i kobieca. Sp\u00f3dnica asymetryczna\u00a0sprawdzi si\u0119 \u015bwietnie przez ca\u0142y rok. Mo\u017ce by\u0107 zar\u00f3wno elementem wiosennych, letnich stylizacji, jak i cz\u0119\u015bci\u0105 jesiennej garderoby. Sp\u00f3dnica posiada lu\u017any kr\u00f3j.<\/p>\n<div class=\"klb-readmore post-buttons\"><a class=\"button black outline size-sm\" href=\"https:\/\/madelinefashion.pl\/en\/product\/spodnica-maxi-zwiewna-z-kokarda-zielen\/\">Read More <i class=\"klbth-icon-right-arrow\"><\/i><\/a><\/div>","protected":false},"featured_media":45202,"template":"","meta":[],"product_brand":[],"product_cat":[107],"product_tag":[],"class_list":{"0":"post-45227","1":"product","2":"type-product","3":"status-publish","4":"has-post-thumbnail","6":"product_cat-spodnice-i-spodniczki","8":"first","9":"instock","10":"purchasable","11":"product-type-simple"},"_links":{"self":[{"href":"https:\/\/madelinefashion.pl\/en\/wp-json\/wp\/v2\/product\/45227","targetHints":{"allow":["GET"]}}],"collection":[{"href":"https:\/\/madelinefashion.pl\/en\/wp-json\/wp\/v2\/product"}],"about":[{"href":"https:\/\/madelinefashion.pl\/en\/wp-json\/wp\/v2\/types\/product"}],"wp:featuredmedia":[{"embeddable":true,"href":"https:\/\/madelinefashion.pl\/en\/wp-json\/wp\/v2\/media\/45202"}],"wp:attachment":[{"href":"https:\/\/madelinefashion.pl\/en\/wp-json\/wp\/v2\/media?parent=45227"}],"wp:term":[{"taxonomy":"product_brand","embeddable":true,"href":"https:\/\/madelinefashion.pl\/en\/wp-json\/wp\/v2\/product_brand?post=45227"},{"taxonomy":"product_cat","embeddable":true,"href":"https:\/\/madelinefashion.pl\/en\/wp-json\/wp\/v2\/product_cat?post=45227"},{"taxonomy":"product_tag","embeddable":true,"href":"https:\/\/madelinefashion.pl\/en\/wp-json\/wp\/v2\/product_tag?post=45227"}],"curies":[{"name":"wp","href":"https:\/\/api.w.org\/{rel}","templated":true}]}}