{"id":4606,"date":"2021-01-21T17:51:14","date_gmt":"2021-01-21T16:51:14","guid":{"rendered":"https:\/\/madelinefashion.pl\/?post_type=product&#038;p=4606"},"modified":"2025-10-14T12:11:52","modified_gmt":"2025-10-14T10:11:52","slug":"spodnica-zamszowa-z-guzikami-szara","status":"publish","type":"product","link":"https:\/\/madelinefashion.pl\/en\/product\/spodnica-zamszowa-z-guzikami-szara\/","title":{"rendered":"Gray suede skirt with buttons"},"content":{"rendered":"<h3 style=\"text-align: center;\">Gray suede skirt with buttons<\/h3>\n<p style=\"text-align: center;\"><strong>Suede skirt<\/strong>\u00a0it is a perfect proposition for both elegant and casual shirts <a href=\"https:\/\/madelinefashion.pl\/en\/casual-clothes\/t-shirty\/\">t-shirt<\/a>. A gray suede skirt allows you to create perfect sets. You will certainly find in our E-shop <a href=\"https:\/\/madelinefashion.pl\/en\/bluzki-2\/koszule\/\">women&#039;s shirts<\/a> and accessories that will emphasize the elegance of the skirt. Universal, and at the same time very stylish and feminine. Beautifully emphasizes the waist, it can be both an element of spring styling and part of an autumn wardrobe, it is also perfect for winter days. A feminine skirt made of pleasant suede with buttons and a zipper at the back.<\/p>\n<h3 style=\"text-align: center;\">Dimensions:<\/h3>\n<ul style=\"text-align: center;\">\n<li>overall length: 49 cm<\/li>\n<li>waist width 35 - 41 cm x2<\/li>\n<\/ul>\n<p style=\"text-align: center;\"><span style=\"font-size: 10pt;\">Dimensions may slightly differ from the given +\/- 2cm. All dimensions given are measured flat.<\/span><\/p>\n<p style=\"text-align: center;\"><span style=\"font-size: 10pt;\">\u00a0<\/span><\/p>\n<p style=\"text-align: center;\"><span style=\"font-size: 10pt;\">\u00a0<\/span><\/p>\n<table width=\"617\">\n<tbody>\n<tr>\n<td width=\"302\">Model name<\/td>\n<td width=\"302\">Suede skirt with buttons<\/td>\n<\/tr>\n<tr>\n<td width=\"302\">Color<\/td>\n<td width=\"302\">Gray<\/td>\n<\/tr>\n<tr>\n<td width=\"302\">Sizes<\/td>\n<td width=\"302\">Universal<\/td>\n<\/tr>\n<tr>\n<td width=\"302\">Fashion<\/td>\n<td width=\"302\">Oversize<\/td>\n<\/tr>\n<tr>\n<td width=\"302\">Material<\/td>\n<td width=\"302\">Suede<\/td>\n<\/tr>\n<\/tbody>\n<\/table>\n<p style=\"text-align: center;\"><span style=\"font-size: 10pt;\">\u00a0<\/span><\/p>\n<p>&nbsp;<\/p>\n<p style=\"text-align: center;\">\u00a0The model has\u00a0<strong>165<\/strong>\u00a0cm tall, wears a size every day\u00a0<strong>S.<\/strong><\/p>","protected":false},"excerpt":{"rendered":"<p>Sp\u00f3dnica Zamszowa z Guzikami Szara Sp\u00f3dnica zamszowa\u00a0to idealna propozycja zar\u00f3wno do eleganckiej koszuli, jak i zwyk\u0142ego t-shirtu. Zamszowa sp\u00f3dnica w kolorze szarym pozwala tworzy\u0107 idealne zestawy. Z pewno\u015bci\u0105 w naszym E-sklepie znajdziesz koszule damskie i akcesoria, kt\u00f3re podkre\u015bl\u0105 elegancj\u0119 sp\u00f3dnicy. Uniwersalna, a jednocze\u015bnie bardzo stylowa i kobieca. Pi\u0119knie podkre\u015bla tali\u0119 mo\u017ce by\u0107 zar\u00f3wno elementem wiosennych<\/p>\n<div class=\"klb-readmore post-buttons\"><a class=\"button black outline size-sm\" href=\"https:\/\/madelinefashion.pl\/en\/product\/spodnica-zamszowa-z-guzikami-szara\/\">Read More <i class=\"klbth-icon-right-arrow\"><\/i><\/a><\/div>","protected":false},"featured_media":11964,"template":"","meta":[],"product_brand":[],"product_cat":[107],"product_tag":[],"class_list":{"0":"post-4606","1":"product","2":"type-product","3":"status-publish","4":"has-post-thumbnail","6":"product_cat-spodnice-i-spodniczki","8":"first","9":"instock","10":"purchasable","11":"product-type-simple"},"_links":{"self":[{"href":"https:\/\/madelinefashion.pl\/en\/wp-json\/wp\/v2\/product\/4606","targetHints":{"allow":["GET"]}}],"collection":[{"href":"https:\/\/madelinefashion.pl\/en\/wp-json\/wp\/v2\/product"}],"about":[{"href":"https:\/\/madelinefashion.pl\/en\/wp-json\/wp\/v2\/types\/product"}],"wp:featuredmedia":[{"embeddable":true,"href":"https:\/\/madelinefashion.pl\/en\/wp-json\/wp\/v2\/media\/11964"}],"wp:attachment":[{"href":"https:\/\/madelinefashion.pl\/en\/wp-json\/wp\/v2\/media?parent=4606"}],"wp:term":[{"taxonomy":"product_brand","embeddable":true,"href":"https:\/\/madelinefashion.pl\/en\/wp-json\/wp\/v2\/product_brand?post=4606"},{"taxonomy":"product_cat","embeddable":true,"href":"https:\/\/madelinefashion.pl\/en\/wp-json\/wp\/v2\/product_cat?post=4606"},{"taxonomy":"product_tag","embeddable":true,"href":"https:\/\/madelinefashion.pl\/en\/wp-json\/wp\/v2\/product_tag?post=4606"}],"curies":[{"name":"wp","href":"https:\/\/api.w.org\/{rel}","templated":true}]}}