{"id":4621,"date":"2021-01-21T18:09:45","date_gmt":"2021-01-21T17:09:45","guid":{"rendered":"https:\/\/madelinefashion.pl\/?post_type=product&#038;p=4621"},"modified":"2025-10-14T12:11:51","modified_gmt":"2025-10-14T10:11:51","slug":"spodnica-plisowana-moe-czarna","status":"publish","type":"product","link":"https:\/\/madelinefashion.pl\/en\/product\/spodnica-plisowana-moe-czarna\/","title":{"rendered":"Black Moe Pleated Skirt"},"content":{"rendered":"<h2 style=\"text-align: center;\">Black Moe Pleated Skirt<\/h2>\n<p style=\"text-align: center;\"><strong>Black brocade pleated skirt <\/strong>it is a perfect proposition for a disco, a city and a date. Light, airy, it will give you freedom in any situation. <strong>Universal<\/strong>and at the same time very stylish and feminine. <strong>Pleated skirt<\/strong>\u00a0perfectly<strong>\u00a0<\/strong>it will work all year round. It can be both an element of spring stylizations and an autumn wardrobe. The skirt has a loose cut. <strong>Elastic at the waist<\/strong> nicely emphasizes the waist and keeps the skirt well in place.<\/p>\n<h3 style=\"text-align: center;\">Dimensions:<\/h3>\n<ul style=\"text-align: center;\">\n<li><span style=\"font-size: 10pt;\">\u00a0\u00a0\u00a0\u00a0\u00a0\u00a0\u00a0 overall length: 80 cm\u00a0<\/span><\/li>\n<li><span style=\"font-size: 10pt;\">\u00a0\u00a0\u00a0\u00a0\u00a0\u00a0\u00a0 waist width 36-48 cm\u00a0<\/span><\/li>\n<li><span style=\"font-size: 10pt;\">\u00a0\u00a0\u00a0\u00a0\u00a0\u00a0\u00a0 lining length 73 cm<\/span><\/li>\n<\/ul>\n<p style=\"text-align: center;\"><span style=\"font-size: 10pt;\">Dimensions may slightly differ from the given +\/- 2cm. All dimensions given are measured flat.<\/span><\/p>\n<p style=\"text-align: center;\"><span style=\"font-size: 10pt;\">\u00a0<\/span><\/p>\n<p style=\"text-align: center;\"><span style=\"font-size: 10pt;\">\u00a0<\/span><\/p>\n<table style=\"margin-left: auto; margin-right: auto;\">\n<tbody>\n<tr>\n<td width=\"302\"><span style=\"font-size: 10pt;\">Model name<\/span><\/td>\n<td width=\"302\">Pleated skirt Moe<\/td>\n<\/tr>\n<tr>\n<td width=\"302\"><span style=\"font-size: 10pt;\">Color<\/span><\/td>\n<td width=\"302\"><span style=\"font-size: 10pt;\">Black<\/span><\/td>\n<\/tr>\n<tr>\n<td width=\"302\"><span style=\"font-size: 10pt;\">Sizes<\/span><\/td>\n<td width=\"302\"><span style=\"font-size: 10pt;\">Universal<\/span><\/td>\n<\/tr>\n<tr>\n<td width=\"302\"><span style=\"font-size: 10pt;\">Fashion<\/span><\/td>\n<td width=\"302\"><span style=\"font-size: 10pt;\">Oversize<\/span><\/td>\n<\/tr>\n<tr>\n<td width=\"302\"><span style=\"font-size: 10pt;\">Material<\/span><\/td>\n<td width=\"302\"><span style=\"font-size: 10pt;\">100 % Polyester\u00a0<\/span><\/td>\n<\/tr>\n<\/tbody>\n<\/table>\n<p style=\"text-align: center;\"><span style=\"font-size: 10pt;\">\u00a0<\/span><\/p>\n<p style=\"text-align: center;\"><span style=\"font-size: 10pt;\">\u00a0<strong>Recommended<\/strong> for people wearing size from\u00a0<strong>S.\u00a0<\/strong>down\u00a0<strong>XL<\/strong><\/span><\/p>\n<p style=\"text-align: center;\"><span style=\"font-size: 10pt;\">\u00a0<\/span><\/p>\n<p style=\"text-align: center;\"><span style=\"font-size: 10pt;\">\u00a0<\/span><\/p>\n<p style=\"text-align: center;\"><span style=\"font-size: 10pt;\">\u00a0<\/span><\/p>","protected":false},"excerpt":{"rendered":"<p>Sp\u00f3dnica Plisowana Moe Czarna Sp\u00f3dnica plisowana czarna brokatowa to idealna propozycja na dyskotek\u0119, na miasto i na randk\u0119. Lekka, zwiewna, zapewni ci swobod\u0119 w ka\u017cdej sytuacji. Uniwersalna, a jednocze\u015bnie bardzo stylowa i kobieca. Plisowana sp\u00f3dnica\u00a0idealnie\u00a0sprawdzi si\u0119\u00a0 przez ca\u0142y rok. Mo\u017ce by\u0107 zar\u00f3wno elementem wiosennych stylizacji, jak i cz\u0119\u015bci\u0105 jesiennej garderoby. Sp\u00f3dnica posiada lu\u017any kr\u00f3j. Gumka<\/p>\n<div class=\"klb-readmore post-buttons\"><a class=\"button black outline size-sm\" href=\"https:\/\/madelinefashion.pl\/en\/product\/spodnica-plisowana-moe-czarna\/\">Read More <i class=\"klbth-icon-right-arrow\"><\/i><\/a><\/div>","protected":false},"featured_media":4608,"template":"","meta":[],"product_brand":[],"product_cat":[107],"product_tag":[],"class_list":{"0":"post-4621","1":"product","2":"type-product","3":"status-publish","4":"has-post-thumbnail","6":"product_cat-spodnice-i-spodniczki","8":"first","9":"instock","10":"purchasable","11":"product-type-simple"},"_links":{"self":[{"href":"https:\/\/madelinefashion.pl\/en\/wp-json\/wp\/v2\/product\/4621","targetHints":{"allow":["GET"]}}],"collection":[{"href":"https:\/\/madelinefashion.pl\/en\/wp-json\/wp\/v2\/product"}],"about":[{"href":"https:\/\/madelinefashion.pl\/en\/wp-json\/wp\/v2\/types\/product"}],"wp:featuredmedia":[{"embeddable":true,"href":"https:\/\/madelinefashion.pl\/en\/wp-json\/wp\/v2\/media\/4608"}],"wp:attachment":[{"href":"https:\/\/madelinefashion.pl\/en\/wp-json\/wp\/v2\/media?parent=4621"}],"wp:term":[{"taxonomy":"product_brand","embeddable":true,"href":"https:\/\/madelinefashion.pl\/en\/wp-json\/wp\/v2\/product_brand?post=4621"},{"taxonomy":"product_cat","embeddable":true,"href":"https:\/\/madelinefashion.pl\/en\/wp-json\/wp\/v2\/product_cat?post=4621"},{"taxonomy":"product_tag","embeddable":true,"href":"https:\/\/madelinefashion.pl\/en\/wp-json\/wp\/v2\/product_tag?post=4621"}],"curies":[{"name":"wp","href":"https:\/\/api.w.org\/{rel}","templated":true}]}}